{"id":5749,"date":"2024-02-14T08:01:32","date_gmt":"2024-02-14T13:01:32","guid":{"rendered":"https:\/\/floridalawyers360.com\/clermont\/clermont-personal-injury-lawyer\/"},"modified":"2024-03-11T08:03:05","modified_gmt":"2024-03-11T13:03:05","slug":"abogado-de-lesiones-personales","status":"publish","type":"page","link":"https:\/\/floridalawyers360.com\/es\/clermont\/abogado-de-lesiones-personales\/","title":{"rendered":"Clermont Abogado de lesiones personales"},"content":{"rendered":"<p>Nuestros abogados de lesiones personales de Clermont ayudan a las v\u00edctimas a presentar reclamaciones de indemnizaci\u00f3n tras una lesi\u00f3n o accidente causado por negligencia. Estos casos pueden ser presentados en la corte civil o fuera de la corte de acuerdo a las condiciones de un acuerdo.<\/p>\n<p>Los casos de lesiones personales pueden ser tan diversos como la posibilidad de que una persona se lesione. Los casos de lesiones personales pueden incluir casos de accidentes automovil\u00edsticos\/lesiones negligencia m\u00e9dica, responsabilidad de las instalaciones (resbalones y ca\u00eddas), as\u00ed como la responsabilidad del producto, as\u00ed como lesiones en el lugar de trabajo.<\/p>\n<p>El equipo de Florida Lawyers 360 es muy competente en el manejo de casos relacionados con la indemnizaci\u00f3n de los trabajadores, lesiones personales y accidentes automovil\u00edsticos. Si usted fue lastimado debido a la negligencia de otra persona llame a nuestro bufete de abogados de lesiones personales Clermont hoy para una cita para una consulta sin costo.<\/p>\n\t\t<div data-elementor-type=\"section\" data-elementor-id=\"208\" class=\"elementor elementor-208\" data-elementor-post-type=\"elementor_library\">\n\t\t\t\t\t<section class=\"elementor-section elementor-top-section elementor-element elementor-element-485e576a elementor-section-boxed elementor-section-height-default elementor-section-height-default\" data-id=\"485e576a\" data-element_type=\"section\" data-e-type=\"section\">\n\t\t\t\t\t\t<div class=\"elementor-container elementor-column-gap-default\">\n\t\t\t\t\t<div class=\"elementor-column elementor-col-100 elementor-top-column elementor-element elementor-element-635c38c0\" data-id=\"635c38c0\" data-element_type=\"column\" data-e-type=\"column\">\n\t\t\t<div class=\"elementor-widget-wrap elementor-element-populated\">\n\t\t\t\t\t\t<div class=\"elementor-element elementor-element-3ba95c8a elementor-toc--minimized-on-tablet elementor-widget elementor-widget-table-of-contents\" data-id=\"3ba95c8a\" data-element_type=\"widget\" data-e-type=\"widget\" data-settings=\"{&quot;exclude_headings_by_selector&quot;:&quot;.toc-remove&quot;,&quot;headings_by_tags&quot;:[&quot;h2&quot;,&quot;h3&quot;],&quot;marker_view&quot;:&quot;numbers&quot;,&quot;no_headings_message&quot;:&quot;No se ha encontrado ning\\u00fan encabezado en esta p\\u00e1gina.&quot;,&quot;minimize_box&quot;:&quot;yes&quot;,&quot;minimized_on&quot;:&quot;tablet&quot;,&quot;hierarchical_view&quot;:&quot;yes&quot;,&quot;min_height&quot;:{&quot;unit&quot;:&quot;px&quot;,&quot;size&quot;:&quot;&quot;,&quot;sizes&quot;:[]},&quot;min_height_tablet&quot;:{&quot;unit&quot;:&quot;px&quot;,&quot;size&quot;:&quot;&quot;,&quot;sizes&quot;:[]},&quot;min_height_mobile&quot;:{&quot;unit&quot;:&quot;px&quot;,&quot;size&quot;:&quot;&quot;,&quot;sizes&quot;:[]}}\" data-widget_type=\"table-of-contents.default\">\n\t\t\t\t\t\t\t\t\t<div class=\"elementor-toc__header\">\n\t\t\t\t\t\t<div class=\"elementor-toc__header-title\">\n\t\t\t\tTable of Contents\t\t\t<\/div>\n\t\t\t\t\t\t\t\t\t\t<div class=\"elementor-toc__toggle-button elementor-toc__toggle-button--expand\" role=\"button\" tabindex=\"0\" aria-controls=\"elementor-toc__3ba95c8a\" aria-expanded=\"true\" aria-label=\"Abrir la tabla de contenidos\"><svg aria-hidden=\"true\" class=\"e-font-icon-svg e-fas-chevron-down\" viewBox=\"0 0 448 512\" xmlns=\"http:\/\/www.w3.org\/2000\/svg\"><path d=\"M207.029 381.476L12.686 187.132c-9.373-9.373-9.373-24.569 0-33.941l22.667-22.667c9.357-9.357 24.522-9.375 33.901-.04L224 284.505l154.745-154.021c9.379-9.335 24.544-9.317 33.901.04l22.667 22.667c9.373 9.373 9.373 24.569 0 33.941L240.971 381.476c-9.373 9.372-24.569 9.372-33.942 0z\"><\/path><\/svg><\/div>\n\t\t\t\t<div class=\"elementor-toc__toggle-button elementor-toc__toggle-button--collapse\" role=\"button\" tabindex=\"0\" aria-controls=\"elementor-toc__3ba95c8a\" aria-expanded=\"true\" aria-label=\"Cerrar la tabla de contenidos\"><svg aria-hidden=\"true\" class=\"e-font-icon-svg e-fas-chevron-up\" viewBox=\"0 0 448 512\" xmlns=\"http:\/\/www.w3.org\/2000\/svg\"><path d=\"M240.971 130.524l194.343 194.343c9.373 9.373 9.373 24.569 0 33.941l-22.667 22.667c-9.357 9.357-24.522 9.375-33.901.04L224 227.495 69.255 381.516c-9.379 9.335-24.544 9.317-33.901-.04l-22.667-22.667c-9.373-9.373-9.373-24.569 0-33.941L207.03 130.525c9.372-9.373 24.568-9.373 33.941-.001z\"><\/path><\/svg><\/div>\n\t\t\t\t\t<\/div>\n\t\t\t\t<div id=\"elementor-toc__3ba95c8a\" class=\"elementor-toc__body\">\n\t\t\t<div class=\"elementor-toc__spinner-container\">\n\t\t\t\t<svg class=\"elementor-toc__spinner eicon-animation-spin e-font-icon-svg e-eicon-loading\" aria-hidden=\"true\" viewBox=\"0 0 1000 1000\" xmlns=\"http:\/\/www.w3.org\/2000\/svg\"><path d=\"M500 975V858C696 858 858 696 858 500S696 142 500 142 142 304 142 500H25C25 237 238 25 500 25S975 237 975 500 763 975 500 975Z\"><\/path><\/svg>\t\t\t<\/div>\n\t\t<\/div>\n\t\t\t\t\t\t<\/div>\n\t\t\t\t\t<\/div>\n\t\t<\/div>\n\t\t\t\t\t<\/div>\n\t\t<\/section>\n\t\t\t\t<\/div>\n\t\t\n<h2>\u00bfCu\u00e1ndo debe ponerse en contacto con un abogado de lesiones personales de Clermont?<\/h2>\n<p>La respuesta simple es tan r\u00e1pido como pueda. Si usted ha sido lesionado en una demanda por lesiones personales en Florida es imperativo actuar con rapidez. Hay una variedad de razones. En primer lugar, un abogado de lesiones personales con experiencia puede ayudarle a presentar su demanda tan pronto como pueda.<\/p>\n<p>Puede llevar tiempo reunir historiales m\u00e9dicos, obtener declaraciones de testigos y llevar a cabo una investigaci\u00f3n sobre las causas del incidente. Cuanto m\u00e1s tiempo dedique su abogado a esto, m\u00e1s eficaz ser\u00e1. Adem\u00e1s, debe actuar con rapidez, ya que las pruebas pueden desaparecer f\u00e1cilmente.<\/p>\n<p>Su abogado debe empezar a buscar lo antes posible para asegurarse de que se localizan y conservan los testigos, las fotos o los v\u00eddeos. Es menos probable cuanto m\u00e1s tiempo pase.<\/p>\n<p>Cuanto antes se ponga en contacto con un abogado de lesiones personales, antes podr\u00e1 olvidarse del plazo para presentar una demanda.<\/p>\n<p>Su abogado estar\u00e1 entonces al tanto del asunto, as\u00ed como de cualquier plazo que sea importante, y se asegurar\u00e1 de que los plazos se cumplan con tiempo suficiente. Se convierte en un peso menos sobre sus hombros.<\/p>\n<p><a href=\"https:\/\/floridalawyers360.com\/wp-content\/uploads\/2024\/02\/clermont-personal-injury1-copy.webp\"><img fetchpriority=\"high\" decoding=\"async\" class=\"alignnone size-full wp-image-2878\" src=\"https:\/\/floridalawyers360.com\/wp-content\/uploads\/2024\/02\/clermont-personal-injury1-copy.webp\" alt=\"Back injury suffered from heavy lifting\" width=\"500\" height=\"334\" srcset=\"https:\/\/floridalawyers360.com\/wp-content\/uploads\/2024\/02\/clermont-personal-injury1-copy.webp 500w, https:\/\/floridalawyers360.com\/wp-content\/uploads\/2024\/02\/clermont-personal-injury1-copy-300x200.webp 300w\" sizes=\"(max-width: 500px) 100vw, 500px\" \/><\/a><\/p>\n<h2>\u00bfCual es la Responsabilidad en un Caso de Lesiones Personales?<\/h2>\n<p>Para responsabilizar a la parte responsable y recibir compensaci\u00f3n en caso de una lesi\u00f3n, su abogado de lesiones personales de Clermont debe demostrar los cuatro elementos de negligencia:<\/p>\n<ul>\n<li>Deber de diligencia: Esto significa que la persona culpable ten\u00eda la responsabilidad de protegerte de cualquier da\u00f1o. Un buen ejemplo es que los automovilistas deben obedecer<\/li>\n<li>las leyes de tr\u00e1fico.<\/li>\n<li>Infracci\u00f3n del deber: La persona responsable no cumpli\u00f3 con su deber de cuidado.<\/li>\n<li>La causa de su lesi\u00f3n se debe a su comportamiento negligente.<\/li>\n<li>Da\u00f1os y perjuicios: Usted ha sufrido da\u00f1os como p\u00e9rdidas econ\u00f3micas y sufrimiento.<\/li>\n<\/ul>\n<h2>\u00bfPuedo presentar una demanda si soy parcialmente responsable de la lesi\u00f3n que he sufrido?<\/h2>\n<p>Cuando se trata de casos de lesiones personales, hay ciertos casos en los que una persona es totalmente culpable, mientras que la otra est\u00e1 completamente libre de culpa. Sin embargo, no siempre es as\u00ed.<\/p>\n<p>En algunos estados, esto puede causar graves problemas para los que sufren de lesiones personales, lo que resulta en las reclamaciones de indemnizaci\u00f3n denegada en los tribunales. En Carolina del Norte, por ejemplo, si se determina que s\u00f3lo el 1% de la culpa es del demandante, se desestima toda la demanda.<\/p>\n<p>Florida es un estado que se distingue de los dem\u00e1s. Se debe a que Florida se encuentra entre los 13 estados que han adoptado un sistema basado en la negligencia comparativa. Esto significa que cualquiera puede interponer una demanda contra otra persona, aunque sea parcialmente responsable del incidente.<\/p>\n<p>Queda bien ilustrado en un caso en el que un accidente de coche fue el resultado de una conducci\u00f3n negligente. Se descubri\u00f3 que el conductor estaba girando por delante del conductor que no utilizaba el intermitente.<\/p>\n<p>En este caso, el jurado podr\u00eda decidir que la v\u00edctima era responsable del 10% de los da\u00f1os, culpable del accidente y asignar al conductor causante del mismo el 90% de la responsabilidad.<\/p>\n<p>En ese caso, si el jurado considera que el caso tiene un valor de 100.000 d\u00f3lares, la v\u00edctima cobrar\u00e1 90.000 d\u00f3lares, reduci\u00e9ndose su parte de responsabilidad en la cuant\u00eda de los da\u00f1os concedidos.<\/p>\n<p><a href=\"https:\/\/floridalawyers360.com\/wp-content\/uploads\/2024\/02\/clermont-personal-injury2-copy.webp\"><img decoding=\"async\" class=\"alignnone size-full wp-image-2877\" src=\"https:\/\/floridalawyers360.com\/wp-content\/uploads\/2024\/02\/clermont-personal-injury2-copy.webp\" alt=\"personal injury Lawyer\" width=\"500\" height=\"334\" srcset=\"https:\/\/floridalawyers360.com\/wp-content\/uploads\/2024\/02\/clermont-personal-injury2-copy.webp 500w, https:\/\/floridalawyers360.com\/wp-content\/uploads\/2024\/02\/clermont-personal-injury2-copy-300x200.webp 300w\" sizes=\"(max-width: 500px) 100vw, 500px\" \/><\/a><\/p>\n<h2>Negligencia Comparativa Pura<\/h2>\n<p>Florida permite a aquellos que son parcialmente responsables de sus lesiones reclamar da\u00f1os y perjuicios al estado. Sin embargo, el estado va un paso m\u00e1s all\u00e1, permitiendo que alguien demande aunque sea m\u00e1s responsable que el otro.<\/p>\n<p>Florida tiene una estricta ley de negligencia comparativa que permite a una persona recuperar los da\u00f1os, incluso si son 100 por ciento responsable.<\/p>\n<p>Es crucial tener en cuenta que en estos casos la cantidad que una persona tiene derecho a recuperar se reducir\u00e1 en funci\u00f3n de la cantidad de responsabilidad. Es crucial elegir un abogado de lesiones personales competente para llevar su caso.<\/p>\n<h2>\u00bfCu\u00e1nto vale mi caso de lesiones personales?<\/h2>\n<p>Aunque es una cuesti\u00f3n t\u00edpica, no es una que pueda responderse conociendo los detalles de su caso en particular. Esto se debe a que no existe una f\u00f3rmula clara para saber cu\u00e1nto vale una demanda por lesiones.<\/p>\n<p>Hay una variedad de factores que entran en la determinaci\u00f3n de cu\u00e1nto usted podr\u00e1 conseguir y es mejor consultar a un abogado bien informado de los da\u00f1os corporales sobre el caso espec\u00edfico que usted tiene.<\/p>\n<h2>\u00bfQu\u00e9 da\u00f1os y perjuicios puedo reclamar en una demanda por lesiones personales?<\/h2>\n<p>Dependiendo de los hechos de cada caso, es probable que se conceda a las v\u00edctimas una o varias de las tres indemnizaciones.<\/p>\n<h3>Da\u00f1os econ\u00f3micos<\/h3>\n<p>Son partidas que se pueden sumar y restar, es decir, da\u00f1os evidentes y tangibles. Incluyen las facturas m\u00e9dicas, las facturas del m\u00e9dico y los gastos de rehabilitaci\u00f3n. Tambi\u00e9n incluyen da\u00f1os a la propiedad, tiempo de baja laboral y otros da\u00f1os.<\/p>\n<h3>Da\u00f1os no econ\u00f3micos<\/h3>\n<p>Los da\u00f1os no econ\u00f3micos no pueden medirse econ\u00f3micamente. Incluyen cosas como el dolor y el sufrimiento, y la reducci\u00f3n de la capacidad de ganancia. No es f\u00e1cil calcular el valor de estas cosas, por lo que es m\u00e1s frecuente que los implicados en una demanda por lesiones personales debatan sobre ellas.<\/p>\n<h3>Da\u00f1os punitivos<\/h3>\n<p>A diferencia de los otros dos tipos de da\u00f1os, los da\u00f1os punitivos no est\u00e1n dise\u00f1ados para pagar a la v\u00edctima. S\u00f3lo se utilizan en algunos casos para castigar a la parte responsable por incompetencia grave o mala conducta deliberada.<\/p>\n<h2>\u00bfDebe Aceptar la Oferta de Acuerdo?<\/h2>\n<p>La verdad es que la mayor\u00eda de los casos nunca van ante el juez, y hay abogados expertos en lesiones personales en Clermont que trabajan junto con las compa\u00f1\u00edas de seguros con el fin de llegar a acuerdos razonables por su cuenta reduciendo el tiempo y los costos asociados con los procedimientos judiciales.<\/p>\n<p>Aunque cada caso es \u00fanico, sin embargo, casi nunca es una excelente idea firmar cualquier oferta de acuerdo. La mayor\u00eda de las ofertas de acuerdo se crean con la expectativa de que la otra parte contraataque, y suelen ser muy bajas, lo que deja margen para negociar al alza.<\/p>\n<p>Otro problema de apresurarse a aceptar una oferta demasiado r\u00e1pido es que usted podr\u00eda llegar a un acuerdo antes de conocer la gravedad de sus lesiones. Esto podr\u00eda acarrearle lesiones graves en caso de que llegue a un acuerdo y m\u00e1s tarde descubra que necesita m\u00e1s tratamiento m\u00e9dico.<\/p>\n<p>El cliente es responsable de los gastos en que se incurra si ya se ha llegado a un acuerdo. Es importante que busque un abogado experto en lesiones personales de Florida que revise el caso y luego discuta las ofertas de acuerdo.<\/p>\n<p>Nuestros abogados personales de Clermont tendr\u00e1n la habilidad y experiencia para saber si la oferta es justa y ayudarle a tomar una decisi\u00f3n informada sobre si aceptar la oferta tiene m\u00e1s sentido para usted.<\/p>\n<p><a href=\"https:\/\/floridalawyers360.com\/wp-content\/uploads\/2024\/02\/clermont-personal-injury3-copy.webp\"><img decoding=\"async\" class=\"alignnone size-full wp-image-2876\" src=\"https:\/\/floridalawyers360.com\/wp-content\/uploads\/2024\/02\/clermont-personal-injury3-copy.webp\" alt=\"When to file a personal injury claim\" width=\"500\" height=\"334\" srcset=\"https:\/\/floridalawyers360.com\/wp-content\/uploads\/2024\/02\/clermont-personal-injury3-copy.webp 500w, https:\/\/floridalawyers360.com\/wp-content\/uploads\/2024\/02\/clermont-personal-injury3-copy-300x200.webp 300w\" sizes=\"(max-width: 500px) 100vw, 500px\" \/><\/a><\/p>\n<h2>Cu\u00e1ndo es el \u00faltimo d\u00eda para presentar una demanda por lesiones personales en Florida<\/h2>\n<p>Cuando se trata de demandas por lesiones personales en Florida es vital. Esto se debe a que el estatuto de limitaci\u00f3n establece la fecha l\u00edmite para que los demandantes presenten demandas. En Florida, las v\u00edctimas de lesiones personales tienen cuatro a\u00f1os a partir de la fecha de la lesi\u00f3n para presentar una demanda contra la parte responsable.<\/p>\n<p>El plazo para presentar una demanda puede variar en funci\u00f3n de los hechos del incidente y del tipo de lesi\u00f3n sufrida. Si se trata de una muerte por negligencia, la familia de la v\u00edctima s\u00f3lo dispondr\u00e1 de dos a\u00f1os para interponer una demanda.<\/p>\n<h2>\u00bfQu\u00e9 consecuencias tiene la prescripci\u00f3n?<\/h2>\n<p>Los plazos de prescripci\u00f3n son esenciales y evitan que la gente presente reclamaciones durante a\u00f1os, o a\u00f1os despu\u00e9s de los hechos. Si usted retrasa la presentaci\u00f3n de una reclamaci\u00f3n hasta despu\u00e9s de que el estatuto de limitaciones expire, entonces su reclamaci\u00f3n ser\u00e1 negada en la corte, no importa que tan bueno sea el caso que usted tenga.<\/p>\n<p>La buena noticia es que el estatuto no requiere que usted presente su reclamo dentro de la fecha especificada.<\/p>\n<h2>Llegar a la Firma de Lesiones Personales Clermont<\/h2>\n<p>Si usted ha sufrido lesiones debido a la conducta negligente o imprudente de otra persona, nuestro equipo en Florida Lawyers 360 est\u00e1 aqu\u00ed para ayudar. Nos esforzamos por ofrecer resultados sobresalientes, atenci\u00f3n personal e integridad sin concesiones.<\/p>\n<p>Estamos disponibles 24\/7. P\u00f3ngase en contacto con nosotros para concertar una revisi\u00f3n de su caso sin costo alguno al <a href=\"tel:+19544487355\"><i class=\"fa fa-phone-alt\"><\/i>954-448-7355<\/a>.<\/p>\n","protected":false},"excerpt":{"rendered":"<p>Nuestros abogados de lesiones personales de Clermont ayudan a las v\u00edctimas a presentar reclamaciones de indemnizaci\u00f3n tras una lesi\u00f3n o accidente causado por negligencia. Estos casos pueden ser presentados en la corte civil o fuera de la corte de acuerdo a las condiciones de un acuerdo. Los casos de lesiones personales pueden ser tan diversos [&hellip;]<\/p>\n","protected":false},"author":22,"featured_media":0,"parent":5743,"menu_order":0,"comment_status":"closed","ping_status":"closed","template":"","meta":{"_acf_changed":false,"anchor_text":"","footnotes":""},"categories":[],"tags":[],"class_list":["post-5749","page","type-page","status-publish","hentry"],"acf":[],"_links":{"self":[{"href":"https:\/\/floridalawyers360.com\/es\/wp-json\/wp\/v2\/pages\/5749","targetHints":{"allow":["GET"]}}],"collection":[{"href":"https:\/\/floridalawyers360.com\/es\/wp-json\/wp\/v2\/pages"}],"about":[{"href":"https:\/\/floridalawyers360.com\/es\/wp-json\/wp\/v2\/types\/page"}],"author":[{"embeddable":true,"href":"https:\/\/floridalawyers360.com\/es\/wp-json\/wp\/v2\/users\/22"}],"replies":[{"embeddable":true,"href":"https:\/\/floridalawyers360.com\/es\/wp-json\/wp\/v2\/comments?post=5749"}],"version-history":[{"count":3,"href":"https:\/\/floridalawyers360.com\/es\/wp-json\/wp\/v2\/pages\/5749\/revisions"}],"predecessor-version":[{"id":5752,"href":"https:\/\/floridalawyers360.com\/es\/wp-json\/wp\/v2\/pages\/5749\/revisions\/5752"}],"up":[{"embeddable":true,"href":"https:\/\/floridalawyers360.com\/es\/wp-json\/wp\/v2\/pages\/5743"}],"wp:attachment":[{"href":"https:\/\/floridalawyers360.com\/es\/wp-json\/wp\/v2\/media?parent=5749"}],"wp:term":[{"taxonomy":"category","embeddable":true,"href":"https:\/\/floridalawyers360.com\/es\/wp-json\/wp\/v2\/categories?post=5749"},{"taxonomy":"post_tag","embeddable":true,"href":"https:\/\/floridalawyers360.com\/es\/wp-json\/wp\/v2\/tags?post=5749"}],"curies":[{"name":"wp","href":"https:\/\/api.w.org\/{rel}","templated":true}]}}