{"id":5745,"date":"2024-02-14T08:00:38","date_gmt":"2024-02-14T13:00:38","guid":{"rendered":"https:\/\/floridalawyers360.com\/clermont\/clermont-car-accident-lawyer\/"},"modified":"2024-03-11T07:56:36","modified_gmt":"2024-03-11T12:56:36","slug":"clermont-abogado-de-accidente-de-coche","status":"publish","type":"page","link":"https:\/\/floridalawyers360.com\/es\/clermont\/clermont-abogado-de-accidente-de-coche\/","title":{"rendered":"Clermont Abogado de Accidente de Coche"},"content":{"rendered":"<p>Si usted ha estado involucrado en un accidente de coche Clermont o sufrido lesiones personales como resultado del curso de un accidente, puede que no sea consciente de que necesita un abogado Clermont. Usted puede pensar que usted es capaz de manejar la situaci\u00f3n por s\u00ed mismo.<\/p>\n<p>Si bien puede manejar el caso por s\u00ed mismo, pero se perder\u00e1 las ventajas de contratar a un abogado con experiencia en accidentes automovil\u00edsticos en Clermont que lo represente.<\/p>\n<p>Un abogado de accidentes automovil\u00edsticos en Florida es un experto en esta \u00e1rea. A trav\u00e9s de a\u00f1os de educaci\u00f3n los abogados pueden aplicar sus conocimientos en situaciones de la vida real y a menudo manejan cientos o incluso miles de casos similares a los suyos.<\/p>\n<p>Este tipo de experiencia es dif\u00edcil de duplicar , y ofrece enormes ventajas, incluyendo el conocimiento de las complejidades del complicado proceso que los abogados de lesiones personales manejan.<\/p>\n<p>Un bufete de abogados de lesiones personales confiable ser\u00e1 capaz de ayudarle, as\u00ed como encontrar un abogado Clermont para accidentes de coche. Sin embargo, es esencial encontrar un profesional experimentado para tomar parte de la carga de sus hombros.<\/p>\n<p>Un experimentado Clermont accidente de coche abogado s puede guiar a usted, sin tener que hacer un seguimiento de los plazos, presentar documentos, responder a las preguntas y manejar los ajustadores y las compa\u00f1\u00edas de seguros.<\/p>\n<p>Un abogado de lesiones personales Clermont puede ayudarle en la organizaci\u00f3n de todos los elementos de su reclamo. Esto le permitir\u00e1 concentrarse en la curaci\u00f3n de la lesi\u00f3n y seguir adelante con su vida.<\/p>\n\t\t<div data-elementor-type=\"section\" data-elementor-id=\"208\" class=\"elementor elementor-208\" data-elementor-post-type=\"elementor_library\">\n\t\t\t\t\t<section class=\"elementor-section elementor-top-section elementor-element elementor-element-485e576a elementor-section-boxed elementor-section-height-default elementor-section-height-default\" data-id=\"485e576a\" data-element_type=\"section\" data-e-type=\"section\">\n\t\t\t\t\t\t<div class=\"elementor-container elementor-column-gap-default\">\n\t\t\t\t\t<div class=\"elementor-column elementor-col-100 elementor-top-column elementor-element elementor-element-635c38c0\" data-id=\"635c38c0\" data-element_type=\"column\" data-e-type=\"column\">\n\t\t\t<div class=\"elementor-widget-wrap elementor-element-populated\">\n\t\t\t\t\t\t<div class=\"elementor-element elementor-element-3ba95c8a elementor-toc--minimized-on-tablet elementor-widget elementor-widget-table-of-contents\" data-id=\"3ba95c8a\" data-element_type=\"widget\" data-e-type=\"widget\" data-settings=\"{&quot;exclude_headings_by_selector&quot;:&quot;.toc-remove&quot;,&quot;headings_by_tags&quot;:[&quot;h2&quot;,&quot;h3&quot;],&quot;marker_view&quot;:&quot;numbers&quot;,&quot;no_headings_message&quot;:&quot;No se ha encontrado ning\\u00fan encabezado en esta p\\u00e1gina.&quot;,&quot;minimize_box&quot;:&quot;yes&quot;,&quot;minimized_on&quot;:&quot;tablet&quot;,&quot;hierarchical_view&quot;:&quot;yes&quot;,&quot;min_height&quot;:{&quot;unit&quot;:&quot;px&quot;,&quot;size&quot;:&quot;&quot;,&quot;sizes&quot;:[]},&quot;min_height_tablet&quot;:{&quot;unit&quot;:&quot;px&quot;,&quot;size&quot;:&quot;&quot;,&quot;sizes&quot;:[]},&quot;min_height_mobile&quot;:{&quot;unit&quot;:&quot;px&quot;,&quot;size&quot;:&quot;&quot;,&quot;sizes&quot;:[]}}\" data-widget_type=\"table-of-contents.default\">\n\t\t\t\t\t\t\t\t\t<div class=\"elementor-toc__header\">\n\t\t\t\t\t\t<div class=\"elementor-toc__header-title\">\n\t\t\t\tTable of Contents\t\t\t<\/div>\n\t\t\t\t\t\t\t\t\t\t<div class=\"elementor-toc__toggle-button elementor-toc__toggle-button--expand\" role=\"button\" tabindex=\"0\" aria-controls=\"elementor-toc__3ba95c8a\" aria-expanded=\"true\" aria-label=\"Abrir la tabla de contenidos\"><svg aria-hidden=\"true\" class=\"e-font-icon-svg e-fas-chevron-down\" viewBox=\"0 0 448 512\" xmlns=\"http:\/\/www.w3.org\/2000\/svg\"><path d=\"M207.029 381.476L12.686 187.132c-9.373-9.373-9.373-24.569 0-33.941l22.667-22.667c9.357-9.357 24.522-9.375 33.901-.04L224 284.505l154.745-154.021c9.379-9.335 24.544-9.317 33.901.04l22.667 22.667c9.373 9.373 9.373 24.569 0 33.941L240.971 381.476c-9.373 9.372-24.569 9.372-33.942 0z\"><\/path><\/svg><\/div>\n\t\t\t\t<div class=\"elementor-toc__toggle-button elementor-toc__toggle-button--collapse\" role=\"button\" tabindex=\"0\" aria-controls=\"elementor-toc__3ba95c8a\" aria-expanded=\"true\" aria-label=\"Cerrar la tabla de contenidos\"><svg aria-hidden=\"true\" class=\"e-font-icon-svg e-fas-chevron-up\" viewBox=\"0 0 448 512\" xmlns=\"http:\/\/www.w3.org\/2000\/svg\"><path d=\"M240.971 130.524l194.343 194.343c9.373 9.373 9.373 24.569 0 33.941l-22.667 22.667c-9.357 9.357-24.522 9.375-33.901.04L224 227.495 69.255 381.516c-9.379 9.335-24.544 9.317-33.901-.04l-22.667-22.667c-9.373-9.373-9.373-24.569 0-33.941L207.03 130.525c9.372-9.373 24.568-9.373 33.941-.001z\"><\/path><\/svg><\/div>\n\t\t\t\t\t<\/div>\n\t\t\t\t<div id=\"elementor-toc__3ba95c8a\" class=\"elementor-toc__body\">\n\t\t\t<div class=\"elementor-toc__spinner-container\">\n\t\t\t\t<svg class=\"elementor-toc__spinner eicon-animation-spin e-font-icon-svg e-eicon-loading\" aria-hidden=\"true\" viewBox=\"0 0 1000 1000\" xmlns=\"http:\/\/www.w3.org\/2000\/svg\"><path d=\"M500 975V858C696 858 858 696 858 500S696 142 500 142 142 304 142 500H25C25 237 238 25 500 25S975 237 975 500 763 975 500 975Z\"><\/path><\/svg>\t\t\t<\/div>\n\t\t<\/div>\n\t\t\t\t\t\t<\/div>\n\t\t\t\t\t<\/div>\n\t\t<\/div>\n\t\t\t\t\t<\/div>\n\t\t<\/section>\n\t\t\t\t<\/div>\n\t\t\n<h2>\u00bfQu\u00e9 hay que saber tras un accidente de coche?<\/h2>\n<p>Los accidentes automovil\u00edsticos son tratados por expertos legales personales todo el tiempo. Como ver\u00e1, los accidentes ocurren en Clermont, Florida todos los d\u00edas. Antes de llamar a un abogado de accidentes automovil\u00edsticos en Clermont, es importante determinar si usted necesita atenci\u00f3n m\u00e9dica si ha estado involucrado en un accidente automovil\u00edstico en Clermont.<\/p>\n<p>Es imperativo obtener ayuda m\u00e9dica si sospecha que el incidente fue grave. Esto es esencial para una variedad de razones. Mejora sus probabilidades de recibir tratamiento r\u00e1pidamente y minimiza cualquier lesi\u00f3n.<\/p>\n<p>Adem\u00e1s, registra tus lesiones tan pronto como se producen y crea un rastro de papel que puede ser \u00fatil m\u00e1s adelante en el futuro. Adem\u00e1s, impide que la aseguradora de la parte contraria afirme que tus lesiones no fueron causadas por el siniestro.<\/p>\n<p>Aunque el accidente de coche no haya sido lo bastante grave como para merecer una visita al m\u00e9dico, puedes prepararte para la posibilidad de una futura reclamaci\u00f3n por accidente. El primer paso es compartir informaci\u00f3n de contacto y otros detalles con el conductor culpable.<\/p>\n<p>Es fundamental intercambiar informaci\u00f3n sobre el seguro y los datos de contacto con el conductor culpable. Esto permitir\u00e1 a la compa\u00f1\u00eda de seguros que usted tenga presentar un parte de lesiones que le permitir\u00e1 tanto a usted como a su abogado determinar con qui\u00e9n ponerse en contacto.<\/p>\n<p>Tambi\u00e9n es esencial obtener los datos de contacto de cualquier persona que pudiera estar presente en el momento del incidente. Si alguna vez hay desacuerdo sobre lo ocurrido podr\u00edan ayudar.<\/p>\n<p>Si puedes, fotograf\u00eda ambos veh\u00edculos y el lugar del accidente. Anota tambi\u00e9n cualquier informaci\u00f3n que seas capaz de recordar inmediatamente despu\u00e9s de que ocurra el incidente.<\/p>\n<p>Detalles como si el conductor culpable iba distra\u00eddo, utilizando el tel\u00e9fono o excediendo la velocidad, as\u00ed como las condiciones meteorol\u00f3gicas, podr\u00edan ser extremadamente cruciales. Pero pueden perderse f\u00e1cilmente en el caos de un accidente. Es recomendable anotar todos los detalles que puedas tras un accidente.<\/p>\n<p><a href=\"https:\/\/floridalawyers360.com\/wp-content\/uploads\/2024\/02\/clermont-car-acc1-copy.webp\"><img fetchpriority=\"high\" decoding=\"async\" class=\"alignnone size-full wp-image-2873\" src=\"https:\/\/floridalawyers360.com\/wp-content\/uploads\/2024\/02\/clermont-car-acc1-copy.webp\" alt=\"car accident in Clermont, FL\" width=\"500\" height=\"334\" srcset=\"https:\/\/floridalawyers360.com\/wp-content\/uploads\/2024\/02\/clermont-car-acc1-copy.webp 500w, https:\/\/floridalawyers360.com\/wp-content\/uploads\/2024\/02\/clermont-car-acc1-copy-300x200.webp 300w\" sizes=\"(max-width: 500px) 100vw, 500px\" \/><\/a><\/p>\n<h2>Las fotos en el lugar del accidente son importantes para el \u00e9xito de la reclamaci\u00f3n<\/h2>\n<p>Mucha gente cree que las im\u00e1genes valen m\u00e1s que 1000 palabras o m\u00e1s. Si hay un desacuerdo sobre el incidente o si la parte contraria afirma que el accidente no fue tan grave como usted cree, las fotograf\u00edas pueden ser una opci\u00f3n eficaz para resolver la disputa.<\/p>\n<p>Una foto de un coche destrozado puede proporcionar al jurado o al juez los detalles necesarios sobre la gravedad del siniestro. Las fotograf\u00edas tambi\u00e9n se utilizan para demostrar el alcance de las lesiones. Esto ayuda a que la gente sea consciente de inmediato del alcance de las lesiones.<\/p>\n<p>Si puede, tome fotos del incidente para mostr\u00e1rselas a su abogado de accidentes automovil\u00edsticos de Clermont. Fotograf\u00ede su coche usando su tel\u00e9fono o c\u00e1mara y tome fotograf\u00edas a medida que avanza. Tambi\u00e9n es una buena idea tomar fotos de los otros veh\u00edculos involucrados en el accidente.<\/p>\n<p>Adem\u00e1s, puede capturar fotos generales de la zona. La seguridad es el factor m\u00e1s importante para preservar el lugar del accidente. Si no es seguro hacer fotos, no salgas del coche ni hagas fotos. Esto puede hacer que un accidente ya de por s\u00ed malo sea a\u00fan m\u00e1s devastador.<\/p>\n<h2>\u00bfCu\u00e1l es la mejor manera de ayudar a un abogado de lesiones personales de Clermont a determinar la culpa?<\/h2>\n<p>Es crucial tener en cuenta que Florida maneja los accidentes automovil\u00edsticos de manera diferente a otros estados cuando usted est\u00e1 involucrado en un accidente relacionado con Clermont. Florida est\u00e1 entre los 12 estados con seguro sin culpa para autom\u00f3viles.<\/p>\n<p>Las leyes fueron promulgadas en la d\u00e9cada de 1970 para que sea m\u00e1s simple y m\u00e1s r\u00e1pido para recuperar los costos de un accidente de coche.<\/p>\n<p>La ley de Florida estipula que todos los conductores de Florida contraten un seguro de lesiones personales (tambi\u00e9n llamado \u00abPIP\u00bb). Cubrir\u00e1 los gastos m\u00e9dicos, as\u00ed como los salarios perdidos y los gastos relacionados, independientemente de qui\u00e9n haya tenido la culpa del siniestro.<\/p>\n<p>La compa\u00f1\u00eda de seguros que usted elija deber\u00e1 pagar sus gastos independientemente de qui\u00e9n haya sido el responsable del accidente.<\/p>\n<p><a href=\"https:\/\/floridalawyers360.com\/wp-content\/uploads\/2024\/02\/clermont-car-acc2-copy.webp\"><img decoding=\"async\" class=\"alignnone size-full wp-image-2872\" src=\"https:\/\/floridalawyers360.com\/wp-content\/uploads\/2024\/02\/clermont-car-acc2-copy.webp\" alt=\"injured after a car crash\" width=\"500\" height=\"334\" srcset=\"https:\/\/floridalawyers360.com\/wp-content\/uploads\/2024\/02\/clermont-car-acc2-copy.webp 500w, https:\/\/floridalawyers360.com\/wp-content\/uploads\/2024\/02\/clermont-car-acc2-copy-300x200.webp 300w\" sizes=\"(max-width: 500px) 100vw, 500px\" \/><\/a><\/p>\n<h2>\u00bfCu\u00e1les son los factores que afectan el valor de un accidente de coche?<\/h2>\n<p>Esta es una pregunta que cada abogado de accidentes de coche en Clermont es probable que se le pida. A muchas v\u00edctimas de accidentes de coche les gustar\u00eda saber cu\u00e1l podr\u00eda ser el valor de su caso. Es dif\u00edcil responder a esta pregunta de una manera global, ya que cada caso es \u00fanico.<\/p>\n<p>Hay algunos tipos de da\u00f1os que determinan el valor de un caso que implica un accidente de coche. Un abogado puede ayudarle a entender estas categor\u00edas para darle una mejor idea de lo que su caso podr\u00eda valer.<\/p>\n<p>Esto incluye facturas m\u00e9dicas pasadas y gastos m\u00e9dicos futuros, tiempo de baja laboral o p\u00e9rdida de capacidad de ingresos futuros, y dolor y sufrimiento.<\/p>\n<p>Para determinar la cantidad a la que podr\u00eda tener derecho, hay ciertos elementos que deben tenerse en cuenta. Entre ellos, sus lesiones, las circunstancias que rodearon el accidente (\u00bffue causado por negligencia o imprudencia, o se debi\u00f3 a una negligencia grave?<\/p>\n<p>tu nivel de responsabilidad, as\u00ed como tu historial laboral y tu capacidad para ganarte la vida, y tu estilo y expectativas de vida.<\/p>\n<p>Estos son s\u00f3lo algunos de los aspectos que determinan la cuant\u00eda de la indemnizaci\u00f3n que debe pagar la v\u00edctima de un caso de accidente de coche en Florida. Un abogado de accidentes de coche en Clermont es un recurso valioso.<\/p>\n<h2>\u00bfCu\u00e1l es la cantidad t\u00edpica de tiempo que tarda un abogado de Clermont en un accidente de coche para resolver su caso?<\/h2>\n<p>Si usted no conoce sus circunstancias particulares es una cuesti\u00f3n diferente. Un abogado de Clermont en accidentes de coche puede no ser capaz de estimar el tiempo que se necesita para completar. Dado que cada caso es \u00fanico y se basar\u00e1 en sus acciones, as\u00ed como los ajustadores de seguros y la otra parte.<\/p>\n<p>Hay una mir\u00edada de factores no identificados que pueden retrasar su reclamo o acelerarlo.<\/p>\n<p>La mayor\u00eda de las reclamaciones por accidentes de coche se resuelven en un par de meses. Sin embargo, pueden demorarse mucho tiempo cuando el caso va a juicio.<\/p>\n<h2>\u00bfPuede un caso de accidente de coche en Winter Garden terminar en los tribunales?<\/h2>\n<p>Muchas personas creen que todos los accidentes automovil\u00edsticos ser\u00e1n decididos por una audiencia o un jurado. Este es un hecho que a muchas personas les preocupa y preferir\u00edan no hacerlo. La mejor parte de los casos de accidentes automovil\u00edsticos en Clermont es que casi todos se resuelven antes del juicio.<\/p>\n<p>La negociaci\u00f3n es a menudo una manera de resolver los conflictos que ayudan a ambas partes a ahorrar tiempo y dinero.<\/p>\n<p>Un peque\u00f1o porcentaje de los casos tendr\u00e1 que ser presentado a un juez individual. Sin embargo, es imposible conocer la naturaleza exacta de las demandas que se llevar\u00e1n ante un juez.<\/p>\n<p>Esta es la raz\u00f3n por la que es crucial elegir un abogado de Clermont para accidentes de coche con el que se sienta c\u00f3modo, independientemente de si el asunto se resuelve a trav\u00e9s de un acuerdo para resolver, o delante de un abogado.<\/p>\n<p><a href=\"https:\/\/floridalawyers360.com\/wp-content\/uploads\/2024\/02\/clermont-carr-acc3-copy.webp\"><img decoding=\"async\" class=\"alignnone size-full wp-image-2871\" src=\"https:\/\/floridalawyers360.com\/wp-content\/uploads\/2024\/02\/clermont-carr-acc3-copy.webp\" alt=\"Is There a Deadline to Make a Clermont Car Accident Claim?\" width=\"500\" height=\"334\" srcset=\"https:\/\/floridalawyers360.com\/wp-content\/uploads\/2024\/02\/clermont-carr-acc3-copy.webp 500w, https:\/\/floridalawyers360.com\/wp-content\/uploads\/2024\/02\/clermont-carr-acc3-copy-300x200.webp 300w\" sizes=\"(max-width: 500px) 100vw, 500px\" \/><\/a><\/p>\n<h2>\u00bfHay una fecha l\u00edmite para hacer una reclamaci\u00f3n de accidente de coche Clermont?<\/h2>\n<p>Desafortunadamente, aquellos que sufren de accidentes automovil\u00edsticos no tienen una cantidad ilimitada de tiempo para sanar y recuperarse antes de decidir qu\u00e9 hacer con su reclamo. Las v\u00edctimas de accidentes est\u00e1n obligados por una ley del estado que limita la cantidad de tiempo que pueden hacer una acci\u00f3n por da\u00f1os y perjuicios.<\/p>\n<p>La ley se conoce como el estatuto de limitaciones, y restringe el tiempo que una persona est\u00e1 autorizada a presentar una demanda despu\u00e9s de ser herido.<\/p>\n<p>No existe una ley de prescripci\u00f3n universal. Difiere en funci\u00f3n de la localidad en la que resida y del tipo de lesi\u00f3n que sufra. Las demandas por lesiones personales presentadas contra la parte responsable deben ser presentadas dentro de los cuatro a\u00f1os siguientes a la fecha de la lesi\u00f3n en Florida.<\/p>\n<p>Las personas tienen cuatro a\u00f1os despu\u00e9s de la fecha de la lesi\u00f3n para presentar reclamaciones sin seguro \/ con seguro insuficiente en contra de su propia compa\u00f1\u00eda de seguros. P\u00f3ngase en contacto con un abogado de Clermont para accidentes de coche para aprender m\u00e1s.<\/p>\n<h2>Contacte a un abogado de accidentes de auto en Clermont<\/h2>\n<p>Si usted necesita ayuda despu\u00e9s de haber sido lesionado en un accidente de coche p\u00f3ngase en contacto con un abogado de accidentes de coche Clermont en Florida Lawyers 360. El tiempo es esencial. Ll\u00e1menos al <a href=\"tel:+19544487355\"><i class=\"fa fa-phone-alt\"><\/i>954-448-7355<\/a> para programar una cita<\/p>\n","protected":false},"excerpt":{"rendered":"<p>Si usted ha estado involucrado en un accidente de coche Clermont o sufrido lesiones personales como resultado del curso de un accidente, puede que no sea consciente de que necesita un abogado Clermont. Usted puede pensar que usted es capaz de manejar la situaci\u00f3n por s\u00ed mismo. Si bien puede manejar el caso por s\u00ed [&hellip;]<\/p>\n","protected":false},"author":22,"featured_media":0,"parent":5743,"menu_order":0,"comment_status":"closed","ping_status":"closed","template":"","meta":{"_acf_changed":false,"anchor_text":"","footnotes":""},"categories":[],"tags":[],"class_list":["post-5745","page","type-page","status-publish","hentry"],"acf":[],"_links":{"self":[{"href":"https:\/\/floridalawyers360.com\/es\/wp-json\/wp\/v2\/pages\/5745","targetHints":{"allow":["GET"]}}],"collection":[{"href":"https:\/\/floridalawyers360.com\/es\/wp-json\/wp\/v2\/pages"}],"about":[{"href":"https:\/\/floridalawyers360.com\/es\/wp-json\/wp\/v2\/types\/page"}],"author":[{"embeddable":true,"href":"https:\/\/floridalawyers360.com\/es\/wp-json\/wp\/v2\/users\/22"}],"replies":[{"embeddable":true,"href":"https:\/\/floridalawyers360.com\/es\/wp-json\/wp\/v2\/comments?post=5745"}],"version-history":[{"count":3,"href":"https:\/\/floridalawyers360.com\/es\/wp-json\/wp\/v2\/pages\/5745\/revisions"}],"predecessor-version":[{"id":5748,"href":"https:\/\/floridalawyers360.com\/es\/wp-json\/wp\/v2\/pages\/5745\/revisions\/5748"}],"up":[{"embeddable":true,"href":"https:\/\/floridalawyers360.com\/es\/wp-json\/wp\/v2\/pages\/5743"}],"wp:attachment":[{"href":"https:\/\/floridalawyers360.com\/es\/wp-json\/wp\/v2\/media?parent=5745"}],"wp:term":[{"taxonomy":"category","embeddable":true,"href":"https:\/\/floridalawyers360.com\/es\/wp-json\/wp\/v2\/categories?post=5745"},{"taxonomy":"post_tag","embeddable":true,"href":"https:\/\/floridalawyers360.com\/es\/wp-json\/wp\/v2\/tags?post=5745"}],"curies":[{"name":"wp","href":"https:\/\/api.w.org\/{rel}","templated":true}]}}