{"id":5743,"date":"2024-02-08T11:38:08","date_gmt":"2024-02-08T16:38:08","guid":{"rendered":"https:\/\/floridalawyers360.com\/clermont\/"},"modified":"2024-03-11T07:47:56","modified_gmt":"2024-03-11T12:47:56","slug":"clermont","status":"publish","type":"page","link":"https:\/\/floridalawyers360.com\/es\/clermont\/","title":{"rendered":"Clermont"},"content":{"rendered":"<p>Si usted se lesion\u00f3 debido a las acciones de otra persona o que sufren de una lesi\u00f3n relacionada con el trabajo en Clermont, Florida, la Coalici\u00f3n de Abogados de Compensaci\u00f3n de Trabajadores est\u00e1 aqu\u00ed para ayudarle. Hemos ganado millones en nombre de nuestros clientes, y lucharemos por nada menos que <b>la m\u00e1xima indemnizaci\u00f3n que se merece<\/b>.<\/p>\n<p>Nuestro equipo est\u00e1 disponible las 24 horas del d\u00eda, los 7 d\u00edas de la semana, para responder a sus preguntas, proporcionarle una estimaci\u00f3n del valor de su reclamaci\u00f3n y guiarle a trav\u00e9s del proceso de presentaci\u00f3n y obtenci\u00f3n de su reclamaci\u00f3n. P\u00f3ngase en contacto con nuestra oficina hoy mismo para programar una revisi\u00f3n gratuita y sin riesgo de su caso.<\/p>\n<p>Le proporcionamos la representaci\u00f3n agresiva que necesita, al tiempo que <b>usted no paga nada a menos que ganemos su caso <\/b><\/p>\n","protected":false},"excerpt":{"rendered":"<p>Si usted se lesion\u00f3 debido a las acciones de otra persona o que sufren de una lesi\u00f3n relacionada con el trabajo en Clermont, Florida, la Coalici\u00f3n de Abogados de Compensaci\u00f3n de Trabajadores est\u00e1 aqu\u00ed para ayudarle. Hemos ganado millones en nombre de nuestros clientes, y lucharemos por nada menos que la m\u00e1xima indemnizaci\u00f3n que se [&hellip;]<\/p>\n","protected":false},"author":22,"featured_media":3453,"parent":0,"menu_order":0,"comment_status":"closed","ping_status":"closed","template":"","meta":{"_acf_changed":false,"anchor_text":"","footnotes":""},"categories":[],"tags":[],"class_list":["post-5743","page","type-page","status-publish","has-post-thumbnail","hentry"],"acf":[],"_links":{"self":[{"href":"https:\/\/floridalawyers360.com\/es\/wp-json\/wp\/v2\/pages\/5743","targetHints":{"allow":["GET"]}}],"collection":[{"href":"https:\/\/floridalawyers360.com\/es\/wp-json\/wp\/v2\/pages"}],"about":[{"href":"https:\/\/floridalawyers360.com\/es\/wp-json\/wp\/v2\/types\/page"}],"author":[{"embeddable":true,"href":"https:\/\/floridalawyers360.com\/es\/wp-json\/wp\/v2\/users\/22"}],"replies":[{"embeddable":true,"href":"https:\/\/floridalawyers360.com\/es\/wp-json\/wp\/v2\/comments?post=5743"}],"version-history":[{"count":1,"href":"https:\/\/floridalawyers360.com\/es\/wp-json\/wp\/v2\/pages\/5743\/revisions"}],"predecessor-version":[{"id":5744,"href":"https:\/\/floridalawyers360.com\/es\/wp-json\/wp\/v2\/pages\/5743\/revisions\/5744"}],"wp:featuredmedia":[{"embeddable":true,"href":"https:\/\/floridalawyers360.com\/es\/wp-json\/wp\/v2\/media\/3453"}],"wp:attachment":[{"href":"https:\/\/floridalawyers360.com\/es\/wp-json\/wp\/v2\/media?parent=5743"}],"wp:term":[{"taxonomy":"category","embeddable":true,"href":"https:\/\/floridalawyers360.com\/es\/wp-json\/wp\/v2\/categories?post=5743"},{"taxonomy":"post_tag","embeddable":true,"href":"https:\/\/floridalawyers360.com\/es\/wp-json\/wp\/v2\/tags?post=5743"}],"curies":[{"name":"wp","href":"https:\/\/api.w.org\/{rel}","templated":true}]}}