{"id":5740,"date":"2024-02-08T14:43:25","date_gmt":"2024-02-08T19:43:25","guid":{"rendered":"https:\/\/floridalawyers360.com\/car-accident-faqs\/"},"modified":"2024-03-11T03:00:19","modified_gmt":"2024-03-11T08:00:19","slug":"car-accident-faqs","status":"publish","type":"page","link":"https:\/\/floridalawyers360.com\/es\/car-accident-faqs\/","title":{"rendered":"Accidente de tr\u00e1fico FAQs"},"content":{"rendered":"<p>Despu\u00e9s de un accidente, la gente suele tener muchas preguntas sobre sus derechos y responsabilidades legales. Aqu\u00ed est\u00e1n algunas de las preguntas m\u00e1s comunes sobre accidentes de coche que las personas que han estado en un accidente de coche quieren respuestas.<\/p>\n<h2>\u00bfTengo un caso legal?<\/h2>\n<p>No hay una respuesta \u00fanica; depender\u00e1 de las circunstancias de su accidente. Si usted ha sido gravemente herido y \/ o su coche ha sido seriamente da\u00f1ado, es m\u00e1s probable que usted tiene un caso, pero usted puede tener una reclamaci\u00f3n legal en muchas circunstancias.<\/p>\n<p>Depender\u00e1 del alcance de sus lesiones, de si tiene lesiones permanentes, de si hay otro conductor culpable, de si tiene alguna negligencia comparativa por el accidente y de si el conductor del otro coche tiene seguro.<\/p>\n<p>Si no est\u00e1 seguro, muchos abogados le dar\u00e1n una consulta legal gratuita, y puede explorar estas cuestiones durante esa consulta.<\/p>\n<p><a href=\"https:\/\/floridalawyers360.com\/wp-content\/uploads\/2024\/02\/car-accident-faqs2-copy.webp\"><img fetchpriority=\"high\" decoding=\"async\" class=\"alignnone wp-image-2008 size-full\" src=\"https:\/\/floridalawyers360.com\/wp-content\/uploads\/2024\/02\/car-accident-faqs2-copy.webp\" alt=\"Car Accident FAQs\" width=\"500\" height=\"334\" srcset=\"https:\/\/floridalawyers360.com\/wp-content\/uploads\/2024\/02\/car-accident-faqs2-copy.webp 500w, https:\/\/floridalawyers360.com\/wp-content\/uploads\/2024\/02\/car-accident-faqs2-copy-300x200.webp 300w\" sizes=\"(max-width: 500px) 100vw, 500px\" \/><\/a><\/p>\n<h2>\u00bfQu\u00e9 gravedad deben tener las lesiones para presentar una demanda?<\/h2>\n<p>La <a href=\"https:\/\/www.flsenate.gov\/Laws\/statutes\/2011\/627.737\" target=\"_blank\" rel=\"noopener\">ley de Florida<\/a> exige que para que usted pueda presentar una demanda contra una parte negligente despu\u00e9s de un accidente de autom\u00f3vil, debe tener (1) p\u00e9rdida significativa e importante de una funci\u00f3n corporal importante, (2) lesi\u00f3n permanente con un grado razonable de probabilidad m\u00e9dica, (3) cicatrices o desfiguraci\u00f3n significativa y permanente, o (4) la muerte.<\/p>\n<p>El segundo elemento, \u00ablesi\u00f3n permanente con un grado razonable de probabilidad m\u00e9dica\u00bb, no tiene por qu\u00e9 ser una lesi\u00f3n debilitante; puede ser cualquier lesi\u00f3n corporal que sea permanente.<\/p>\n<h2>\u00bfNo est\u00e1 todo el mundo obligado a tener seguro?<\/h2>\n<p>Todo el mundo en la Florida est\u00e1 obligado por ley a conducir con protecci\u00f3n contra lesiones personales (PIP) de seguros, pero nadie en la Florida est\u00e1 obligado a tener un seguro de responsabilidad por lesiones corporales (que cubre las lesiones a otras personas). No exigir a los conductores a tener cobertura por las p\u00e9rdidas causadas por su propia negligencia deja muchos da\u00f1os potenciales irrecuperables.<\/p>\n<p>Por ello, la legislaci\u00f3n de Florida le permite contratar su propio seguro contra el riesgo de que la parte que le cause lesiones no tenga seguro de responsabilidad civil. Esto se llama cobertura de motorista sin seguro (UM), y le recomendamos que lo compre.<\/p>\n<p>Si usted tiene un accidente y el conductor del otro coche tiene la culpa y no tiene seguro de responsabilidad civil, usted puede hacer una reclamaci\u00f3n bajo su propia p\u00f3liza UM por su dolor y sufrimiento, gastos m\u00e9dicos, salarios perdidos, y otras p\u00e9rdidas no cubiertas.<\/p>\n<p><a href=\"https:\/\/floridalawyers360.com\/wp-content\/uploads\/2024\/02\/car-accident-faqs3.jpeg\"><img decoding=\"async\" class=\"alignnone size-full wp-image-2010\" src=\"https:\/\/floridalawyers360.com\/wp-content\/uploads\/2024\/02\/car-accident-faqs3.jpeg\" alt=\"is every one required to have car insurance - Car Accident FAQs\" width=\"500\" height=\"334\" srcset=\"https:\/\/floridalawyers360.com\/wp-content\/uploads\/2024\/02\/car-accident-faqs3.jpeg 500w, https:\/\/floridalawyers360.com\/wp-content\/uploads\/2024\/02\/car-accident-faqs3-300x200.jpeg 300w\" sizes=\"(max-width: 500px) 100vw, 500px\" \/><\/a><\/p>\n<h2>\u00bfEs suficiente mi cobertura de Protecci\u00f3n de Da\u00f1os Personales (PIP)?<\/h2>\n<p>La respuesta f\u00e1cil a esta pregunta es no, no lo es. El seguro PIP s\u00f3lo le cubre sus propios gastos m\u00e9dicos. Cubre una amplia variedad de gastos, desde cirug\u00eda hasta radiograf\u00edas, servicios dentales y de rehabilitaci\u00f3n, pr\u00f3tesis, servicios de laboratorio, fisioterapia y masajes terap\u00e9uticos.<\/p>\n<p>La mayor\u00eda de la gente compra l\u00edmites de cobertura PIP de 10.000 d\u00f3lares, a menudo con una franquicia de 2.000 d\u00f3lares. Esto simplemente no es suficiente en casi todos los casos en que se sufren lesiones. Teniendo en cuenta que la cobertura PIP es para gastos m\u00e9dicos y salarios perdidos, y, a menudo tiene un l\u00edmite de $ 10.000, en muchas situaciones no es suficiente cobertura para hacer todo de nuevo despu\u00e9s de un accidente.<\/p>\n<h2>\u00bfQu\u00e9 pasa si yo era parcialmente culpable del accidente?<\/h2>\n<p>Florida es un estado de <a href=\"http:\/\/www.leg.state.fl.us\/statutes\/index.cfm?App_mode=Display_Statute&amp;URL=0700-0799\/0768\/Sections\/0768.81.html\" target=\"_blank\" rel=\"noopener\">culpa comparativa<\/a> pura. Esto significa que si su culpa de alguna manera contribuye al accidente, la cantidad de su premio ser\u00e1 disminuido por el porcentaje de su propia culpa contribuy\u00f3.<\/p>\n<p>Por ejemplo, si sus da\u00f1os son de $ 5.000 de un accidente con otro conductor, pero se encuentra que el 15% de culpa, su indemnizaci\u00f3n por da\u00f1os y perjuicios se reducir\u00e1 en un 15%, o por $ 750, y s\u00f3lo recoger\u00e1 $ 4.250).<\/p>\n<p>Si hay m\u00e1s de dos partes culpables, los da\u00f1os se reparten en funci\u00f3n del grado de culpa de cada parte, en lugar de basarse en la doctrina de la responsabilidad solidaria. Esto significa que a cada uno se le asigna su parte proporcional de la culpa y de los da\u00f1os resultantes.<\/p>\n<p><a href=\"https:\/\/floridalawyers360.com\/wp-content\/uploads\/2024\/02\/car-accident-faqs1-copy.webp\"><img decoding=\"async\" class=\"alignnone wp-image-2009 size-full\" src=\"https:\/\/floridalawyers360.com\/wp-content\/uploads\/2024\/02\/car-accident-faqs1-copy.webp\" alt=\"What is my car accident case worth\" width=\"500\" height=\"333\" srcset=\"https:\/\/floridalawyers360.com\/wp-content\/uploads\/2024\/02\/car-accident-faqs1-copy.webp 500w, https:\/\/floridalawyers360.com\/wp-content\/uploads\/2024\/02\/car-accident-faqs1-copy-300x200.webp 300w\" sizes=\"(max-width: 500px) 100vw, 500px\" \/><\/a><\/p>\n<h2>\u00bfCu\u00e1nto vale mi caso?<\/h2>\n<p>Cada caso es diferente, y no es posible determinar el valor de un caso sin revisar completamente los hechos y circunstancias de su accidente individual.<\/p>\n<p>Por lo general, si usted presenta una demanda por da\u00f1os y perjuicios despu\u00e9s de un accidente, usted tiene derecho a solicitar una indemnizaci\u00f3n por todos sus gastos m\u00e9dicos, incluidos los gastos m\u00e9dicos futuros y los gastos de rehabilitaci\u00f3n; salarios perdidos, incluidos los salarios futuros perdidos; disminuci\u00f3n de la capacidad de ganancia como resultado de una lesi\u00f3n permanente; dolor y sufrimiento; y en casos extremos, da\u00f1os punitivos.<\/p>\n<h2>\u00bfLlegar\u00e1 mi caso a los tribunales?<\/h2>\n<p>Es poco probable que su caso llegue a juicio, aunque puede que tenga que presentar una demanda. Casi todos los casos de lesiones personales resultantes de accidentes automovil\u00edsticos se resuelven fuera de los tribunales, pero no siempre antes de que se presente una demanda.<\/p>\n<p>En el caso de que no pueda llegar a un acuerdo razonable con el demandado o la compa\u00f1\u00eda de seguros, es posible que tenga que hacer valer sus derechos en un juicio, pero es probable que llegue a un acuerdo antes de que esto ocurra.<\/p>\n<p>Cuanto m\u00e1s s\u00f3lido sea su caso, menos probabilidades tendr\u00e1 de presentar una demanda o de ir a juicio. Sin embargo, cuanto m\u00e1s d\u00e9bil sea su caso, menos probable ser\u00e1 que prevalezca en un juicio. Esto puede convertirse en una l\u00ednea compleja de caminar, pero si usted est\u00e1 contemplando un juicio, su abogado le proporcionar\u00e1 todas sus opciones.<\/p>\n<h2>\u00bfPuedo permitirme contratar a un abogado?<\/h2>\n<p>Lo m\u00e1s probable es que no tendr\u00e1 que tener ning\u00fan dinero por adelantado para contratar a un abogado que lo represente en su demanda por accidente de coche. Hay muchos abogados que tomar\u00e1n su caso sobre una base de honorarios de contingencia, lo que significa que s\u00f3lo se les paga si recoge da\u00f1os y perjuicios.<\/p>\n<p>Las cantidades que los abogados que le representan tienen derecho a recibir de su recuperaci\u00f3n de da\u00f1os se rigen por las <a href=\"https:\/\/www.floridabar.org\/divexe\/rrtfb.nsf\/FV\/A8644F215162F9DE85257164004C0429\" target=\"_blank\" rel=\"noopener\">Reglas de Conducta Profesional<\/a> promulgadas por el Colegio de Abogados de Florida.<\/p>\n<p>De acuerdo con las directrices establecidas en estas normas, se puede entrar en un contrato de honorarios contingentes con un abogado, que luego tomar el porcentaje acordado fuera de su liquidaci\u00f3n o veredicto cantidad.<\/p>\n","protected":false},"excerpt":{"rendered":"<p>Despu\u00e9s de un accidente, la gente suele tener muchas preguntas sobre sus derechos y responsabilidades legales. Aqu\u00ed est\u00e1n algunas de las preguntas m\u00e1s comunes sobre accidentes de coche que las personas que han estado en un accidente de coche quieren respuestas. \u00bfTengo un caso legal? No hay una respuesta \u00fanica; depender\u00e1 de las circunstancias de [&hellip;]<\/p>\n","protected":false},"author":22,"featured_media":0,"parent":0,"menu_order":0,"comment_status":"closed","ping_status":"closed","template":"","meta":{"_acf_changed":false,"anchor_text":"","footnotes":""},"categories":[],"tags":[],"class_list":["post-5740","page","type-page","status-publish","hentry"],"acf":[],"_links":{"self":[{"href":"https:\/\/floridalawyers360.com\/es\/wp-json\/wp\/v2\/pages\/5740","targetHints":{"allow":["GET"]}}],"collection":[{"href":"https:\/\/floridalawyers360.com\/es\/wp-json\/wp\/v2\/pages"}],"about":[{"href":"https:\/\/floridalawyers360.com\/es\/wp-json\/wp\/v2\/types\/page"}],"author":[{"embeddable":true,"href":"https:\/\/floridalawyers360.com\/es\/wp-json\/wp\/v2\/users\/22"}],"replies":[{"embeddable":true,"href":"https:\/\/floridalawyers360.com\/es\/wp-json\/wp\/v2\/comments?post=5740"}],"version-history":[{"count":2,"href":"https:\/\/floridalawyers360.com\/es\/wp-json\/wp\/v2\/pages\/5740\/revisions"}],"predecessor-version":[{"id":5742,"href":"https:\/\/floridalawyers360.com\/es\/wp-json\/wp\/v2\/pages\/5740\/revisions\/5742"}],"wp:attachment":[{"href":"https:\/\/floridalawyers360.com\/es\/wp-json\/wp\/v2\/media?parent=5740"}],"wp:term":[{"taxonomy":"category","embeddable":true,"href":"https:\/\/floridalawyers360.com\/es\/wp-json\/wp\/v2\/categories?post=5740"},{"taxonomy":"post_tag","embeddable":true,"href":"https:\/\/floridalawyers360.com\/es\/wp-json\/wp\/v2\/tags?post=5740"}],"curies":[{"name":"wp","href":"https:\/\/api.w.org\/{rel}","templated":true}]}}