{"id":5736,"date":"2024-02-13T16:15:53","date_gmt":"2024-02-13T21:15:53","guid":{"rendered":"https:\/\/floridalawyers360.com\/clearwater\/workers-compensation-claim-process-in-clearwater-fl\/"},"modified":"2024-03-11T02:53:43","modified_gmt":"2024-03-11T07:53:43","slug":"proceso-de-reclamacion-de-indemnizacion-laboral-en-clearwater","status":"publish","type":"page","link":"https:\/\/floridalawyers360.com\/es\/clearwater\/proceso-de-reclamacion-de-indemnizacion-laboral-en-clearwater\/","title":{"rendered":"Proceso de reclamaci\u00f3n de indemnizaci\u00f3n laboral en Clearwater"},"content":{"rendered":"<p>Las lesiones laborales son m\u00e1s frecuentes de lo que mucha gente cree. Los accidentes pueden ocurrir en cualquier trabajo. Cuando usted se lesiona en el trabajo, tiene ciertos derechos que le protegen si pierde ingresos o incurre en gastos m\u00e9dicos relacionados con su lesi\u00f3n laboral.<\/p>\n<p>Su empleador en Florida est\u00e1 obligado a tener un seguro de compensaci\u00f3n de trabajadores si est\u00e1 en la industria de la construcci\u00f3n y tiene al menos un empleado, o si est\u00e1 en un negocio no relacionado con la construcci\u00f3n y tiene al menos cuatro empleados.<\/p>\n<div class=\"embed-container\"><iframe src=\"https:\/\/www.youtube.com\/embed\/FzjolVpntOs\" frameborder=\"0\" allowfullscreen=\"allowfullscreen\"><\/iframe><\/div>\n<p>Las leyes en torno al sistema de compensaci\u00f3n de trabajadores de Florida pueden ser complicadas, por lo que tener un abogado que le ayude a trav\u00e9s del proceso de reclamaci\u00f3n de compensaci\u00f3n de trabajadores en Clearwater es muy importante.<\/p>\n<p>Para asegurarse de obtener todos los beneficios de la ley, debe consultar a uno de nuestros <a href=\"\/clearwater\/workers-compensation-lawyer\/\">abogados expertos en compensaci\u00f3n laboral en Clearwater, FL<\/a> en Florida Lawyers 360.<\/p>\n<p>Hemos representado a cientos de trabajadores que se lesionaron en el trabajo, y podemos ayudarlo a obtener el monto m\u00e1ximo al que tiene derecho seg\u00fan la ley.<\/p>\n\t\t<div data-elementor-type=\"section\" data-elementor-id=\"208\" class=\"elementor elementor-208\" data-elementor-post-type=\"elementor_library\">\n\t\t\t\t\t<section class=\"elementor-section elementor-top-section elementor-element elementor-element-485e576a elementor-section-boxed elementor-section-height-default elementor-section-height-default\" data-id=\"485e576a\" data-element_type=\"section\" data-e-type=\"section\">\n\t\t\t\t\t\t<div class=\"elementor-container elementor-column-gap-default\">\n\t\t\t\t\t<div class=\"elementor-column elementor-col-100 elementor-top-column elementor-element elementor-element-635c38c0\" data-id=\"635c38c0\" data-element_type=\"column\" data-e-type=\"column\">\n\t\t\t<div class=\"elementor-widget-wrap elementor-element-populated\">\n\t\t\t\t\t\t<div class=\"elementor-element elementor-element-3ba95c8a elementor-toc--minimized-on-tablet elementor-widget elementor-widget-table-of-contents\" data-id=\"3ba95c8a\" data-element_type=\"widget\" data-e-type=\"widget\" data-settings=\"{&quot;exclude_headings_by_selector&quot;:&quot;.toc-remove&quot;,&quot;headings_by_tags&quot;:[&quot;h2&quot;,&quot;h3&quot;],&quot;marker_view&quot;:&quot;numbers&quot;,&quot;no_headings_message&quot;:&quot;No se ha encontrado ning\\u00fan encabezado en esta p\\u00e1gina.&quot;,&quot;minimize_box&quot;:&quot;yes&quot;,&quot;minimized_on&quot;:&quot;tablet&quot;,&quot;hierarchical_view&quot;:&quot;yes&quot;,&quot;min_height&quot;:{&quot;unit&quot;:&quot;px&quot;,&quot;size&quot;:&quot;&quot;,&quot;sizes&quot;:[]},&quot;min_height_tablet&quot;:{&quot;unit&quot;:&quot;px&quot;,&quot;size&quot;:&quot;&quot;,&quot;sizes&quot;:[]},&quot;min_height_mobile&quot;:{&quot;unit&quot;:&quot;px&quot;,&quot;size&quot;:&quot;&quot;,&quot;sizes&quot;:[]}}\" data-widget_type=\"table-of-contents.default\">\n\t\t\t\t\t\t\t\t\t<div class=\"elementor-toc__header\">\n\t\t\t\t\t\t<div class=\"elementor-toc__header-title\">\n\t\t\t\tTable of Contents\t\t\t<\/div>\n\t\t\t\t\t\t\t\t\t\t<div class=\"elementor-toc__toggle-button elementor-toc__toggle-button--expand\" role=\"button\" tabindex=\"0\" aria-controls=\"elementor-toc__3ba95c8a\" aria-expanded=\"true\" aria-label=\"Abrir la tabla de contenidos\"><svg aria-hidden=\"true\" class=\"e-font-icon-svg e-fas-chevron-down\" viewBox=\"0 0 448 512\" xmlns=\"http:\/\/www.w3.org\/2000\/svg\"><path d=\"M207.029 381.476L12.686 187.132c-9.373-9.373-9.373-24.569 0-33.941l22.667-22.667c9.357-9.357 24.522-9.375 33.901-.04L224 284.505l154.745-154.021c9.379-9.335 24.544-9.317 33.901.04l22.667 22.667c9.373 9.373 9.373 24.569 0 33.941L240.971 381.476c-9.373 9.372-24.569 9.372-33.942 0z\"><\/path><\/svg><\/div>\n\t\t\t\t<div class=\"elementor-toc__toggle-button elementor-toc__toggle-button--collapse\" role=\"button\" tabindex=\"0\" aria-controls=\"elementor-toc__3ba95c8a\" aria-expanded=\"true\" aria-label=\"Cerrar la tabla de contenidos\"><svg aria-hidden=\"true\" class=\"e-font-icon-svg e-fas-chevron-up\" viewBox=\"0 0 448 512\" xmlns=\"http:\/\/www.w3.org\/2000\/svg\"><path d=\"M240.971 130.524l194.343 194.343c9.373 9.373 9.373 24.569 0 33.941l-22.667 22.667c-9.357 9.357-24.522 9.375-33.901.04L224 227.495 69.255 381.516c-9.379 9.335-24.544 9.317-33.901-.04l-22.667-22.667c-9.373-9.373-9.373-24.569 0-33.941L207.03 130.525c9.372-9.373 24.568-9.373 33.941-.001z\"><\/path><\/svg><\/div>\n\t\t\t\t\t<\/div>\n\t\t\t\t<div id=\"elementor-toc__3ba95c8a\" class=\"elementor-toc__body\">\n\t\t\t<div class=\"elementor-toc__spinner-container\">\n\t\t\t\t<svg class=\"elementor-toc__spinner eicon-animation-spin e-font-icon-svg e-eicon-loading\" aria-hidden=\"true\" viewBox=\"0 0 1000 1000\" xmlns=\"http:\/\/www.w3.org\/2000\/svg\"><path d=\"M500 975V858C696 858 858 696 858 500S696 142 500 142 142 304 142 500H25C25 237 238 25 500 25S975 237 975 500 763 975 500 975Z\"><\/path><\/svg>\t\t\t<\/div>\n\t\t<\/div>\n\t\t\t\t\t\t<\/div>\n\t\t\t\t\t<\/div>\n\t\t<\/div>\n\t\t\t\t\t<\/div>\n\t\t<\/section>\n\t\t\t\t<\/div>\n\t\t\n<h2>\u00bfC\u00f3mo puedo saber si mi lesi\u00f3n ser\u00e1 cubierta por una reclamaci\u00f3n de indemnizaci\u00f3n laboral?<\/h2>\n<p>Los estatutos de Compensaci\u00f3n al Trabajador de Florida establecen que si usted se lesiona cuando est\u00e1 realizando un trabajo durante el curso y alcance de su empleo, sus lesiones o enfermedades son compensables. En los EE.UU., las lesiones m\u00e1s comunes que reciben cobertura de la compensaci\u00f3n de los trabajadores incluyen:<\/p>\n<ul>\n<li>Esguinces y distensiones (por ejemplo, lesiones de espalda, lesiones por movimientos repetitivos, resbalones y ca\u00eddas, etc.).<\/li>\n<li>Laceraciones y cortes (por ejemplo, por accidentes laborales, maquinaria, etc.)<\/li>\n<li>Contusiones (por ejemplo, al ser golpeado por un objeto que se cae).<\/li>\n<li>Quemaduras (por ejemplo, por incendios o quemaduras qu\u00edmicas).<\/li>\n<li>Fracturas \u00f3seas (por ejemplo, por resbalones y ca\u00eddas).<\/li>\n<\/ul>\n<p>Tambi\u00e9n pueden cubrirse otras lesiones y enfermedades.<\/p>\n<p>Si su entorno de trabajo es insalubre porque est\u00e1 contaminado por humos t\u00f3xicos, emisiones, part\u00edculas, etc., y usted enferm\u00f3 por trabajar en este entorno, su enfermedad es indemnizable si su m\u00e9dico atribuye su enfermedad a la exposici\u00f3n a estos elementos nocivos en su entorno de trabajo.<\/p>\n<p>Si tiene <a href=\"https:\/\/floridalawyers360.com\/pre-existing-condition-before-work-injury\/\">una lesi\u00f3n<\/a> antigua, pero su trabajo agrav\u00f3 su antigua lesi\u00f3n, lo que hizo que trabajar le resultara muy doloroso, puede estar cubierto aunque la lesi\u00f3n original fuera preexistente.<\/p>\n<p><a href=\"https:\/\/floridalawyers360.com\/wp-content\/uploads\/2024\/02\/clearwarer-workers-comp-claim2-copy.webp\"><img fetchpriority=\"high\" decoding=\"async\" class=\"alignnone size-full wp-image-2848\" src=\"https:\/\/floridalawyers360.com\/wp-content\/uploads\/2024\/02\/clearwarer-workers-comp-claim2-copy.webp\" alt=\"Clearwater Workers' Compensation Claim Process\" width=\"500\" height=\"334\" srcset=\"https:\/\/floridalawyers360.com\/wp-content\/uploads\/2024\/02\/clearwarer-workers-comp-claim2-copy.webp 500w, https:\/\/floridalawyers360.com\/wp-content\/uploads\/2024\/02\/clearwarer-workers-comp-claim2-copy-300x200.webp 300w\" sizes=\"(max-width: 500px) 100vw, 500px\" \/><\/a><\/p>\n<h3>Su accidente de trabajo puede no estar cubierto si:<\/h3>\n<ul>\n<li>estabas intoxicado o consum\u00edas alguna sustancia controlada<\/li>\n<li>Te has peleado con otro trabajador<\/li>\n<li>Participas en actividades que se consideran mala conducta (por ejemplo, gastas una broma pesada que sale mal).<\/li>\n<li>Intenta hacerse da\u00f1o a prop\u00f3sito.<\/li>\n<\/ul>\n<p>&nbsp;<\/p>\n<p>La hora de comer y el tiempo de descanso no se consideran tiempo de trabajo. Por lo tanto, si te lesionas durante esas horas, lo m\u00e1s probable es que tu lesi\u00f3n no sea indemnizable. Sin embargo, si estabas haciendo un recado relacionado con el trabajo durante la hora de comer y te lesionas, puede que est\u00e9s cubierto.<\/p>\n<p>Interpretar si una lesi\u00f3n es indemnizable o no puede ser complicado. En caso de duda, no d\u00e9 por sentado que no est\u00e1 cubierto. P\u00f3ngase en contacto con nosotros y le ayudaremos a resolver su situaci\u00f3n. Puede que tengas derecho a prestaciones de las que no te hab\u00edas dado cuenta.<\/p>\n<h2>\u00bfCu\u00e1nto tiempo tiene para presentar una reclamaci\u00f3n de compensaci\u00f3n de trabajadores en Florida?<\/h2>\n<p>En Florida, usted tiene legalmente 30 d\u00edas a partir de la fecha de su accidente, o de la fecha en que su m\u00e9dico determin\u00f3 que usted tiene una enfermedad causada por su trabajo, para informar a su empleador. Debe ponerse en contacto con su jefe o con su representante de recursos humanos.<\/p>\n<p>Aunque disponga de 30 d\u00edas, no debe retrasarlo y debe comunicarlo en cuanto pueda. No hay ninguna ventaja en retrasar la denuncia. Cuanto antes lo comunique, antes podr\u00e1 percibir la indemnizaci\u00f3n.<\/p>\n<p>La empresa dispone de siete d\u00edas para comunicar el accidente a la mutua de accidentes de trabajo. En un plazo de tres d\u00edas a partir de ese momento, la compa\u00f1\u00eda de seguros le enviar\u00e1 un paquete con informaci\u00f3n sobre su reclamaci\u00f3n.<\/p>\n<p>Si hay alg\u00fan retraso por parte de su empleador o la compa\u00f1\u00eda de seguros para iniciar su reclamo, p\u00f3ngase en contacto con nosotros, y vamos a trabajar con su empleador y la compa\u00f1\u00eda de seguros para mover las cosas a lo largo.<\/p>\n<p><a href=\"https:\/\/floridalawyers360.com\/wp-content\/uploads\/2024\/02\/clearwater-workers-comp-claim1-copy.webp\"><img decoding=\"async\" class=\"alignnone wp-image-2847 size-full\" src=\"https:\/\/floridalawyers360.com\/wp-content\/uploads\/2024\/02\/clearwater-workers-comp-claim1-copy.webp\" alt=\"Filing a workers' compensation claim | Our legal team can guide you through the claim process\" width=\"500\" height=\"334\" srcset=\"https:\/\/floridalawyers360.com\/wp-content\/uploads\/2024\/02\/clearwater-workers-comp-claim1-copy.webp 500w, https:\/\/floridalawyers360.com\/wp-content\/uploads\/2024\/02\/clearwater-workers-comp-claim1-copy-300x200.webp 300w\" sizes=\"(max-width: 500px) 100vw, 500px\" \/><\/a><\/p>\n<h2>C\u00f3mo presentar la reclamaci\u00f3n de indemnizaci\u00f3n por accidente laboral en Florida<\/h2>\n<p>Lo primero que debe hacer es informar sin demora a su empresa de su lesi\u00f3n o enfermedad relacionada con el trabajo. Es obligaci\u00f3n de su empleador notificar a la compa\u00f1\u00eda de seguros de compensaci\u00f3n de trabajadores e iniciar el proceso de reclamaci\u00f3n.<\/p>\n<p>A continuaci\u00f3n, es responsabilidad de la compa\u00f1\u00eda de seguros enviarle a tiempo los formularios necesarios para tramitar su solicitud. Entre ellos debe figurar una copia del Primer Parte de Lesiones o Enfermedad que su empresa present\u00f3 a la aseguradora e informaci\u00f3n que explique sus derechos.<\/p>\n<p>Una vez que se determine que cumple los requisitos para recibir prestaciones, transcurridos 21 d\u00edas desde la notificaci\u00f3n de la lesi\u00f3n, deber\u00eda empezar a recibir un cheque por correo cada dos semanas. Si no es as\u00ed, o si su reclamaci\u00f3n es impugnada, la legislaci\u00f3n de Florida exige que primero intente resolverlo de buena fe con su empresa y la compa\u00f1\u00eda de seguros.<\/p>\n<p>Puede ponerse en contacto con la <a href=\"https:\/\/www.myfloridacfo.com\/division\/wc\/employee\/eao.htm\" target=\"_blank\" rel=\"noopener\">Oficina de Asistencia al Empleado y Defensor del Pueblo de<\/a> Florida para que le ayuden.<\/p>\n<p>Despu\u00e9s de hacer lo posible para obtener sus beneficios, si no est\u00e1 satisfecho con el resultado, o si siente que su empleador no est\u00e1 siendo cooperativo, puede presentar una Petici\u00f3n de Beneficios de Compensaci\u00f3n para Trabajadores.<\/p>\n<p>Antes de hacerlo, ll\u00e1menos para una consulta gratuita. Podemos aconsejarle sobre c\u00f3mo llenar la petici\u00f3n. La petici\u00f3n requiere que usted proporcione una cantidad tremenda de informaci\u00f3n.<\/p>\n<p>Entre ellas se incluyen:<\/p>\n<ul>\n<li>Cu\u00e1les son sus responsabilidades laborales habituales<\/li>\n<li>Qu\u00e9 estaba haciendo cuando se lesion\u00f3<\/li>\n<li>Una descripci\u00f3n del accidente y c\u00f3mo se lesion\u00f3<\/li>\n<li>Los salarios que perdi\u00f3<\/li>\n<li>Las facturas m\u00e9dicas que ha tenido<\/li>\n<li>Otras prestaciones a las que considere que tiene derecho<\/li>\n<li>Cualquier inter\u00e9s sobre las prestaciones que se le adeuden<\/li>\n<li>Los honorarios del abogado.<\/li>\n<\/ul>\n<p>Usted tiene dos a\u00f1os para presentar esta Petici\u00f3n con la <a href=\"https:\/\/www.jcc.state.fl.us\/jcc\/\" target=\"_blank\" rel=\"noopener\">Oficina de los Jueces de Reclamos de Compens<\/a>aci\u00f3n.<\/p>\n<h2>Contr\u00e1tenos para que lo representemos durante el proceso de reclamo de compensaci\u00f3n laboral en Clearwater<\/h2>\n<p>Usted puede ver que la presentaci\u00f3n de beneficios de compensaci\u00f3n de trabajadores por s\u00ed mismo puede ser toda una odisea. Si usted est\u00e1 f\u00edsicamente comprometido y est\u00e1 tratando de recuperarse, tratar de hacer frente a este papeleo legal puede crear mucho estr\u00e9s para usted.<\/p>\n<p>Si se complica, llame a <a href=\"\/\">Florida Lawyers 360<\/a> en Clearwater, FL, al <a href=\"tel:+19544487355\"><i class=\"fa fa-phone-alt\"><\/i>954-448-7355<\/a> y deje que nos encarguemos de su caso. Negociaremos en su nombre y lucharemos por la indemnizaci\u00f3n que justamente se merece.<\/p>\n","protected":false},"excerpt":{"rendered":"<p>Las lesiones laborales son m\u00e1s frecuentes de lo que mucha gente cree. Los accidentes pueden ocurrir en cualquier trabajo. Cuando usted se lesiona en el trabajo, tiene ciertos derechos que le protegen si pierde ingresos o incurre en gastos m\u00e9dicos relacionados con su lesi\u00f3n laboral. Su empleador en Florida est\u00e1 obligado a tener un seguro [&hellip;]<\/p>\n","protected":false},"author":22,"featured_media":0,"parent":5710,"menu_order":0,"comment_status":"closed","ping_status":"closed","template":"","meta":{"_acf_changed":false,"anchor_text":"","footnotes":""},"categories":[],"tags":[],"class_list":["post-5736","page","type-page","status-publish","hentry"],"acf":[],"_links":{"self":[{"href":"https:\/\/floridalawyers360.com\/es\/wp-json\/wp\/v2\/pages\/5736","targetHints":{"allow":["GET"]}}],"collection":[{"href":"https:\/\/floridalawyers360.com\/es\/wp-json\/wp\/v2\/pages"}],"about":[{"href":"https:\/\/floridalawyers360.com\/es\/wp-json\/wp\/v2\/types\/page"}],"author":[{"embeddable":true,"href":"https:\/\/floridalawyers360.com\/es\/wp-json\/wp\/v2\/users\/22"}],"replies":[{"embeddable":true,"href":"https:\/\/floridalawyers360.com\/es\/wp-json\/wp\/v2\/comments?post=5736"}],"version-history":[{"count":3,"href":"https:\/\/floridalawyers360.com\/es\/wp-json\/wp\/v2\/pages\/5736\/revisions"}],"predecessor-version":[{"id":5739,"href":"https:\/\/floridalawyers360.com\/es\/wp-json\/wp\/v2\/pages\/5736\/revisions\/5739"}],"up":[{"embeddable":true,"href":"https:\/\/floridalawyers360.com\/es\/wp-json\/wp\/v2\/pages\/5710"}],"wp:attachment":[{"href":"https:\/\/floridalawyers360.com\/es\/wp-json\/wp\/v2\/media?parent=5736"}],"wp:term":[{"taxonomy":"category","embeddable":true,"href":"https:\/\/floridalawyers360.com\/es\/wp-json\/wp\/v2\/categories?post=5736"},{"taxonomy":"post_tag","embeddable":true,"href":"https:\/\/floridalawyers360.com\/es\/wp-json\/wp\/v2\/tags?post=5736"}],"curies":[{"name":"wp","href":"https:\/\/api.w.org\/{rel}","templated":true}]}}