{"id":5732,"date":"2024-02-13T16:15:11","date_gmt":"2024-02-13T21:15:11","guid":{"rendered":"https:\/\/floridalawyers360.com\/clearwater\/workers-compensation-benefits-in-clearwater-fl\/"},"modified":"2024-03-11T02:42:20","modified_gmt":"2024-03-11T07:42:20","slug":"beneficios-de-compensacion-laboral-en-clearwater","status":"publish","type":"page","link":"https:\/\/floridalawyers360.com\/es\/clearwater\/beneficios-de-compensacion-laboral-en-clearwater\/","title":{"rendered":"Beneficios de compensaci\u00f3n laboral en Clearwater"},"content":{"rendered":"<p>Despu\u00e9s de sufrir una enfermedad o lesi\u00f3n relacionada con el trabajo, usted necesita asegurarse de ser compensado por sus p\u00e9rdidas. Pues bien, gracias a los mejores <a href=\"\/clearwater\/workers-compensation-lawyer\/\">abogados de indemnizaci\u00f3n laboral de Clearwater, FL<\/a>, de la Coalici\u00f3n de Abogados de Indemnizaci\u00f3n Laboral de Florida, obtendr\u00e1 la ayuda que necesita para presentar su reclamaci\u00f3n.<\/p>\n<p>Trabajar con su empleador y su compa\u00f1\u00eda de seguros por su cuenta <a href=\"https:\/\/floridalawyers360.com\/should-i-negotiate-with-insurance-adjuster\/\">puede no ser una buena idea<\/a>. Es por eso que debe contratarnos por nuestra experiencia y profesionalismo para que pueda obtener sus merecidos beneficios de compensaci\u00f3n laboral en Clearwater.<\/p>\n<p>Estamos listos para ayudarle as\u00ed que ll\u00e1menos hoy.<\/p>\n<div class=\"embed-container\"><iframe src=\"https:\/\/www.youtube.com\/embed\/tB3XG1k8lUo\" frameborder=\"0\" allowfullscreen=\"allowfullscreen\"><\/iframe><\/div>\n\t\t<div data-elementor-type=\"section\" data-elementor-id=\"208\" class=\"elementor elementor-208\" data-elementor-post-type=\"elementor_library\">\n\t\t\t\t\t<section class=\"elementor-section elementor-top-section elementor-element elementor-element-485e576a elementor-section-boxed elementor-section-height-default elementor-section-height-default\" data-id=\"485e576a\" data-element_type=\"section\" data-e-type=\"section\">\n\t\t\t\t\t\t<div class=\"elementor-container elementor-column-gap-default\">\n\t\t\t\t\t<div class=\"elementor-column elementor-col-100 elementor-top-column elementor-element elementor-element-635c38c0\" data-id=\"635c38c0\" data-element_type=\"column\" data-e-type=\"column\">\n\t\t\t<div class=\"elementor-widget-wrap elementor-element-populated\">\n\t\t\t\t\t\t<div class=\"elementor-element elementor-element-3ba95c8a elementor-toc--minimized-on-tablet elementor-widget elementor-widget-table-of-contents\" data-id=\"3ba95c8a\" data-element_type=\"widget\" data-e-type=\"widget\" data-settings=\"{&quot;exclude_headings_by_selector&quot;:&quot;.toc-remove&quot;,&quot;headings_by_tags&quot;:[&quot;h2&quot;,&quot;h3&quot;],&quot;marker_view&quot;:&quot;numbers&quot;,&quot;no_headings_message&quot;:&quot;No se ha encontrado ning\\u00fan encabezado en esta p\\u00e1gina.&quot;,&quot;minimize_box&quot;:&quot;yes&quot;,&quot;minimized_on&quot;:&quot;tablet&quot;,&quot;hierarchical_view&quot;:&quot;yes&quot;,&quot;min_height&quot;:{&quot;unit&quot;:&quot;px&quot;,&quot;size&quot;:&quot;&quot;,&quot;sizes&quot;:[]},&quot;min_height_tablet&quot;:{&quot;unit&quot;:&quot;px&quot;,&quot;size&quot;:&quot;&quot;,&quot;sizes&quot;:[]},&quot;min_height_mobile&quot;:{&quot;unit&quot;:&quot;px&quot;,&quot;size&quot;:&quot;&quot;,&quot;sizes&quot;:[]}}\" data-widget_type=\"table-of-contents.default\">\n\t\t\t\t\t\t\t\t\t<div class=\"elementor-toc__header\">\n\t\t\t\t\t\t<div class=\"elementor-toc__header-title\">\n\t\t\t\tTable of Contents\t\t\t<\/div>\n\t\t\t\t\t\t\t\t\t\t<div class=\"elementor-toc__toggle-button elementor-toc__toggle-button--expand\" role=\"button\" tabindex=\"0\" aria-controls=\"elementor-toc__3ba95c8a\" aria-expanded=\"true\" aria-label=\"Abrir la tabla de contenidos\"><svg aria-hidden=\"true\" class=\"e-font-icon-svg e-fas-chevron-down\" viewBox=\"0 0 448 512\" xmlns=\"http:\/\/www.w3.org\/2000\/svg\"><path d=\"M207.029 381.476L12.686 187.132c-9.373-9.373-9.373-24.569 0-33.941l22.667-22.667c9.357-9.357 24.522-9.375 33.901-.04L224 284.505l154.745-154.021c9.379-9.335 24.544-9.317 33.901.04l22.667 22.667c9.373 9.373 9.373 24.569 0 33.941L240.971 381.476c-9.373 9.372-24.569 9.372-33.942 0z\"><\/path><\/svg><\/div>\n\t\t\t\t<div class=\"elementor-toc__toggle-button elementor-toc__toggle-button--collapse\" role=\"button\" tabindex=\"0\" aria-controls=\"elementor-toc__3ba95c8a\" aria-expanded=\"true\" aria-label=\"Cerrar la tabla de contenidos\"><svg aria-hidden=\"true\" class=\"e-font-icon-svg e-fas-chevron-up\" viewBox=\"0 0 448 512\" xmlns=\"http:\/\/www.w3.org\/2000\/svg\"><path d=\"M240.971 130.524l194.343 194.343c9.373 9.373 9.373 24.569 0 33.941l-22.667 22.667c-9.357 9.357-24.522 9.375-33.901.04L224 227.495 69.255 381.516c-9.379 9.335-24.544 9.317-33.901-.04l-22.667-22.667c-9.373-9.373-9.373-24.569 0-33.941L207.03 130.525c9.372-9.373 24.568-9.373 33.941-.001z\"><\/path><\/svg><\/div>\n\t\t\t\t\t<\/div>\n\t\t\t\t<div id=\"elementor-toc__3ba95c8a\" class=\"elementor-toc__body\">\n\t\t\t<div class=\"elementor-toc__spinner-container\">\n\t\t\t\t<svg class=\"elementor-toc__spinner eicon-animation-spin e-font-icon-svg e-eicon-loading\" aria-hidden=\"true\" viewBox=\"0 0 1000 1000\" xmlns=\"http:\/\/www.w3.org\/2000\/svg\"><path d=\"M500 975V858C696 858 858 696 858 500S696 142 500 142 142 304 142 500H25C25 237 238 25 500 25S975 237 975 500 763 975 500 975Z\"><\/path><\/svg>\t\t\t<\/div>\n\t\t<\/div>\n\t\t\t\t\t\t<\/div>\n\t\t\t\t\t<\/div>\n\t\t<\/div>\n\t\t\t\t\t<\/div>\n\t\t<\/section>\n\t\t\t\t<\/div>\n\t\t\n<h2>Entendiendo los Beneficios de Compensaci\u00f3n Laboral en Clearwater, FL<\/h2>\n<p>Si usted ha sido lesionado al hacer su trabajo en Clearwater, FL, usted puede recibir los siguientes tipos de beneficios.<\/p>\n<ul>\n<li>Beneficios M\u00e9dicos<\/li>\n<li>Salarios perdidos y otras compensaciones monetarias<\/li>\n<li>Beneficios por muerte<\/li>\n<\/ul>\n<p>Esto es lo que necesita saber sobre cada uno de estos tipos de indemnizaci\u00f3n y la cantidad m\u00e1xima que puede recibir.<\/p>\n<h3>Prestaciones m\u00e9dicas<\/h3>\n<p>Tras sufrir un accidente laboral, su empresa tiene derecho a proporcionarle tratamiento m\u00e9dico a trav\u00e9s de una compa\u00f1\u00eda de seguros. Algunas de las prestaciones m\u00e9dicas de las que puede disfrutar son las siguientes.<\/p>\n<ul>\n<li>Acceso a un m\u00e9dico de cabecera o especialista autorizado siempre que sea posible.<\/li>\n<li>Acceso a cuidados y tratamientos m\u00e9dicos como visitas al m\u00e9dico, fisioterapia, hospitalizaci\u00f3n, pruebas m\u00e9dicas, pr\u00f3tesis, medicamentos recetados y cuidados de acompa\u00f1ante.<\/li>\n<li>Reembolso del kilometraje en los desplazamientos de ida y vuelta a las citas con el m\u00e9dico o a la farmacia.<\/li>\n<\/ul>\n<p>Si quiere tener derecho a estas prestaciones m\u00e9dicas, debe comunicar su enfermedad lo antes posible a su empresa. Deben autorizar a un m\u00e9dico inmediatamente y la compa\u00f1\u00eda de seguros de su empresa autorizar\u00e1 el tratamiento de seguimiento.<\/p>\n<p>Si debe recibir tratamiento de urgencia, debe informar a alguien de urgencias de que se trata de una lesi\u00f3n relacionada con el trabajo. No olvides facilitarles los datos de tu empresa. No acuda a su propio m\u00e9dico para recibir tratamiento y s\u00f3lo debe visitar al m\u00e9dico autorizado.<\/p>\n<p>No falte a las citas, ya que dejar\u00e1 de percibir prestaciones m\u00e9dicas.<\/p>\n<p><a href=\"https:\/\/floridalawyers360.com\/wp-content\/uploads\/2024\/02\/clearwater-workers-comp-benefits2-copy.webp\"><img fetchpriority=\"high\" decoding=\"async\" class=\"alignnone wp-image-2866 size-full\" src=\"https:\/\/floridalawyers360.com\/wp-content\/uploads\/2024\/02\/clearwater-workers-comp-benefits2-copy.webp\" alt=\"Clearwater Workers' Compensation Benefits Lawyer\" width=\"500\" height=\"334\" srcset=\"https:\/\/floridalawyers360.com\/wp-content\/uploads\/2024\/02\/clearwater-workers-comp-benefits2-copy.webp 500w, https:\/\/floridalawyers360.com\/wp-content\/uploads\/2024\/02\/clearwater-workers-comp-benefits2-copy-300x200.webp 300w\" sizes=\"(max-width: 500px) 100vw, 500px\" \/><\/a><\/p>\n<h3>Salarios perdidos y otras indemnizaciones monetarias<\/h3>\n<p>Tiene derecho a recibir una indemnizaci\u00f3n por los salarios perdidos, tal como se resume a continuaci\u00f3n.<\/p>\n<h3>Indemnizaciones por fallecimiento<\/h3>\n<p>\u00bfTiene un ser querido que ha fallecido a causa de una lesi\u00f3n laboral? Pues bien, usted tiene derecho a prestaciones por defunci\u00f3n como familiar m\u00e1s cercano. Para tener derecho a las prestaciones por defunci\u00f3n, el fallecimiento debe haberse producido en el plazo de un a\u00f1o desde la fecha del accidente o despu\u00e9s de que su ser querido sufriera 5 a\u00f1os de incapacidad continuada.<\/p>\n<p>Se conceder\u00e1n prestaciones por defunci\u00f3n hasta un m\u00e1ximo de 150.000 $. Los familiares recibir\u00e1n gastos funerarios de hasta 7.500 $ y otras prestaciones compensatorias de acuerdo con <a href=\"http:\/\/laws.flrules.org\" target=\"_blank\" rel=\"noopener\">la Ley del Estado de Florida<\/a>.<\/p>\n<h2>4 Categor\u00edas de Compensaci\u00f3n de Trabajadores en Florida<\/h2>\n<p>Florida divide la compensaci\u00f3n de los trabajadores en 4 niveles. Esos niveles son:<\/p>\n<h3>Incapacidad Total Temporal (TTD)<\/h3>\n<p>Si su m\u00e9dico dice que usted no puede volver a trabajar debido a sus lesiones o enfermedades, usted debe recibir una indemnizaci\u00f3n de dos tercios de su salario semanal antes de las lesiones. Las prestaciones TTD no se abonar\u00e1n durante los 7 primeros d\u00edas a menos que lleve 21 d\u00edas sin ir a trabajar debido a una lesi\u00f3n laboral.<\/p>\n<p>Tambi\u00e9n puede recibir el 80% de su salario regular dependiendo del tipo de lesi\u00f3n sufrida pero hasta un m\u00e1ximo de 6 meses. Los beneficios TTD en Clearwater, FL se emiten hasta un m\u00e1ximo de 104 semanas.<\/p>\n<h3>Incapacidad Parcial Temporal (TPD)<\/h3>\n<p>Si su doctor dice que usted puede volver a trabajar pero con algunas restricciones, usted es elegible para beneficios TPD. En la mayor\u00eda de los casos, usted ser\u00e1 incapaz de realizar en su posici\u00f3n anterior y, a menudo aceptar un salario menor.<\/p>\n<p>Las prestaciones TPD le permiten recibir hasta el 80% del salario que percib\u00eda antes del accidente. Las prestaciones TPD en Florida s\u00f3lo se pagan hasta 104 semanas.<\/p>\n<h3>Incapacidad Parcial Permanente<\/h3>\n<p>Si su m\u00e9dico dice que ha alcanzado la mejor\u00eda m\u00e9dica m\u00e1xima, puede recibir prestaciones de PPD. En este caso, su estado no mejorar\u00e1 ni siquiera con tratamiento adicional, pero seguir\u00e1 recibiendo tratamiento para que se sienta c\u00f3modo.<\/p>\n<p>Su m\u00e9dico le recomendar\u00e1 restricciones laborales permanentes y le asignar\u00e1 un grado de incapacidad. Las prestaciones por incapacidad permanente total se conceder\u00e1n en funci\u00f3n de su grado de incapacidad y se ajustar\u00e1n a las normas de pago de las prestaciones por incapacidad permanente total.<\/p>\n<h3>Incapacidad permanente total<\/h3>\n<p>Si ha alcanzado la mejor\u00eda m\u00e9dica m\u00e1xima pero tiene lesiones tan graves que no puede volver a trabajar, recibir\u00e1 prestaciones por incapacidad total permanente. Estos beneficios ser\u00e1n emitidos por el resto de su vida y ser\u00e1n desembolsados de acuerdo a la tasa de TTD.<\/p>\n<p>Tenga en cuenta que las indemnizaciones por accidente de trabajo no est\u00e1n sujetas a tributaci\u00f3n. Sin embargo, si usted quiere asegurarse de que se calculan correctamente, usted necesita trabajar con un abogado de compensaci\u00f3n de trabajadores.<\/p>\n<p>Hemos trabajado en muchos casos de ases y negociaremos con la compa\u00f1\u00eda de seguros y su empleador para asegurarnos de que usted reciba lo que se le debe.<\/p>\n<p><a href=\"https:\/\/floridalawyers360.com\/wp-content\/uploads\/2024\/02\/clearwater-workers-comp-benefits1-copy.webp\"><img decoding=\"async\" class=\"alignnone size-full wp-image-2867\" src=\"https:\/\/floridalawyers360.com\/wp-content\/uploads\/2024\/02\/clearwater-workers-comp-benefits1-copy.webp\" alt=\"Workplace Injury\" width=\"500\" height=\"334\" srcset=\"https:\/\/floridalawyers360.com\/wp-content\/uploads\/2024\/02\/clearwater-workers-comp-benefits1-copy.webp 500w, https:\/\/floridalawyers360.com\/wp-content\/uploads\/2024\/02\/clearwater-workers-comp-benefits1-copy-300x200.webp 300w\" sizes=\"(max-width: 500px) 100vw, 500px\" \/><\/a><\/p>\n<h2>\u00bfPor qu\u00e9 deber\u00eda contratarnos para su caso de compensaci\u00f3n laboral?<\/h2>\n<p>S\u00ed, es una buena idea contratar a un abogado de compensaci\u00f3n de trabajadores para su reclamo de compensaci\u00f3n. Si desea la mejor representaci\u00f3n para su caso, debe llamar a la Coalici\u00f3n de Abogados de Compensaci\u00f3n de Trabajadores de la Florida inmediatamente. Podemos ayudarle con lo siguiente:<\/p>\n<ul>\n<li>Recopilaremos todas las pruebas pertinentes relativas a su caso para asegurarnos de que su reclamaci\u00f3n no sea denegada por motivos poco convincentes.<\/li>\n<li>Presentaremos su reclamaci\u00f3n de indemnizaci\u00f3n por accidente laboral dentro del plazo correcto para evitar que sea rechazada por haber prescrito.<\/li>\n<li>Podemos negociar con la compa\u00f1\u00eda de seguros de su empleador en su nombre. Por los muchos a\u00f1os que llevamos trabajando con otras compa\u00f1\u00edas de seguros nos hemos dado cuenta de que pueden intentar hacerle una oferta m\u00e1s baja para no tener que desembolsar mucho dinero. Con nuestras expertas habilidades de negociaci\u00f3n, siempre nos aseguraremos de que usted reciba la m\u00e1xima cantidad de compensaci\u00f3n que se le debe.<\/li>\n<li>Tenemos excelentes dotes de comunicaci\u00f3n. Por lo tanto, trabajaremos incansablemente para ponerle al d\u00eda sobre su caso mientras descansa y se recupera de las lesiones laborales sufridas.<\/li>\n<li>Contamos con un equipo jur\u00eddico formado por abogados litigantes que est\u00e1n preparados para representarle ante los tribunales en caso de que su caso acabe en juicio.<\/li>\n<\/ul>\n<p>Usted debe llamarnos hoy al <a href=\"tel:+19544487355\"><i class=\"fa fa-phone-alt\"><\/i>954-448-7355<\/a> y obtener la <a href=\"\/\">mejor representaci\u00f3n legal para su recl<\/a> amo de compensaci\u00f3n de trabajadores inmediatamente. Estamos listos para ayudar as\u00ed que perm\u00edtanos trabajar en su reclamo de compensaci\u00f3n de trabajadores en Clearwater, FL.<\/p>\n","protected":false},"excerpt":{"rendered":"<p>Despu\u00e9s de sufrir una enfermedad o lesi\u00f3n relacionada con el trabajo, usted necesita asegurarse de ser compensado por sus p\u00e9rdidas. Pues bien, gracias a los mejores abogados de indemnizaci\u00f3n laboral de Clearwater, FL, de la Coalici\u00f3n de Abogados de Indemnizaci\u00f3n Laboral de Florida, obtendr\u00e1 la ayuda que necesita para presentar su reclamaci\u00f3n. Trabajar con su [&hellip;]<\/p>\n","protected":false},"author":22,"featured_media":0,"parent":5710,"menu_order":0,"comment_status":"closed","ping_status":"closed","template":"","meta":{"_acf_changed":false,"anchor_text":"","footnotes":""},"categories":[],"tags":[],"class_list":["post-5732","page","type-page","status-publish","hentry"],"acf":[],"_links":{"self":[{"href":"https:\/\/floridalawyers360.com\/es\/wp-json\/wp\/v2\/pages\/5732","targetHints":{"allow":["GET"]}}],"collection":[{"href":"https:\/\/floridalawyers360.com\/es\/wp-json\/wp\/v2\/pages"}],"about":[{"href":"https:\/\/floridalawyers360.com\/es\/wp-json\/wp\/v2\/types\/page"}],"author":[{"embeddable":true,"href":"https:\/\/floridalawyers360.com\/es\/wp-json\/wp\/v2\/users\/22"}],"replies":[{"embeddable":true,"href":"https:\/\/floridalawyers360.com\/es\/wp-json\/wp\/v2\/comments?post=5732"}],"version-history":[{"count":3,"href":"https:\/\/floridalawyers360.com\/es\/wp-json\/wp\/v2\/pages\/5732\/revisions"}],"predecessor-version":[{"id":5735,"href":"https:\/\/floridalawyers360.com\/es\/wp-json\/wp\/v2\/pages\/5732\/revisions\/5735"}],"up":[{"embeddable":true,"href":"https:\/\/floridalawyers360.com\/es\/wp-json\/wp\/v2\/pages\/5710"}],"wp:attachment":[{"href":"https:\/\/floridalawyers360.com\/es\/wp-json\/wp\/v2\/media?parent=5732"}],"wp:term":[{"taxonomy":"category","embeddable":true,"href":"https:\/\/floridalawyers360.com\/es\/wp-json\/wp\/v2\/categories?post=5732"},{"taxonomy":"post_tag","embeddable":true,"href":"https:\/\/floridalawyers360.com\/es\/wp-json\/wp\/v2\/tags?post=5732"}],"curies":[{"name":"wp","href":"https:\/\/api.w.org\/{rel}","templated":true}]}}