{"id":5728,"date":"2024-02-13T16:14:28","date_gmt":"2024-02-13T21:14:28","guid":{"rendered":"https:\/\/floridalawyers360.com\/clearwater\/reporting-a-work-injury-in-clearwater-fl\/"},"modified":"2024-03-11T02:33:53","modified_gmt":"2024-03-11T07:33:53","slug":"denuncia-de-un-accidente-laboral-en-clearwater","status":"publish","type":"page","link":"https:\/\/floridalawyers360.com\/es\/clearwater\/denuncia-de-un-accidente-laboral-en-clearwater\/","title":{"rendered":"Denuncia de un accidente laboral en Clearwater"},"content":{"rendered":"<p>Seg\u00fan la legislaci\u00f3n federal, la indemnizaci\u00f3n por accidente laboral es un seguro obligatorio que las empresas deben contratar para sus trabajadores. Garantiza que los empleados est\u00e9n cubiertos frente a cualquier p\u00e9rdida atribuida a lesiones o enfermedades sufridas en el trabajo.<\/p>\n<p>Sin embargo, los empleados deben informar del incidente y asegurarse de que presentan una solicitud de indemnizaci\u00f3n dentro del plazo estipulado seg\u00fan la normativa del Estado de Florida. No obstante, puede evitar estos apuros contratando al mejor abogado especializado en indemnizaciones por accidentes laborales a la hora de denunciar un accidente laboral en Clearwater, FL.<\/p>\n<div class=\"embed-container\"><iframe src=\"https:\/\/www.youtube.com\/embed\/xaklaNlcsso\" frameborder=\"0\" allowfullscreen=\"allowfullscreen\"><\/iframe><\/div>\n<p>En Florida Lawyers 360, estamos familiarizados con los diversos desaf\u00edos que la gente puede encontrar al perseguir la compensaci\u00f3n de trabajadores. Algunos obtendr\u00e1n una compensaci\u00f3n completa, otros recibir\u00e1n una compensaci\u00f3n parcial, y las reclamaciones denegadas para otros.<\/p>\n<p>Por lo tanto, lo mejor es contratarnos para mejorar sus posibilidades de obtener una indemnizaci\u00f3n completa. Ll\u00e1menos hoy mismo al <a href=\"tel:+19544487355\"><i class=\"fa fa-phone-alt\"><\/i>954-448-7355<\/a> para hablar con nuestro <a href=\"https:\/\/floridalawyers360.com\/clearwater\/\">experimentado abogado de compensaci\u00f3n laboral de Clearwater, FL<\/a> para iniciar el proceso de reclamaci\u00f3n.<\/p>\n\t\t<div data-elementor-type=\"section\" data-elementor-id=\"208\" class=\"elementor elementor-208\" data-elementor-post-type=\"elementor_library\">\n\t\t\t\t\t<section class=\"elementor-section elementor-top-section elementor-element elementor-element-485e576a elementor-section-boxed elementor-section-height-default elementor-section-height-default\" data-id=\"485e576a\" data-element_type=\"section\" data-e-type=\"section\">\n\t\t\t\t\t\t<div class=\"elementor-container elementor-column-gap-default\">\n\t\t\t\t\t<div class=\"elementor-column elementor-col-100 elementor-top-column elementor-element elementor-element-635c38c0\" data-id=\"635c38c0\" data-element_type=\"column\" data-e-type=\"column\">\n\t\t\t<div class=\"elementor-widget-wrap elementor-element-populated\">\n\t\t\t\t\t\t<div class=\"elementor-element elementor-element-3ba95c8a elementor-toc--minimized-on-tablet elementor-widget elementor-widget-table-of-contents\" data-id=\"3ba95c8a\" data-element_type=\"widget\" data-e-type=\"widget\" data-settings=\"{&quot;exclude_headings_by_selector&quot;:&quot;.toc-remove&quot;,&quot;headings_by_tags&quot;:[&quot;h2&quot;,&quot;h3&quot;],&quot;marker_view&quot;:&quot;numbers&quot;,&quot;no_headings_message&quot;:&quot;No headings were found on this page.&quot;,&quot;minimize_box&quot;:&quot;yes&quot;,&quot;minimized_on&quot;:&quot;tablet&quot;,&quot;hierarchical_view&quot;:&quot;yes&quot;,&quot;min_height&quot;:{&quot;unit&quot;:&quot;px&quot;,&quot;size&quot;:&quot;&quot;,&quot;sizes&quot;:[]},&quot;min_height_tablet&quot;:{&quot;unit&quot;:&quot;px&quot;,&quot;size&quot;:&quot;&quot;,&quot;sizes&quot;:[]},&quot;min_height_mobile&quot;:{&quot;unit&quot;:&quot;px&quot;,&quot;size&quot;:&quot;&quot;,&quot;sizes&quot;:[]}}\" data-widget_type=\"table-of-contents.default\">\n\t\t\t\t\t\t\t\t\t<div class=\"elementor-toc__header\">\n\t\t\t\t\t\t<div class=\"elementor-toc__header-title\">\n\t\t\t\tTable of Contents\t\t\t<\/div>\n\t\t\t\t\t\t\t\t\t\t<div class=\"elementor-toc__toggle-button elementor-toc__toggle-button--expand\" role=\"button\" tabindex=\"0\" aria-controls=\"elementor-toc__3ba95c8a\" aria-expanded=\"true\" aria-label=\"Open table of contents\"><svg aria-hidden=\"true\" class=\"e-font-icon-svg e-fas-chevron-down\" viewBox=\"0 0 448 512\" xmlns=\"http:\/\/www.w3.org\/2000\/svg\"><path d=\"M207.029 381.476L12.686 187.132c-9.373-9.373-9.373-24.569 0-33.941l22.667-22.667c9.357-9.357 24.522-9.375 33.901-.04L224 284.505l154.745-154.021c9.379-9.335 24.544-9.317 33.901.04l22.667 22.667c9.373 9.373 9.373 24.569 0 33.941L240.971 381.476c-9.373 9.372-24.569 9.372-33.942 0z\"><\/path><\/svg><\/div>\n\t\t\t\t<div class=\"elementor-toc__toggle-button elementor-toc__toggle-button--collapse\" role=\"button\" tabindex=\"0\" aria-controls=\"elementor-toc__3ba95c8a\" aria-expanded=\"true\" aria-label=\"Close table of contents\"><svg aria-hidden=\"true\" class=\"e-font-icon-svg e-fas-chevron-up\" viewBox=\"0 0 448 512\" xmlns=\"http:\/\/www.w3.org\/2000\/svg\"><path d=\"M240.971 130.524l194.343 194.343c9.373 9.373 9.373 24.569 0 33.941l-22.667 22.667c-9.357 9.357-24.522 9.375-33.901.04L224 227.495 69.255 381.516c-9.379 9.335-24.544 9.317-33.901-.04l-22.667-22.667c-9.373-9.373-9.373-24.569 0-33.941L207.03 130.525c9.372-9.373 24.568-9.373 33.941-.001z\"><\/path><\/svg><\/div>\n\t\t\t\t\t<\/div>\n\t\t\t\t<div id=\"elementor-toc__3ba95c8a\" class=\"elementor-toc__body\">\n\t\t\t<div class=\"elementor-toc__spinner-container\">\n\t\t\t\t<svg class=\"elementor-toc__spinner eicon-animation-spin e-font-icon-svg e-eicon-loading\" aria-hidden=\"true\" viewBox=\"0 0 1000 1000\" xmlns=\"http:\/\/www.w3.org\/2000\/svg\"><path d=\"M500 975V858C696 858 858 696 858 500S696 142 500 142 142 304 142 500H25C25 237 238 25 500 25S975 237 975 500 763 975 500 975Z\"><\/path><\/svg>\t\t\t<\/div>\n\t\t<\/div>\n\t\t\t\t\t\t<\/div>\n\t\t\t\t\t<\/div>\n\t\t<\/div>\n\t\t\t\t\t<\/div>\n\t\t<\/section>\n\t\t\t\t<\/div>\n\t\t\n<h2>\u00bfCu\u00e1nto tiempo tengo para informar de una lesi\u00f3n laboral en Clearwater, Florida?<\/h2>\n<p>Tanto la ley federal como la estatal estipulan que los trabajadores deben notificar a sus empleadores o proveedor de seguros de su enfermedad o lesi\u00f3n relacionada con el trabajo dentro de los treinta d\u00edas siguientes a la fecha del incidente.<\/p>\n<p>Sin embargo, en algunas situaciones, un empleado puede no ser consciente de la lesi\u00f3n o enfermedad pero se entera d\u00edas o semanas despu\u00e9s del accidente. En tal caso, el trabajador tambi\u00e9n dispone de treinta d\u00edas desde la fecha en que se enter\u00f3 de la dolencia para notificarlo a la compa\u00f1\u00eda de seguros o al empresario.<\/p>\n<p>Recomendamos denunciar el asunto inmediatamente de que se produzca para disponer de pruebas fehacientes que respalden su reclamaci\u00f3n por lesiones.<\/p>\n<p>Adem\u00e1s, el plazo estipulado de 30 d\u00edas tambi\u00e9n da tiempo suficiente a su empresario para investigar, aspecto que tiene implicaciones legales que pueden jugar a favor o en contra de su caso de reclamaci\u00f3n de indemnizaci\u00f3n por accidente laboral.<\/p>\n<p><a href=\"https:\/\/floridalawyers360.com\/wp-content\/uploads\/2024\/02\/clearwater-reporting-work-injury1-copy.webp\"><img fetchpriority=\"high\" decoding=\"async\" class=\"alignnone size-full wp-image-2857\" src=\"https:\/\/floridalawyers360.com\/wp-content\/uploads\/2024\/02\/clearwater-reporting-work-injury1-copy.webp\" alt=\"Reporting a Work Injury in Clearwater, FL\" width=\"500\" height=\"334\" srcset=\"https:\/\/floridalawyers360.com\/wp-content\/uploads\/2024\/02\/clearwater-reporting-work-injury1-copy.webp 500w, https:\/\/floridalawyers360.com\/wp-content\/uploads\/2024\/02\/clearwater-reporting-work-injury1-copy-300x200.webp 300w\" sizes=\"(max-width: 500px) 100vw, 500px\" \/><\/a><\/p>\n<h2>\u00bfA qui\u00e9n debo informar de una lesi\u00f3n laboral?<\/h2>\n<p>Los empleados deben seguir varios procedimientos al notificar una lesi\u00f3n o enfermedad laboral. A la inversa, el empresario tambi\u00e9n tiene algunos procedimientos que observar tras ser notificado del incidente.<\/p>\n<p>Un trabajador lesionado debe estar familiarizado con las leyes de compensaci\u00f3n de los trabajadores del estado para conocer los pasos legalmente reconocidos que debe dar. Pero estas normas difieren de un estado a otro, por lo que pueden resultar confusas para algunas personas. Por eso es mejor buscar un abogado experto y de confianza especializado en indemnizaci\u00f3n por accidente laboral.<\/p>\n<p>Se espera de usted que informe del accidente laboral a la autoridad competente, presentando una notificaci\u00f3n por escrito que deber\u00e1 firmar una vez recibida, y quedarse con una copia. Probablemente entregar\u00e1 la notificaci\u00f3n a su jefe, capataz, jefe de equipo, supervisor o al propietario de la empresa.<\/p>\n<h2>\u00bfCu\u00e1les son las responsabilidades del empresario tras un accidente laboral?<\/h2>\n<p>Los empleadores tienen varias cosas que est\u00e1n obligados a cumplir despu\u00e9s de ser informados por un empleado sobre un accidente de trabajo. Las responsabilidades est\u00e1n sujetas a las leyes de compensaci\u00f3n de trabajadores del Estado de Florida. Por lo tanto, su empleador est\u00e1 obligado a hacer lo siguiente:<\/p>\n<ul>\n<li><strong>Notificar el incidente<\/strong> (ya sea una lesi\u00f3n o una enfermedad) al WSIB (Workplace Safety &amp; Insurance Board). Deben indicar la naturaleza del accidente y si ha obligado al trabajador a ausentarse del trabajo para recibir tratamiento y recuperarse.<\/li>\n<li><strong>Informar a las autoridades competentes<\/strong> sobre el incidente. Por ejemplo, supongamos que el accidente se ha producido en una obra, entonces el empresario debe informar al Departamento de Trabajo de Florida y al Comit\u00e9 Mixto de Seguridad y Salud.<\/li>\n<li><strong>Asegurarse de que el trabajador<\/strong> lesionado sigue recibiendo las prestaciones de cotizaci\u00f3n al empleo, como pensi\u00f3n, seguro m\u00e9dico y seguro de vida.<\/li>\n<li>El empresario debe asegurarse de que <strong>el trabajador lesionado conserva su empleo<\/strong> y reanuda su trabajo tras recuperarse. A veces, el empleado puede ser destinado a un departamento diferente o se le puede asignar una funci\u00f3n distinta en funci\u00f3n de c\u00f3mo haya afectado el accidente a sus habilidades y rendimiento en el trabajo.<\/li>\n<\/ul>\n<h2>\u00bfResponsabilidad del empleado tras una lesi\u00f3n laboral?<\/h2>\n<p>Mientras que la compensaci\u00f3n de los trabajadores es obligatoria para todos los empleadores para asegurar para su personal, los empleados deben cumplir con varias responsabilidades seg\u00fan lo estipulado por la ley de compensaci\u00f3n de los trabajadores del Estado de Florida. Los procedimientos son cruciales en el \u00e9xito del caso de reclamaci\u00f3n por lesiones en el lugar de trabajo.<\/p>\n<p>Como tal, los empleados est\u00e1n obligados a hacer lo siguiente:<\/p>\n<ul>\n<li><strong>Informar del accidente <\/strong>a los superiores, ya sea el gerente, el supervisor, el jefe de equipo, el capataz o el propietario de la empresa. Lo mejor es hacerlo en el momento del accidente o inmediatamente despu\u00e9s de saber que ha sufrido una lesi\u00f3n o desarrollado una enfermedad a causa del incidente.<\/li>\n<li>La notificaci\u00f3n debe hacerse mediante un <strong>aviso por escrito<\/strong>, lo que implica rellenar un formulario de parte de lesi\u00f3n del supervisor o un formulario de lesi\u00f3n laboral.<\/li>\n<li><strong>Rellenar un formulario WC-14<\/strong>, pres\u00e9ntelo a la Junta de Compensaci\u00f3n de Trabajadores del Estado de Florida y entregue al empresario una copia del mismo documento.<\/li>\n<li><strong>Busque atenci\u00f3n m\u00e9dica inmediata <\/strong>aunque las lesiones parezcan leves o despu\u00e9s de haber estado expuesto a materiales peligrosos. Adem\u00e1s, el trabajador debe llevar un registro detallado de los da\u00f1os sufridos, ya que presentar\u00e1 estos documentos al solicitar la indemnizaci\u00f3n, lo que reducir\u00e1 al m\u00ednimo las posibilidades de que le denieguen la solicitud.<\/li>\n<\/ul>\n<p>&nbsp;<\/p>\n<p>El incumplimiento de estos requisitos seg\u00fan la ley puede dar lugar a que la reclamaci\u00f3n de compensaci\u00f3n de los trabajadores no sea revisada y aprobada, y que el empleado no reciba una indemnizaci\u00f3n por sus lesiones y p\u00e9rdidas relacionadas.<\/p>\n<p>Teniendo en cuenta estos posibles resultados, la contrataci\u00f3n de un abogado de compensaci\u00f3n de trabajadores con experiencia de Florida abogados 360 es una decisi\u00f3n inteligente si se quiere evitar el ajetreo de reportar una lesi\u00f3n de trabajo y asegurar que su caso de reclamaci\u00f3n tenga \u00e9xito.<\/p>\n<p><a href=\"https:\/\/floridalawyers360.com\/wp-content\/uploads\/2024\/02\/clearwater-reporting-work-injury2-copy.webp\"><img decoding=\"async\" class=\"alignnone size-full wp-image-2856\" src=\"https:\/\/floridalawyers360.com\/wp-content\/uploads\/2024\/02\/clearwater-reporting-work-injury2-copy.webp\" alt=\"Call our Clearwater lawyers when you need assistance on reporting a work injury\" width=\"500\" height=\"334\" srcset=\"https:\/\/floridalawyers360.com\/wp-content\/uploads\/2024\/02\/clearwater-reporting-work-injury2-copy.webp 500w, https:\/\/floridalawyers360.com\/wp-content\/uploads\/2024\/02\/clearwater-reporting-work-injury2-copy-300x200.webp 300w\" sizes=\"(max-width: 500px) 100vw, 500px\" \/><\/a><\/p>\n<h2>Obtenga el mejor asesoramiento y orientaci\u00f3n legal cuando denuncie un accidente laboral en Clearwater, FL<\/h2>\n<p>La indemnizaci\u00f3n por accidente laboral es un seguro obligatorio al que tienen derecho todos los trabajadores en activo. Sin embargo, recibir los beneficios de esta cobertura de seguro es un procedimiento que requiere que tanto el empleador como el empleado sigan varios requisitos.<\/p>\n<p>En Florida Lawyers 360, sabemos lo engorroso que esto puede ser para usted si adem\u00e1s tiene que lidiar con su lesi\u00f3n o enfermedad.<\/p>\n<p>Por eso te ayudaremos a denunciar la lesi\u00f3n o enfermedad laboral ante las autoridades pertinentes y te orientaremos sobre los pasos legales que debes cubrir para asegurar tus posibilidades de obtener una indemnizaci\u00f3n completa.<\/p>\n<p>Ll\u00e1menos hoy mismo al <a href=\"tel:+19544487355\"><i class=\"fa fa-phone-alt\"><\/i>954-448-7355<\/a> para hablar con nuestros abogados de indemnizaci\u00f3n laboral en Clearwater, FL, y saber m\u00e1s sobre c\u00f3mo podemos ayudarle. Cuanto antes denunciemos el accidente e iniciemos el proceso de reclamaci\u00f3n, mejor.<\/p>\n","protected":false},"excerpt":{"rendered":"<p>Seg\u00fan la legislaci\u00f3n federal, la indemnizaci\u00f3n por accidente laboral es un seguro obligatorio que las empresas deben contratar para sus trabajadores. Garantiza que los empleados est\u00e9n cubiertos frente a cualquier p\u00e9rdida atribuida a lesiones o enfermedades sufridas en el trabajo. Sin embargo, los empleados deben informar del incidente y asegurarse de que presentan una solicitud [&hellip;]<\/p>\n","protected":false},"author":22,"featured_media":0,"parent":5710,"menu_order":0,"comment_status":"closed","ping_status":"closed","template":"","meta":{"_acf_changed":false,"anchor_text":"","footnotes":""},"categories":[],"tags":[],"class_list":["post-5728","page","type-page","status-publish","hentry"],"acf":[],"_links":{"self":[{"href":"https:\/\/floridalawyers360.com\/es\/wp-json\/wp\/v2\/pages\/5728","targetHints":{"allow":["GET"]}}],"collection":[{"href":"https:\/\/floridalawyers360.com\/es\/wp-json\/wp\/v2\/pages"}],"about":[{"href":"https:\/\/floridalawyers360.com\/es\/wp-json\/wp\/v2\/types\/page"}],"author":[{"embeddable":true,"href":"https:\/\/floridalawyers360.com\/es\/wp-json\/wp\/v2\/users\/22"}],"replies":[{"embeddable":true,"href":"https:\/\/floridalawyers360.com\/es\/wp-json\/wp\/v2\/comments?post=5728"}],"version-history":[{"count":3,"href":"https:\/\/floridalawyers360.com\/es\/wp-json\/wp\/v2\/pages\/5728\/revisions"}],"predecessor-version":[{"id":5731,"href":"https:\/\/floridalawyers360.com\/es\/wp-json\/wp\/v2\/pages\/5728\/revisions\/5731"}],"up":[{"embeddable":true,"href":"https:\/\/floridalawyers360.com\/es\/wp-json\/wp\/v2\/pages\/5710"}],"wp:attachment":[{"href":"https:\/\/floridalawyers360.com\/es\/wp-json\/wp\/v2\/media?parent=5728"}],"wp:term":[{"taxonomy":"category","embeddable":true,"href":"https:\/\/floridalawyers360.com\/es\/wp-json\/wp\/v2\/categories?post=5728"},{"taxonomy":"post_tag","embeddable":true,"href":"https:\/\/floridalawyers360.com\/es\/wp-json\/wp\/v2\/tags?post=5728"}],"curies":[{"name":"wp","href":"https:\/\/api.w.org\/{rel}","templated":true}]}}