{"id":5724,"date":"2024-02-13T16:13:51","date_gmt":"2024-02-13T21:13:51","guid":{"rendered":"https:\/\/floridalawyers360.com\/clearwater\/clearwater-workers-compensation-lawyer\/"},"modified":"2024-03-11T02:21:00","modified_gmt":"2024-03-11T07:21:00","slug":"abogado-de-indemnizacion-por-accidentes-laborales","status":"publish","type":"page","link":"https:\/\/floridalawyers360.com\/es\/clearwater\/abogado-de-indemnizacion-por-accidentes-laborales\/","title":{"rendered":"Abogado de indemnizaci\u00f3n por accidentes laborales"},"content":{"rendered":"<p>Florida exige que casi todas las empresas con 4 o m\u00e1s empleados, con algunas excepciones, tengan un seguro de indemnizaci\u00f3n por accidentes laborales. El estatuto de compensaci\u00f3n de los trabajadores de Florida cubre la mayor\u00eda de las enfermedades y lesiones que se producen en el lugar de trabajo.<\/p>\n<p>Si ha sufrido una lesi\u00f3n mientras trabajaba y le preocupan las facturas m\u00e9dicas y la p\u00e9rdida de salario, debe saber que el estatuto de compensaci\u00f3n de los trabajadores de Florida puede ayudarle. El estatuto est\u00e1 dise\u00f1ado para ayudar a los trabajadores a cubrir sus gastos cuando se est\u00e1n recuperando de sus lesiones.<\/p>\n<p>Llame a nuestro abogado de compensaci\u00f3n laboral de Clearwater al <a href=\"tel:+19544487355\"><i class=\"fa fa-phone-alt\"><\/i>954-448-7355<\/a> para obtener la experiencia que su caso requiere.<\/p>\n\t\t<div data-elementor-type=\"section\" data-elementor-id=\"208\" class=\"elementor elementor-208\" data-elementor-post-type=\"elementor_library\">\n\t\t\t\t\t<section class=\"elementor-section elementor-top-section elementor-element elementor-element-485e576a elementor-section-boxed elementor-section-height-default elementor-section-height-default\" data-id=\"485e576a\" data-element_type=\"section\" data-e-type=\"section\">\n\t\t\t\t\t\t<div class=\"elementor-container elementor-column-gap-default\">\n\t\t\t\t\t<div class=\"elementor-column elementor-col-100 elementor-top-column elementor-element elementor-element-635c38c0\" data-id=\"635c38c0\" data-element_type=\"column\" data-e-type=\"column\">\n\t\t\t<div class=\"elementor-widget-wrap elementor-element-populated\">\n\t\t\t\t\t\t<div class=\"elementor-element elementor-element-3ba95c8a elementor-toc--minimized-on-tablet elementor-widget elementor-widget-table-of-contents\" data-id=\"3ba95c8a\" data-element_type=\"widget\" data-e-type=\"widget\" data-settings=\"{&quot;exclude_headings_by_selector&quot;:&quot;.toc-remove&quot;,&quot;headings_by_tags&quot;:[&quot;h2&quot;,&quot;h3&quot;],&quot;marker_view&quot;:&quot;numbers&quot;,&quot;no_headings_message&quot;:&quot;No headings were found on this page.&quot;,&quot;minimize_box&quot;:&quot;yes&quot;,&quot;minimized_on&quot;:&quot;tablet&quot;,&quot;hierarchical_view&quot;:&quot;yes&quot;,&quot;min_height&quot;:{&quot;unit&quot;:&quot;px&quot;,&quot;size&quot;:&quot;&quot;,&quot;sizes&quot;:[]},&quot;min_height_tablet&quot;:{&quot;unit&quot;:&quot;px&quot;,&quot;size&quot;:&quot;&quot;,&quot;sizes&quot;:[]},&quot;min_height_mobile&quot;:{&quot;unit&quot;:&quot;px&quot;,&quot;size&quot;:&quot;&quot;,&quot;sizes&quot;:[]}}\" data-widget_type=\"table-of-contents.default\">\n\t\t\t\t\t\t\t\t\t<div class=\"elementor-toc__header\">\n\t\t\t\t\t\t<div class=\"elementor-toc__header-title\">\n\t\t\t\tTable of Contents\t\t\t<\/div>\n\t\t\t\t\t\t\t\t\t\t<div class=\"elementor-toc__toggle-button elementor-toc__toggle-button--expand\" role=\"button\" tabindex=\"0\" aria-controls=\"elementor-toc__3ba95c8a\" aria-expanded=\"true\" aria-label=\"Open table of contents\"><svg aria-hidden=\"true\" class=\"e-font-icon-svg e-fas-chevron-down\" viewBox=\"0 0 448 512\" xmlns=\"http:\/\/www.w3.org\/2000\/svg\"><path d=\"M207.029 381.476L12.686 187.132c-9.373-9.373-9.373-24.569 0-33.941l22.667-22.667c9.357-9.357 24.522-9.375 33.901-.04L224 284.505l154.745-154.021c9.379-9.335 24.544-9.317 33.901.04l22.667 22.667c9.373 9.373 9.373 24.569 0 33.941L240.971 381.476c-9.373 9.372-24.569 9.372-33.942 0z\"><\/path><\/svg><\/div>\n\t\t\t\t<div class=\"elementor-toc__toggle-button elementor-toc__toggle-button--collapse\" role=\"button\" tabindex=\"0\" aria-controls=\"elementor-toc__3ba95c8a\" aria-expanded=\"true\" aria-label=\"Close table of contents\"><svg aria-hidden=\"true\" class=\"e-font-icon-svg e-fas-chevron-up\" viewBox=\"0 0 448 512\" xmlns=\"http:\/\/www.w3.org\/2000\/svg\"><path d=\"M240.971 130.524l194.343 194.343c9.373 9.373 9.373 24.569 0 33.941l-22.667 22.667c-9.357 9.357-24.522 9.375-33.901.04L224 227.495 69.255 381.516c-9.379 9.335-24.544 9.317-33.901-.04l-22.667-22.667c-9.373-9.373-9.373-24.569 0-33.941L207.03 130.525c9.372-9.373 24.568-9.373 33.941-.001z\"><\/path><\/svg><\/div>\n\t\t\t\t\t<\/div>\n\t\t\t\t<div id=\"elementor-toc__3ba95c8a\" class=\"elementor-toc__body\">\n\t\t\t<div class=\"elementor-toc__spinner-container\">\n\t\t\t\t<svg class=\"elementor-toc__spinner eicon-animation-spin e-font-icon-svg e-eicon-loading\" aria-hidden=\"true\" viewBox=\"0 0 1000 1000\" xmlns=\"http:\/\/www.w3.org\/2000\/svg\"><path d=\"M500 975V858C696 858 858 696 858 500S696 142 500 142 142 304 142 500H25C25 237 238 25 500 25S975 237 975 500 763 975 500 975Z\"><\/path><\/svg>\t\t\t<\/div>\n\t\t<\/div>\n\t\t\t\t\t\t<\/div>\n\t\t\t\t\t<\/div>\n\t\t<\/div>\n\t\t\t\t\t<\/div>\n\t\t<\/section>\n\t\t\t\t<\/div>\n\t\t\n<h2>\u00bfQu\u00e9 es la indemnizaci\u00f3n por accidente laboral?<\/h2>\n<p>Las leyes de compensaci\u00f3n de los trabajadores de Florida est\u00e1n dise\u00f1adas para ayudar a los empleados que han sufrido una lesi\u00f3n en el trabajo. Las leyes proporcionan una serie de beneficios. Todos los empresarios de Florida est\u00e1n obligados a contratar un seguro de compensaci\u00f3n de los trabajadores.<\/p>\n<p>Protege tanto al empresario como a los empleados. El mayor beneficio del seguro de compensaci\u00f3n de los trabajadores para los empresarios es que les da inmunidad frente a las demandas por lesiones. Los empleados tambi\u00e9n se benefician, ya que pueden solicitar el reembolso de los gastos m\u00e9dicos, la p\u00e9rdida de salarios y otros gastos.<\/p>\n<p>La cuant\u00eda de las prestaciones y la duraci\u00f3n de las mismas dependen de cada caso.<\/p>\n<p>Por este motivo, debe ponerse en contacto con los <a href=\"https:\/\/floridalawyers360.com\/clearwater\/personal-injury-lawyer\/\">abogados<\/a> expertos en <a href=\"https:\/\/floridalawyers360.com\/clearwater\/personal-injury-lawyer\/\">lesiones personales<\/a> de Florida Lawyers 360 para obtener m\u00e1s informaci\u00f3n sobre las prestaciones a las que tiene derecho en virtud de las leyes de compensaci\u00f3n de los trabajadores de Florida.<\/p>\n<p>Algunos de los beneficios de compensaci\u00f3n laboral m\u00e1s comunes incluyen:<\/p>\n<h3>Gastos m\u00e9dicos<\/h3>\n<p>Los empleados tienen derecho a recibir tratamiento m\u00e9dico por todas sus lesiones laborales y el seguro debe cubrir todos los gastos relacionados con visitas al hospital, recetas, fisioterapia, cirug\u00eda y cualquier otro tratamiento que el empleado necesite para recuperarse de sus lesiones.<\/p>\n<p>Lo \u00fanico importante es que te trate un proveedor autorizado. No puede acudir a su m\u00e9dico de cabecera o al m\u00e9dico que prefiera. Tiene que acudir a un proveedor autorizado.<\/p>\n<p>Las prestaciones tambi\u00e9n cubrir\u00e1n el coste de cualquier pr\u00f3tesis que necesite, as\u00ed como los gastos de desplazamiento para sus visitas al m\u00e9dico y a la farmacia.<\/p>\n<h3>P\u00e9rdida de salario<\/h3>\n<p>Tambi\u00e9n tiene derecho a percibir una indemnizaci\u00f3n semanal cuando percibe una indemnizaci\u00f3n por accidente de trabajo. La cuant\u00eda de la prestaci\u00f3n semanal est\u00e1 en funci\u00f3n del dinero que ganaba mientras trabajaba.<\/p>\n<p>En la mayor\u00eda de los casos, se conceden alrededor de dos tercios del salario semanal cuando un empleado est\u00e1 en compensaci\u00f3n de trabajadores, y este dinero no se grava.<\/p>\n<p><a href=\"https:\/\/floridalawyers360.com\/wp-content\/uploads\/2024\/02\/clearwater-workers-comp1-copy.webp\"><img fetchpriority=\"high\" decoding=\"async\" class=\"alignnone size-full wp-image-2860\" src=\"https:\/\/floridalawyers360.com\/wp-content\/uploads\/2024\/02\/clearwater-workers-comp1-copy.webp\" alt=\"Worker injured \" width=\"500\" height=\"334\" srcset=\"https:\/\/floridalawyers360.com\/wp-content\/uploads\/2024\/02\/clearwater-workers-comp1-copy.webp 500w, https:\/\/floridalawyers360.com\/wp-content\/uploads\/2024\/02\/clearwater-workers-comp1-copy-300x200.webp 300w\" sizes=\"(max-width: 500px) 100vw, 500px\" \/><\/a><\/p>\n<h2>\u00bfQu\u00e9 debo hacer si me lesiono en el trabajo?<\/h2>\n<p>Si se lesiona en el trabajo, siga estos pasos para proteger su reclamaci\u00f3n de indemnizaci\u00f3n por accidente de trabajo:<\/p>\n<h3>Busque atenci\u00f3n m\u00e9dica<\/h3>\n<p>Si usted sufre una lesi\u00f3n mientras trabaja en <a href=\"https:\/\/www.myclearwater.com\/Home\" target=\"_blank\" rel=\"noopener\">Clearwater, Florida<\/a>, lo primero que debe hacer es buscar atenci\u00f3n m\u00e9dica adecuada. Es importante obtener un diagn\u00f3stico y un tratamiento adecuados lo antes posible despu\u00e9s de sufrir una lesi\u00f3n para garantizar que pueda curarse lo antes posible.<\/p>\n<p>Si sus lesiones son graves, llame siempre a una ambulancia. Para lesiones menos graves, es importante que visite inmediatamente a un m\u00e9dico. Es importante tener en cuenta que las leyes de compensaci\u00f3n de trabajadores de Florida requieren que usted s\u00f3lo busque tratamiento de un proveedor que haya sido autorizado por el empleador.<\/p>\n<h3>Informe a su empleador<\/h3>\n<p>Tambi\u00e9n debe informar a su empleador sobre la lesi\u00f3n en el lugar de trabajo. Es importante que se lo notifique por escrito aunque haya presenciado el accidente personalmente. Debe comunicarles el incidente, cu\u00e1ndo y d\u00f3nde ocurri\u00f3, as\u00ed como los datos del m\u00e9dico que le trata.<\/p>\n<p>Est\u00e1 obligado a notificarlo en los 30 d\u00edas siguientes al accidente. En caso de que no notifique a su empleador, podr\u00eda poner en peligro su reclamaci\u00f3n y podr\u00eda no ser capaz de recuperar la compensaci\u00f3n por los da\u00f1os sufridos.<\/p>\n<p>P\u00f3ngase en contacto con el experimentado abogado de compensaci\u00f3n de trabajadores de Clearwater en Florida Lawyers 360 para saber m\u00e1s sobre sus derechos bajo las leyes de compensaci\u00f3n de trabajadores.<\/p>\n<h3>Conserve la documentaci\u00f3n<\/h3>\n<p>Es importante que lleves un registro escrito de tus lesiones, as\u00ed como de los s\u00edntomas. Acost\u00fambrese a registrarlo todo y, si es posible, tome fotograf\u00edas de la lesi\u00f3n en caso de que \u00e9sta sea visible. Llevar un registro escrito le ayudar\u00e1 mucho a ganar su reclamaci\u00f3n de indemnizaci\u00f3n por accidente laboral.<\/p>\n<h2>Presente una reclamaci\u00f3n con la ayuda de un abogado especializado en compensaci\u00f3n laboral<\/h2>\n<p>En Florida, la compensaci\u00f3n de los trabajadores es un sistema sin culpa, lo que significa que la negligencia por parte del empleador, y cualquier culpa del empleado no se tiene en cuenta a la hora de decidir la reclamaci\u00f3n de compensaci\u00f3n de los trabajadores. El factor m\u00e1s importante que importa en estos casos es si la lesi\u00f3n se produjo en el trabajo.<\/p>\n<p>Es importante tener en cuenta que s\u00f3lo las lesiones y enfermedades laborales est\u00e1n cubiertas por las leyes de indemnizaci\u00f3n de los trabajadores. Tambi\u00e9n es importante tener en cuenta que s\u00f3lo las lesiones f\u00edsicas y las enfermedades califican para los beneficios de acuerdo con <a href=\"http:\/\/www.leg.state.fl.us\/statutes\/index.cfm?App_mode=Display_Statute&amp;URL=0400-0499\/0440\/Sections\/0440.093.html\" target=\"_blank\" rel=\"noopener\">los Estatutos de Florida 440.093<\/a>.<\/p>\n<p>Usted debe saber que las compa\u00f1\u00edas de seguros niegan rutinariamente incluso las reclamaciones v\u00e1lidas de compensaci\u00f3n de trabajadores en Florida. Aqu\u00ed en Florida Abogados 360, hemos ayudado a cientos de clientes a recuperar los beneficios justos para sus lesiones reclamaci\u00f3n de indemnizaci\u00f3n de los trabajadores.<\/p>\n<p>Ll\u00e1menos al <a href=\"tel:+19544487355\"><i class=\"fa fa-phone-alt\"><\/i>954-448-7355<\/a> para programar una consulta completamente gratis hoy.<\/p>\n<p><a href=\"https:\/\/floridalawyers360.com\/wp-content\/uploads\/2024\/02\/clearwater-workers-comp4-copy.webp\"><img decoding=\"async\" class=\"alignnone size-full wp-image-2861\" src=\"https:\/\/floridalawyers360.com\/wp-content\/uploads\/2024\/02\/clearwater-workers-comp4-copy.webp\" alt=\"Filing a Workers' Compensation claim\" width=\"500\" height=\"334\" srcset=\"https:\/\/floridalawyers360.com\/wp-content\/uploads\/2024\/02\/clearwater-workers-comp4-copy.webp 500w, https:\/\/floridalawyers360.com\/wp-content\/uploads\/2024\/02\/clearwater-workers-comp4-copy-300x200.webp 300w\" sizes=\"(max-width: 500px) 100vw, 500px\" \/><\/a><\/p>\n<h2>\u00bfPor qu\u00e9 debo contratar a un abogado de compensaci\u00f3n de trabajadores de Clearwater?<\/h2>\n<p>No se puede negar que la ley no requiere que usted contrate los servicios de un abogado de compensaci\u00f3n al trabajador. Sin embargo, usted debe saber que su reclamo no va a ser aprobado autom\u00e1ticamente. Tiene que ser presentada correctamente con la documentaci\u00f3n adecuada.<\/p>\n<p>Existe el riesgo real de que su reclamaci\u00f3n sea denegada y no disponga del dinero que tanto necesita para pagar las facturas, cuanto m\u00e1s tarde en recibir sus prestaciones.<\/p>\n<p>Esta es la raz\u00f3n por la que debe ponerse inmediatamente en contacto con los abogados experimentados de Florida Lawyers 360, independientemente de cu\u00e1ndo haya sufrido una lesi\u00f3n en el lugar de trabajo y de la gravedad de la lesi\u00f3n. Un abogado con experiencia lo representar\u00e1 para ayudarlo a obtener los beneficios de compensaci\u00f3n laboral que merece.<\/p>\n<p>Algunos de los deberes de un abogado incluyen:<\/p>\n<ul>\n<li>Reunir las pruebas o la informaci\u00f3n necesarias para que la demanda prospere, como historiales m\u00e9dicos.<\/li>\n<li>Recopilar declaraciones de peritos m\u00e9dicos, del perjudicado y de otras partes implicadas en el caso.<\/li>\n<li>Compartir informaci\u00f3n entre las partes contrarias<\/li>\n<li>Realizar la investigaci\u00f3n jur\u00eddica necesaria<\/li>\n<li>Redactar todos los documentos jur\u00eddicos necesarios, como dict\u00e1menes, escritos y mociones<\/li>\n<li>Representar al demandante ante un juez de compensaci\u00f3n de trabajadores<\/li>\n<\/ul>\n<h2><\/h2>\n<h2>\u00bfCu\u00e1nto cuesta contratar a un abogado de compensaci\u00f3n de trabajadores de Clearwater?<\/h2>\n<p>No le cuesta dinero. En Florida Lawyers 360, trabajamos con honorarios condicionales. En t\u00e9rminos simples, significa que usted no necesita pagar nada de su propio bolsillo. Recuperaremos nuestros costos cuando le ayudemos a ganar los beneficios de compensaci\u00f3n laboral que merece.<\/p>\n<p>En los casos de lesiones personales en virtud de las leyes de compensaci\u00f3n de trabajadores, la cuota m\u00e1xima que un abogado puede cobrar es del 33,33% de la soluci\u00f3n de hasta $ 1 mill\u00f3n. Esto se reduce en un 10% cuando el acuerdo supera el mill\u00f3n de d\u00f3lares.<\/p>\n<p>El l\u00edmite del 33,33% s\u00f3lo se aplica cuando el demandado resuelve la demanda sin contestar. En caso de que el demandado presente una contestaci\u00f3n, el abogado puede pedir un m\u00e1ximo del 40% del acuerdo hasta 1 mill\u00f3n de d\u00f3lares.<\/p>\n<p>Si el acuerdo supera el mill\u00f3n de d\u00f3lares, el porcentaje se reduce en incrementos seg\u00fan las \u00f3rdenes <a href=\"https:\/\/supremecourt.flcourts.gov\/\" target=\"_blank\" rel=\"noopener\">del Tribunal Supremo de Florida<\/a>.<\/p>\n<h2>\u00bfQu\u00e9 debo hacer si me deniegan la indemnizaci\u00f3n por accidente laboral?<\/h2>\n<p>Como se dijo anteriormente, hemos visto a los proveedores de seguros negar rutinariamente incluso reclamaciones v\u00e1lidas de compensaci\u00f3n de trabajadores.<\/p>\n<p>Usted no debe dejar que la compa\u00f1\u00eda de seguros se salga con la suya si le niegan su reclamo de beneficios de compensaci\u00f3n laboral.<\/p>\n<p>Usted debe ponerse inmediatamente en contacto con nuestro experimentado abogado de compensaci\u00f3n de trabajadores de Clearwater para apelar la decisi\u00f3n.<\/p>\n<p>Las Oficinas de los Jueces de Reclamaciones de Compensaci\u00f3n junta de apelaciones va a revisar la petici\u00f3n y su empleador y su compa\u00f1\u00eda de seguros van a ser notificados.<\/p>\n<p>Generalmente es seguido por una mediaci\u00f3n donde las partes opuestas se re\u00fanen en presencia de un tercero neutral conocido como mediador en un intento de llegar a una resoluci\u00f3n que sea aceptable para todos. Si la mediaci\u00f3n no funciona, se convoca una vista.<\/p>\n<p>Usted no va a ganar una apelaci\u00f3n de compensaci\u00f3n de trabajadores hasta que est\u00e9 respaldado por la investigaci\u00f3n jur\u00eddica adecuada y pruebas. Es por eso que usted necesita tener un abogado con experiencia a su lado durante el proceso de apelaci\u00f3n.<\/p>\n<p>Aqu\u00ed en Florida Lawyers 360, tenemos a\u00f1os de experiencia en estos casos. Analizaremos los hechos, reuniremos las pruebas necesarias y construiremos un caso s\u00f3lido para ayudarle a obtener los beneficios que merece.<\/p>\n<p>Lucharemos por sus derechos e iremos contra las compa\u00f1\u00edas de seguros.<\/p>\n<h2><a style=\"font-size: 16px;\" href=\"https:\/\/floridalawyers360.com\/wp-content\/uploads\/2024\/02\/clearwater-workers-comp2-copy.webp\"><img decoding=\"async\" class=\"alignnone size-full wp-image-2863\" src=\"https:\/\/floridalawyers360.com\/wp-content\/uploads\/2024\/02\/clearwater-workers-comp2-copy.webp\" alt=\"Claim Denied\" width=\"500\" height=\"334\" srcset=\"https:\/\/floridalawyers360.com\/wp-content\/uploads\/2024\/02\/clearwater-workers-comp2-copy.webp 500w, https:\/\/floridalawyers360.com\/wp-content\/uploads\/2024\/02\/clearwater-workers-comp2-copy-300x200.webp 300w\" sizes=\"(max-width: 500px) 100vw, 500px\" \/><\/a><\/h2>\n<h2>\u00bfMe pueden despedir por reclamar una indemnizaci\u00f3n?<\/h2>\n<p>No, usted no puede ser despedido por reclamar compensaci\u00f3n al trabajador.<\/p>\n<h2>\u00bfExiste un L\u00edmite de Tiempo para Presentar un Reclamo de Compensaci\u00f3n Laboral en Clearwater, Florida?<\/h2>\n<p>Usted tiene hasta 2 a\u00f1os desde la fecha del accidente para presentar un reclamo de compensaci\u00f3n al trabajador en Clearwater, Florida. Hay algunas excepciones como cuando el trabajador lesionado es menor de edad o es mentalmente incompetente o el empleador ha enga\u00f1ado al trabajador lesionado, entre otras.<\/p>\n<h2><\/h2>\n<h2>\u00bfPuedo demandar a mi empleador?<\/h2>\n<p>Florida es un estado sin culpa, lo que significa que, en general, usted no puede demandar a su empleador por un accidente de trabajo. El seguro de compensaci\u00f3n de los trabajadores protege al empresario de las reclamaciones por da\u00f1os personales de los empleados.<\/p>\n<p>Piense en ello como una especie de trueque en el que los empleados intercambian su derecho a demandar a los empresarios por el derecho a recibir una indemnizaci\u00f3n por p\u00e9rdida de salario y atenci\u00f3n m\u00e9dica, independientemente de qui\u00e9n haya sido el culpable. Hay algunas excepciones.<\/p>\n<p>Llame al [tel\u00e9fono] a un abogado con experiencia en compensaci\u00f3n laboral en Clearwater de Florida Lawyers 360 para saber m\u00e1s sobre sus derechos.<\/p>\n<h2>\u00bfPuede un Contratista Independiente Presentar una Demanda de Compensaci\u00f3n Laboral?<\/h2>\n<p>Un empleador no est\u00e1 obligado a proporcionar cobertura de compensaci\u00f3n laboral para contratistas independientes en Florida. Los contratistas independientes no son considerados empleados, excepto en la industria de la construcci\u00f3n.<\/p>\n<p>Tambi\u00e9n, ciertos trabajos son considerados contratistas independientes como agentes de bienes ra\u00edces, due\u00f1os-operadores de camiones, choferes contratados, y varios otros.<\/p>\n<h2>\u00bfCuanto Vale Mi Reclamo De Compensacion Al Trabajador De Clearwater?<\/h2>\n<p>No hay dos casos de compensaci\u00f3n de trabajadores son los mismos y el valor de una reclamaci\u00f3n de compensaci\u00f3n de trabajadores depende de una serie de factores. He aqu\u00ed un breve resumen de lo que su reclamo de combusti\u00f3n de los trabajadores podr\u00eda valer la pena:<\/p>\n<h3><\/h3>\n<h3>Gastos m\u00e9dicos<\/h3>\n<p>Se supone que el seguro de accidentes de trabajo cubre el coste total del tratamiento m\u00e9dico razonable y necesario relacionado con la lesi\u00f3n sufrida en el lugar de trabajo. Incluir\u00e1 el coste pasado y futuro del tratamiento.<\/p>\n<p>Tambi\u00e9n incluye los gastos de transporte, visitas al m\u00e9dico, hospitalizaci\u00f3n, pruebas m\u00e9dicas, fisioterapia, medicamentos recetados y otros tratamientos.<\/p>\n<h3>Incapacidad Temporal Total o Parcial<\/h3>\n<p>En caso de <a href=\"https:\/\/www.myfloridacfo.com\/division\/wc\/employee\/calculators\/ttcalc.htm#:~:text=Temporary%20Total%20Disability%20benefits%20for,of%20the%20work%20related%20accident.\" target=\"_blank\" rel=\"noopener\">incapacidad temporal<\/a> total, el trabajador tiene derecho al 66,67 % de su salario medio semanal durante un periodo de hasta 104 semanas. Estas prestaciones finalizan tras 104 semanas o despu\u00e9s de que el trabajador alcance la mejor\u00eda m\u00e9dica m\u00e1xima y, entonces, se determine su nivel de incapacidad permanente.<\/p>\n<p>Un trabajador tiene derecho a una incapacidad temporal parcial en caso de que pueda reincorporarse al trabajo de forma modificada y gane menos del 80 % de su salario medio semanal. La incapacidad temporal parcial tambi\u00e9n se abona durante un m\u00e1ximo de hasta 104 semanas.<\/p>\n<h3>Incapacidad permanente total<\/h3>\n<p>El m\u00e9dico autorizado debe declarar que ha sufrido una incapacidad permanente y que ha alcanzado la mejor\u00eda m\u00e9dica m\u00e1xima. En estos casos, el trabajador tiene derecho a percibir 2\/3 de su salario medio semanal hasta los 75 a\u00f1os.<\/p>\n<h3>Prestaciones por defunci\u00f3n<\/h3>\n<p>En caso de que un trabajador pierda la vida a causa de un accidente laboral en el plazo de un a\u00f1o desde el accidente o contin\u00fae en situaci\u00f3n de incapacidad pero fallezca en el plazo de 5 a\u00f1os, la ley exige el pago de prestaciones por defunci\u00f3n a las personas a su cargo.<\/p>\n<p>La ley prev\u00e9 la cobertura de los gastos funerarios reales hasta un m\u00e1ximo de 7 500 USD y las personas a cargo tienen derecho a 2\/3 del salario semanal medio del trabajador hasta un m\u00e1ximo de 150 000 USD.<\/p>\n<p><a href=\"https:\/\/floridalawyers360.com\/wp-content\/uploads\/2024\/02\/clearwater-workers-comp5-copy.webp\"><img loading=\"lazy\" decoding=\"async\" class=\"alignnone size-full wp-image-2862\" src=\"https:\/\/floridalawyers360.com\/wp-content\/uploads\/2024\/02\/clearwater-workers-comp5-copy.webp\" alt=\"Hire a Workers' Compensation Lawyer\" width=\"500\" height=\"334\" srcset=\"https:\/\/floridalawyers360.com\/wp-content\/uploads\/2024\/02\/clearwater-workers-comp5-copy.webp 500w, https:\/\/floridalawyers360.com\/wp-content\/uploads\/2024\/02\/clearwater-workers-comp5-copy-300x200.webp 300w\" sizes=\"(max-width: 500px) 100vw, 500px\" \/><\/a><\/p>\n<h2>Comun\u00edquese con nuestro abogado de compensaci\u00f3n laboral de Clearwater<\/h2>\n<p>Un accidente en el lugar de trabajo puede dejarlo incapacitado temporal o permanentemente. Las leyes de compensaci\u00f3n al trabajador est\u00e1n dise\u00f1adas para ayudarle a recuperar los gastos m\u00e9dicos y la p\u00e9rdida de salarios.<\/p>\n<p>Es un sistema sin culpa en el estado de Florida, pero las compa\u00f1\u00edas de seguros son conocidas por negar incluso las reclamaciones v\u00e1lidas de compensaci\u00f3n de trabajadores. En muchos casos, tratan de minimizar sus pagos.<\/p>\n<p>Adem\u00e1s, a la compa\u00f1\u00eda de seguros se le permite elegir al m\u00e9dico en Florida y el m\u00e9dico es el que decide la gravedad de su lesi\u00f3n y si usted est\u00e1 incapacitado temporal o permanentemente.<\/p>\n<p>Usted necesita un abogado con experiencia en compensaci\u00f3n al trabajador en Clearwater, Florida, para proteger sus derechos y ayudarle a obtener los beneficios que se merece.<\/p>\n<p>Aqu\u00ed, en Florida Lawyers 360, tenemos a\u00f1os de experiencia representando a clientes cuyas reclamaciones de indemnizaci\u00f3n laboral han sido denegadas injustamente. Llame hoy mismo a nuestro <a href=\"\/clearwater\/\">bufete de lesiones<\/a> personales de Clearwater al [tel\u00e9fono] para programar una consulta gratuita para conocer m\u00e1s sobre sus derechos y comenzar a elaborar su reclamo.<\/p>\n","protected":false},"excerpt":{"rendered":"<p>Florida exige que casi todas las empresas con 4 o m\u00e1s empleados, con algunas excepciones, tengan un seguro de indemnizaci\u00f3n por accidentes laborales. El estatuto de compensaci\u00f3n de los trabajadores de Florida cubre la mayor\u00eda de las enfermedades y lesiones que se producen en el lugar de trabajo. Si ha sufrido una lesi\u00f3n mientras trabajaba [&hellip;]<\/p>\n","protected":false},"author":22,"featured_media":0,"parent":5710,"menu_order":0,"comment_status":"closed","ping_status":"closed","template":"","meta":{"_acf_changed":false,"anchor_text":"","footnotes":""},"categories":[],"tags":[],"class_list":["post-5724","page","type-page","status-publish","hentry"],"acf":[],"_links":{"self":[{"href":"https:\/\/floridalawyers360.com\/es\/wp-json\/wp\/v2\/pages\/5724","targetHints":{"allow":["GET"]}}],"collection":[{"href":"https:\/\/floridalawyers360.com\/es\/wp-json\/wp\/v2\/pages"}],"about":[{"href":"https:\/\/floridalawyers360.com\/es\/wp-json\/wp\/v2\/types\/page"}],"author":[{"embeddable":true,"href":"https:\/\/floridalawyers360.com\/es\/wp-json\/wp\/v2\/users\/22"}],"replies":[{"embeddable":true,"href":"https:\/\/floridalawyers360.com\/es\/wp-json\/wp\/v2\/comments?post=5724"}],"version-history":[{"count":3,"href":"https:\/\/floridalawyers360.com\/es\/wp-json\/wp\/v2\/pages\/5724\/revisions"}],"predecessor-version":[{"id":5727,"href":"https:\/\/floridalawyers360.com\/es\/wp-json\/wp\/v2\/pages\/5724\/revisions\/5727"}],"up":[{"embeddable":true,"href":"https:\/\/floridalawyers360.com\/es\/wp-json\/wp\/v2\/pages\/5710"}],"wp:attachment":[{"href":"https:\/\/floridalawyers360.com\/es\/wp-json\/wp\/v2\/media?parent=5724"}],"wp:term":[{"taxonomy":"category","embeddable":true,"href":"https:\/\/floridalawyers360.com\/es\/wp-json\/wp\/v2\/categories?post=5724"},{"taxonomy":"post_tag","embeddable":true,"href":"https:\/\/floridalawyers360.com\/es\/wp-json\/wp\/v2\/tags?post=5724"}],"curies":[{"name":"wp","href":"https:\/\/api.w.org\/{rel}","templated":true}]}}