{"id":5720,"date":"2024-02-13T16:13:06","date_gmt":"2024-02-13T21:13:06","guid":{"rendered":"https:\/\/floridalawyers360.com\/clearwater\/clearwater-personal-injury-lawyer\/"},"modified":"2024-03-11T02:08:01","modified_gmt":"2024-03-11T07:08:01","slug":"abogado-de-lesiones-personales","status":"publish","type":"page","link":"https:\/\/floridalawyers360.com\/es\/clearwater\/abogado-de-lesiones-personales\/","title":{"rendered":"Abogado de Lesiones Personales"},"content":{"rendered":"<p>Todos los d\u00edas se producen lesiones en Florida debido a circunstancias que no son culpa suya. Si usted ha sufrido lesiones graves en un accidente de coche por culpa de la otra parte, tiene derecho a reclamar una indemnizaci\u00f3n por sus da\u00f1os.<\/p>\n<p>En Florida se practica la negligencia comparativa pura, en la que cada parte implicada en un accidente puede reclamar a la otra una indemnizaci\u00f3n por sus lesiones. La compensaci\u00f3n que usted puede recibir es proporcional a su participaci\u00f3n en el accidente, y su capacidad para demostrar la negligencia de la otra parte.<\/p>\n<p>Por eso necesita contratar al mejor abogado de lesiones personales de Clearwater para que lleve su caso y obtenga la m\u00e1xima indemnizaci\u00f3n por sus da\u00f1os.<\/p>\n<p>Con cientos de abogados de lesiones personales funcionando en Florida, elegir al mejor abogado puede no ser f\u00e1cil. Su investigaci\u00f3n es importante a la hora de elegir el abogado de accidentes de coche adecuado para su caso. Florida Lawyers 360 es un nombre de confianza en la regi\u00f3n para todas las demandas por lesiones personales, incluidos los casos de accidentes de coche.<\/p>\n<p>Nuestra <a href=\"\/clearwater\/\">firma de<\/a> lesiones personales ofrece una sesi\u00f3n de consulta gratuita donde usted puede discutir su caso y saber si tiene una demanda v\u00e1lida por lesiones personales contra la otra parte. Ellos est\u00e1n comprometidos a traer los mejores resultados para usted y su familia.<\/p>\n<p>Llame a Florida Lawyers 360 al <a href=\"tel:+19544487355\"><i class=\"fa fa-phone-alt\"><\/i>954-448-7355<\/a> hoy para manejar su caso de accidente de coche y obtener la m\u00e1xima compensaci\u00f3n.<\/p>\n\t\t<div data-elementor-type=\"section\" data-elementor-id=\"208\" class=\"elementor elementor-208\" data-elementor-post-type=\"elementor_library\">\n\t\t\t\t\t<section class=\"elementor-section elementor-top-section elementor-element elementor-element-485e576a elementor-section-boxed elementor-section-height-default elementor-section-height-default\" data-id=\"485e576a\" data-element_type=\"section\" data-e-type=\"section\">\n\t\t\t\t\t\t<div class=\"elementor-container elementor-column-gap-default\">\n\t\t\t\t\t<div class=\"elementor-column elementor-col-100 elementor-top-column elementor-element elementor-element-635c38c0\" data-id=\"635c38c0\" data-element_type=\"column\" data-e-type=\"column\">\n\t\t\t<div class=\"elementor-widget-wrap elementor-element-populated\">\n\t\t\t\t\t\t<div class=\"elementor-element elementor-element-3ba95c8a elementor-toc--minimized-on-tablet elementor-widget elementor-widget-table-of-contents\" data-id=\"3ba95c8a\" data-element_type=\"widget\" data-e-type=\"widget\" data-settings=\"{&quot;exclude_headings_by_selector&quot;:&quot;.toc-remove&quot;,&quot;headings_by_tags&quot;:[&quot;h2&quot;,&quot;h3&quot;],&quot;marker_view&quot;:&quot;numbers&quot;,&quot;no_headings_message&quot;:&quot;No se ha encontrado ning\\u00fan encabezado en esta p\\u00e1gina.&quot;,&quot;minimize_box&quot;:&quot;yes&quot;,&quot;minimized_on&quot;:&quot;tablet&quot;,&quot;hierarchical_view&quot;:&quot;yes&quot;,&quot;min_height&quot;:{&quot;unit&quot;:&quot;px&quot;,&quot;size&quot;:&quot;&quot;,&quot;sizes&quot;:[]},&quot;min_height_tablet&quot;:{&quot;unit&quot;:&quot;px&quot;,&quot;size&quot;:&quot;&quot;,&quot;sizes&quot;:[]},&quot;min_height_mobile&quot;:{&quot;unit&quot;:&quot;px&quot;,&quot;size&quot;:&quot;&quot;,&quot;sizes&quot;:[]}}\" data-widget_type=\"table-of-contents.default\">\n\t\t\t\t\t\t\t\t\t<div class=\"elementor-toc__header\">\n\t\t\t\t\t\t<div class=\"elementor-toc__header-title\">\n\t\t\t\tTable of Contents\t\t\t<\/div>\n\t\t\t\t\t\t\t\t\t\t<div class=\"elementor-toc__toggle-button elementor-toc__toggle-button--expand\" role=\"button\" tabindex=\"0\" aria-controls=\"elementor-toc__3ba95c8a\" aria-expanded=\"true\" aria-label=\"Abrir la tabla de contenidos\"><svg aria-hidden=\"true\" class=\"e-font-icon-svg e-fas-chevron-down\" viewBox=\"0 0 448 512\" xmlns=\"http:\/\/www.w3.org\/2000\/svg\"><path d=\"M207.029 381.476L12.686 187.132c-9.373-9.373-9.373-24.569 0-33.941l22.667-22.667c9.357-9.357 24.522-9.375 33.901-.04L224 284.505l154.745-154.021c9.379-9.335 24.544-9.317 33.901.04l22.667 22.667c9.373 9.373 9.373 24.569 0 33.941L240.971 381.476c-9.373 9.372-24.569 9.372-33.942 0z\"><\/path><\/svg><\/div>\n\t\t\t\t<div class=\"elementor-toc__toggle-button elementor-toc__toggle-button--collapse\" role=\"button\" tabindex=\"0\" aria-controls=\"elementor-toc__3ba95c8a\" aria-expanded=\"true\" aria-label=\"Cerrar la tabla de contenidos\"><svg aria-hidden=\"true\" class=\"e-font-icon-svg e-fas-chevron-up\" viewBox=\"0 0 448 512\" xmlns=\"http:\/\/www.w3.org\/2000\/svg\"><path d=\"M240.971 130.524l194.343 194.343c9.373 9.373 9.373 24.569 0 33.941l-22.667 22.667c-9.357 9.357-24.522 9.375-33.901.04L224 227.495 69.255 381.516c-9.379 9.335-24.544 9.317-33.901-.04l-22.667-22.667c-9.373-9.373-9.373-24.569 0-33.941L207.03 130.525c9.372-9.373 24.568-9.373 33.941-.001z\"><\/path><\/svg><\/div>\n\t\t\t\t\t<\/div>\n\t\t\t\t<div id=\"elementor-toc__3ba95c8a\" class=\"elementor-toc__body\">\n\t\t\t<div class=\"elementor-toc__spinner-container\">\n\t\t\t\t<svg class=\"elementor-toc__spinner eicon-animation-spin e-font-icon-svg e-eicon-loading\" aria-hidden=\"true\" viewBox=\"0 0 1000 1000\" xmlns=\"http:\/\/www.w3.org\/2000\/svg\"><path d=\"M500 975V858C696 858 858 696 858 500S696 142 500 142 142 304 142 500H25C25 237 238 25 500 25S975 237 975 500 763 975 500 975Z\"><\/path><\/svg>\t\t\t<\/div>\n\t\t<\/div>\n\t\t\t\t\t\t<\/div>\n\t\t\t\t\t<\/div>\n\t\t<\/div>\n\t\t\t\t\t<\/div>\n\t\t<\/section>\n\t\t\t\t<\/div>\n\t\t\n<h2>Lo que debe hacer tras un accidente<\/h2>\n<p>Muchas v\u00edctimas de accidentes se encuentran en estado de shock poco despu\u00e9s de un accidente y se confunden en cuanto a lo que deben hacer. Hay ciertos pasos a seguir poco despu\u00e9s de un accidente, tales como:<\/p>\n<p>Busque ayuda m\u00e9dica aunque crea que no ha sufrido lesiones. Muchas v\u00edctimas pueden sentir un subid\u00f3n de adrenalina tras el accidente y no sentir dolor inmediatamente. Recibir tratamiento m\u00e9dico y conservar todos los historiales m\u00e9dicos es importante a la hora de presentar su demanda por lesiones personales.<\/p>\n<p>Avise a las autoridades policiales de la zona. Llame a la polic\u00eda e informe del accidente y obtenga una copia del informe policial cuando est\u00e9 disponible.<\/p>\n<p>Si es posible, haz fotos o graba en v\u00eddeo el lugar del accidente. Puedes utilizar tu smartphone para ello. Estas im\u00e1genes o v\u00eddeos desempe\u00f1ar\u00e1n un papel importante a la hora de demostrar qui\u00e9n es el culpable del accidente.<\/p>\n<p>Consigue los datos de contacto de los testigos del siniestro. No olvides anotar el nombre, la direcci\u00f3n y el n\u00famero de tel\u00e9fono de todos los testigos presentes en el lugar del accidente.<\/p>\n<p>No admitas la culpa del accidente hasta que hables con un abogado de lesiones personales. Lo m\u00e1s importante es contratar al mejor abogado de lesiones personales en <a href=\"https:\/\/www.myclearwater.com\/Home\" target=\"_blank\" rel=\"noopener\">Clearwater, Florida<\/a>, para que se encargue de su caso.<\/p>\n<p><a href=\"https:\/\/floridalawyers360.com\/wp-content\/uploads\/2024\/02\/clearwater-personal-injury1-copy.webp\"><img fetchpriority=\"high\" decoding=\"async\" class=\"alignnone size-full wp-image-2853\" src=\"https:\/\/floridalawyers360.com\/wp-content\/uploads\/2024\/02\/clearwater-personal-injury1-copy.webp\" alt=\"Suffering from a back problems caused by a personal injury accident\" width=\"500\" height=\"334\" srcset=\"https:\/\/floridalawyers360.com\/wp-content\/uploads\/2024\/02\/clearwater-personal-injury1-copy.webp 500w, https:\/\/floridalawyers360.com\/wp-content\/uploads\/2024\/02\/clearwater-personal-injury1-copy-300x200.webp 300w\" sizes=\"(max-width: 500px) 100vw, 500px\" \/><\/a><\/p>\n<h2>Ventajas de un abogado de lesiones personales<\/h2>\n<p>La contrataci\u00f3n de un abogado de lesiones personales calificado y con experiencia juega un papel crucial para probar la negligencia de la otra parte y obtener la m\u00e1xima compensaci\u00f3n por sus lesiones. He aqu\u00ed por qu\u00e9 usted necesita contratar al mejor abogado en Florida Lawyers 360 para preparar y presentar su caso:<\/p>\n<p>Nuestros abogados tienen amplia experiencia en la preparaci\u00f3n y presentaci\u00f3n de casos. Hemos negociado con cientos de proveedores de seguros en nombre de nuestros clientes y obtenido millones de d\u00f3lares en compensaci\u00f3n para ellos.<\/p>\n<p>Nuestro equipo tiene la experiencia necesaria para negociar con la compa\u00f1\u00eda de seguros de la parte culpable y obtener una indemnizaci\u00f3n en su nombre.<\/p>\n<p>Si el proveedor de seguros trata de reducir su pago citando diferentes razones, estamos listos para llevar su caso a juicio y hacer justicia para usted y su familia.<\/p>\n<h2>\u00bfCu\u00e1les son los tipos de da\u00f1os que puede recuperar en Florida?<\/h2>\n<p>Usted puede recuperar dos tipos b\u00e1sicos de da\u00f1os &#8211; compensatorios y punitivos.<\/p>\n<ul>\n<li>Los da\u00f1os <strong>compensatorios<\/strong> incluyen da\u00f1os econ\u00f3micos y no econ\u00f3micos. Los da\u00f1os econ\u00f3micos incluyen salarios perdidos debido a sus lesiones, gastos m\u00e9dicos presentes\/futuros y p\u00e9rdida de calidad de vida.<\/li>\n<li>Los da\u00f1os <strong>econ\u00f3micos<\/strong> son f\u00e1ciles de calcular, mientras que los da\u00f1os no econ\u00f3micos son un poco dif\u00edciles de calcular y pueden incluir angustia emocional o mental, dolor, sufrimiento y p\u00e9rdida de compa\u00f1\u00eda.<\/li>\n<li>Los da\u00f1os <strong>punitivos<\/strong> en Florida est\u00e1n dise\u00f1ados para castigar al acusado por su comportamiento irresponsable. Tambi\u00e9n est\u00e1 destinado a disuadir a otros conductores de comportarse imprudentemente.<\/li>\n<\/ul>\n<p>&nbsp;<\/p>\n<p><a href=\"https:\/\/floridalawyers360.com\/wp-content\/uploads\/2024\/02\/clearwater-personl-injury2-copy.webp\"><img decoding=\"async\" class=\"alignnone size-full wp-image-2852\" src=\"https:\/\/floridalawyers360.com\/wp-content\/uploads\/2024\/02\/clearwater-personl-injury2-copy.webp\" alt=\"What damages can I recover from a personal injury\" width=\"500\" height=\"334\" srcset=\"https:\/\/floridalawyers360.com\/wp-content\/uploads\/2024\/02\/clearwater-personl-injury2-copy.webp 500w, https:\/\/floridalawyers360.com\/wp-content\/uploads\/2024\/02\/clearwater-personl-injury2-copy-300x200.webp 300w\" sizes=\"(max-width: 500px) 100vw, 500px\" \/><\/a><\/p>\n<h2>\u00bfC\u00f3mo se determina la responsabilidad en Florida?<\/h2>\n<p>Florida es un estado que practica la negligencia comparativa pura donde cada parte involucrada en el accidente puede demandar a la otra parte por da\u00f1os y perjuicios. El jurado o juez decidir\u00e1 conceder da\u00f1os en proporci\u00f3n a la participaci\u00f3n de cada parte en el accidente.<\/p>\n<p>Por ejemplo, si el jurado o el juez deciden que tu implicaci\u00f3n en la causa del accidente es del 35%, tendr\u00e1s derecho al 65% de la indemnizaci\u00f3n total. Necesita probar cuatro puntos importantes para obtener indemnizaci\u00f3n por sus lesiones.<\/p>\n<ul>\n<li>El demandado ten\u00eda un deber de cuidado hacia el demandante<\/li>\n<li>El demandado incumpli\u00f3 su deber de diligencia<\/li>\n<li>El accidente se produjo como consecuencia de ese incumplimiento<\/li>\n<li>El demandante sufri\u00f3 lesiones a causa del accidente<\/li>\n<\/ul>\n<h2>\u00bfCu\u00e1nto tiempo tiene para presentar una demanda por lesiones personales en Florida?<\/h2>\n<p>El estatuto de limitaciones en Florida entra en vigor cuatro a\u00f1os despu\u00e9s del accidente. Usted debe presentar el caso dentro de los cuatro a\u00f1os siguientes a la fecha del accidente. Si no presenta su demanda dentro de este plazo no podr\u00e1 recibir compensaci\u00f3n por su lesi\u00f3n.<\/p>\n<p><a href=\"https:\/\/floridalawyers360.com\/wp-content\/uploads\/2024\/02\/clearwater-personal-injury3-copy.webp\"><img decoding=\"async\" class=\"alignnone size-full wp-image-2851\" src=\"https:\/\/floridalawyers360.com\/wp-content\/uploads\/2024\/02\/clearwater-personal-injury3-copy.webp\" alt=\"Clearwater Personal Injury Lawyer\" width=\"500\" height=\"334\" srcset=\"https:\/\/floridalawyers360.com\/wp-content\/uploads\/2024\/02\/clearwater-personal-injury3-copy.webp 500w, https:\/\/floridalawyers360.com\/wp-content\/uploads\/2024\/02\/clearwater-personal-injury3-copy-300x200.webp 300w\" sizes=\"(max-width: 500px) 100vw, 500px\" \/><\/a><\/p>\n<h2>\u00bfCu\u00e1nto cuesta un abogado de lesiones personales en Clearwater?<\/h2>\n<p>Los abogados de Florida Lawyers 360 trabajan en <a href=\"https:\/\/www.americanbar.org\/groups\/public_education\/resources\/law_issues_for_consumers\/lawyerfees_contingent\/\" target=\"_blank\" rel=\"noopener\">base a honorarios de contingencia<\/a>. Usted no paga nada a nuestros abogados a menos que ganen su caso.<\/p>\n<h2>Diferentes tipos de casos de lesiones personales Florida Lawyers 360 Handle<\/h2>\n<p>Nuestro experto equipo de abogados de lesiones personales maneja una amplia variedad de demandas por lesiones personales, incluyendo:<\/p>\n<ul>\n<li><a href=\"\/clearwater\/car-accident-lawyer\/\">Accidentes automovil\u00edsticos<\/a><\/li>\n<li><a href=\"https:\/\/floridalawyers360.com\/tampa\/truck-accident-lawyer\/\">Accidentes de camiones<\/a><\/li>\n<li><a href=\"https:\/\/floridalawyers360.com\/tampa\/bicycle-accident-lawyer\/\">Accidentes de bicicleta<\/a><\/li>\n<li><a href=\"https:\/\/floridalawyers360.com\/tampa\/motorcycle-accident-lawyer\/\">Accidentes de motocicleta<\/a><\/li>\n<li><a href=\"https:\/\/floridalawyers360.com\/tampa\/uber-accident-lawyer\/\">Accidentes de Uber<\/a><\/li>\n<li><a href=\"https:\/\/floridalawyers360.com\/tampa\/dog-bite-lawyer\/\">Mordeduras de perro<\/a><\/li>\n<li><a href=\"\/clearwater\/workers-compensation-lawyer\/\">Accidentes laborales<\/a><\/li>\n<li>Accidentes por conducir ebrio<\/li>\n<\/ul>\n<h2>Revise su reclamaci\u00f3n por lesiones con nuestros abogados hoy mismo<\/h2>\n<p>Cuando usted o un ser querido ha sido lesionado en Clearwater, FL debido a la culpa de otra persona, usted puede reclamar da\u00f1os a la parte responsable. De hecho, la ley de Florida le permite reclamar da\u00f1os dependiendo de su implicaci\u00f3n en el accidente.<\/p>\n<p>Usted necesita contratar al mejor abogado de lesiones personales para manejar su caso. Llame hoy mismo a Florida Lawyers 360 al <a href=\"tel:+19544487355\"><i class=\"fa fa-phone-alt\"><\/i>954-448-7355<\/a> para tramitar su demanda por lesiones personales y obtener la m\u00e1xima indemnizaci\u00f3n.<\/p>\n","protected":false},"excerpt":{"rendered":"<p>Todos los d\u00edas se producen lesiones en Florida debido a circunstancias que no son culpa suya. Si usted ha sufrido lesiones graves en un accidente de coche por culpa de la otra parte, tiene derecho a reclamar una indemnizaci\u00f3n por sus da\u00f1os. En Florida se practica la negligencia comparativa pura, en la que cada parte [&hellip;]<\/p>\n","protected":false},"author":22,"featured_media":0,"parent":5710,"menu_order":0,"comment_status":"closed","ping_status":"closed","template":"","meta":{"_acf_changed":false,"anchor_text":"","footnotes":""},"categories":[],"tags":[],"class_list":["post-5720","page","type-page","status-publish","hentry"],"acf":[],"_links":{"self":[{"href":"https:\/\/floridalawyers360.com\/es\/wp-json\/wp\/v2\/pages\/5720","targetHints":{"allow":["GET"]}}],"collection":[{"href":"https:\/\/floridalawyers360.com\/es\/wp-json\/wp\/v2\/pages"}],"about":[{"href":"https:\/\/floridalawyers360.com\/es\/wp-json\/wp\/v2\/types\/page"}],"author":[{"embeddable":true,"href":"https:\/\/floridalawyers360.com\/es\/wp-json\/wp\/v2\/users\/22"}],"replies":[{"embeddable":true,"href":"https:\/\/floridalawyers360.com\/es\/wp-json\/wp\/v2\/comments?post=5720"}],"version-history":[{"count":3,"href":"https:\/\/floridalawyers360.com\/es\/wp-json\/wp\/v2\/pages\/5720\/revisions"}],"predecessor-version":[{"id":5723,"href":"https:\/\/floridalawyers360.com\/es\/wp-json\/wp\/v2\/pages\/5720\/revisions\/5723"}],"up":[{"embeddable":true,"href":"https:\/\/floridalawyers360.com\/es\/wp-json\/wp\/v2\/pages\/5710"}],"wp:attachment":[{"href":"https:\/\/floridalawyers360.com\/es\/wp-json\/wp\/v2\/media?parent=5720"}],"wp:term":[{"taxonomy":"category","embeddable":true,"href":"https:\/\/floridalawyers360.com\/es\/wp-json\/wp\/v2\/categories?post=5720"},{"taxonomy":"post_tag","embeddable":true,"href":"https:\/\/floridalawyers360.com\/es\/wp-json\/wp\/v2\/tags?post=5720"}],"curies":[{"name":"wp","href":"https:\/\/api.w.org\/{rel}","templated":true}]}}