{"id":5712,"date":"2024-02-13T16:12:32","date_gmt":"2024-02-13T21:12:32","guid":{"rendered":"https:\/\/floridalawyers360.com\/clearwater\/clearwater-car-accident-lawyer\/"},"modified":"2024-03-11T01:59:57","modified_gmt":"2024-03-11T06:59:57","slug":"abogado-de-accidentes-de-trafico","status":"publish","type":"page","link":"https:\/\/floridalawyers360.com\/es\/clearwater\/abogado-de-accidentes-de-trafico\/","title":{"rendered":"Abogado de accidentes de tr\u00e1fico"},"content":{"rendered":"<p>Los accidentes automovil\u00edsticos en Florida destruyen vidas. En un abrir y cerrar de ojos, usted o un ser querido puede sufrir lesiones graves con efectos de por vida.<\/p>\n<p>Los accidentes de coche, en particular los que resultan en lesiones graves, a menudo implican hospitalizaci\u00f3n, p\u00e9rdida de tiempo en el trabajo, la inestabilidad financiera, incapacidad permanente, y las cuestiones complejas de seguros, tales como la Florida PIP (Protecci\u00f3n contra Lesiones Personales) y la reclamaci\u00f3n de automovilistas con seguro insuficiente \/ sin seguro (UMUIM).<\/p>\n<p>Puede ser angustioso para la v\u00edctima y sus seres queridos, ya que pueden no saber a d\u00f3nde acudir en busca de ayuda. En Florida Lawyers 360, nuestros abogados de accidentes de coche Clearwater est\u00e1n aqu\u00ed para ayudar; que se har\u00e1 cargo de los matices legales de su reclamo de accidente de auto a trav\u00e9s de este momento incre\u00edblemente dif\u00edcil.<\/p>\n<p>Nuestros abogados de lesiones personales proporcionan revisiones de casos gratuitas y sin compromiso para ayudarle a entender su derecho a recuperar una indemnizaci\u00f3n si usted o un ser querido ha sufrido una lesi\u00f3n en un accidente de coche. No espere &#8211; averig\u00fce si tiene un caso &#8211; llame ahora al <a href=\"tel:+19544487355\"><i class=\"fa fa-phone-alt\"><\/i>954-448-7355<\/a>.<\/p>\n\t\t<div data-elementor-type=\"section\" data-elementor-id=\"208\" class=\"elementor elementor-208\" data-elementor-post-type=\"elementor_library\">\n\t\t\t\t\t<section class=\"elementor-section elementor-top-section elementor-element elementor-element-485e576a elementor-section-boxed elementor-section-height-default elementor-section-height-default\" data-id=\"485e576a\" data-element_type=\"section\" data-e-type=\"section\">\n\t\t\t\t\t\t<div class=\"elementor-container elementor-column-gap-default\">\n\t\t\t\t\t<div class=\"elementor-column elementor-col-100 elementor-top-column elementor-element elementor-element-635c38c0\" data-id=\"635c38c0\" data-element_type=\"column\" data-e-type=\"column\">\n\t\t\t<div class=\"elementor-widget-wrap elementor-element-populated\">\n\t\t\t\t\t\t<div class=\"elementor-element elementor-element-3ba95c8a elementor-toc--minimized-on-tablet elementor-widget elementor-widget-table-of-contents\" data-id=\"3ba95c8a\" data-element_type=\"widget\" data-e-type=\"widget\" data-settings=\"{&quot;exclude_headings_by_selector&quot;:&quot;.toc-remove&quot;,&quot;headings_by_tags&quot;:[&quot;h2&quot;,&quot;h3&quot;],&quot;marker_view&quot;:&quot;numbers&quot;,&quot;no_headings_message&quot;:&quot;No headings were found on this page.&quot;,&quot;minimize_box&quot;:&quot;yes&quot;,&quot;minimized_on&quot;:&quot;tablet&quot;,&quot;hierarchical_view&quot;:&quot;yes&quot;,&quot;min_height&quot;:{&quot;unit&quot;:&quot;px&quot;,&quot;size&quot;:&quot;&quot;,&quot;sizes&quot;:[]},&quot;min_height_tablet&quot;:{&quot;unit&quot;:&quot;px&quot;,&quot;size&quot;:&quot;&quot;,&quot;sizes&quot;:[]},&quot;min_height_mobile&quot;:{&quot;unit&quot;:&quot;px&quot;,&quot;size&quot;:&quot;&quot;,&quot;sizes&quot;:[]}}\" data-widget_type=\"table-of-contents.default\">\n\t\t\t\t\t\t\t\t\t<div class=\"elementor-toc__header\">\n\t\t\t\t\t\t<div class=\"elementor-toc__header-title\">\n\t\t\t\tTable of Contents\t\t\t<\/div>\n\t\t\t\t\t\t\t\t\t\t<div class=\"elementor-toc__toggle-button elementor-toc__toggle-button--expand\" role=\"button\" tabindex=\"0\" aria-controls=\"elementor-toc__3ba95c8a\" aria-expanded=\"true\" aria-label=\"Open table of contents\"><svg aria-hidden=\"true\" class=\"e-font-icon-svg e-fas-chevron-down\" viewBox=\"0 0 448 512\" xmlns=\"http:\/\/www.w3.org\/2000\/svg\"><path d=\"M207.029 381.476L12.686 187.132c-9.373-9.373-9.373-24.569 0-33.941l22.667-22.667c9.357-9.357 24.522-9.375 33.901-.04L224 284.505l154.745-154.021c9.379-9.335 24.544-9.317 33.901.04l22.667 22.667c9.373 9.373 9.373 24.569 0 33.941L240.971 381.476c-9.373 9.372-24.569 9.372-33.942 0z\"><\/path><\/svg><\/div>\n\t\t\t\t<div class=\"elementor-toc__toggle-button elementor-toc__toggle-button--collapse\" role=\"button\" tabindex=\"0\" aria-controls=\"elementor-toc__3ba95c8a\" aria-expanded=\"true\" aria-label=\"Close table of contents\"><svg aria-hidden=\"true\" class=\"e-font-icon-svg e-fas-chevron-up\" viewBox=\"0 0 448 512\" xmlns=\"http:\/\/www.w3.org\/2000\/svg\"><path d=\"M240.971 130.524l194.343 194.343c9.373 9.373 9.373 24.569 0 33.941l-22.667 22.667c-9.357 9.357-24.522 9.375-33.901.04L224 227.495 69.255 381.516c-9.379 9.335-24.544 9.317-33.901-.04l-22.667-22.667c-9.373-9.373-9.373-24.569 0-33.941L207.03 130.525c9.372-9.373 24.568-9.373 33.941-.001z\"><\/path><\/svg><\/div>\n\t\t\t\t\t<\/div>\n\t\t\t\t<div id=\"elementor-toc__3ba95c8a\" class=\"elementor-toc__body\">\n\t\t\t<div class=\"elementor-toc__spinner-container\">\n\t\t\t\t<svg class=\"elementor-toc__spinner eicon-animation-spin e-font-icon-svg e-eicon-loading\" aria-hidden=\"true\" viewBox=\"0 0 1000 1000\" xmlns=\"http:\/\/www.w3.org\/2000\/svg\"><path d=\"M500 975V858C696 858 858 696 858 500S696 142 500 142 142 304 142 500H25C25 237 238 25 500 25S975 237 975 500 763 975 500 975Z\"><\/path><\/svg>\t\t\t<\/div>\n\t\t<\/div>\n\t\t\t\t\t\t<\/div>\n\t\t\t\t\t<\/div>\n\t\t<\/div>\n\t\t\t\t\t<\/div>\n\t\t<\/section>\n\t\t\t\t<\/div>\n\t\t\n<h2>\u00bfCu\u00e1nto cuesta un abogado de accidentes de coche en Clearwater?<\/h2>\n<p>Si usted est\u00e1 luchando con las facturas m\u00e9dicas y otras finanzas despu\u00e9s de un accidente de coche, es comprensible que usted estar\u00eda preocupado por el costo de la contrataci\u00f3n de un abogado con experiencia. Pero no se preocupe; los abogados de accidentes de auto en Florida Lawyers 360 trabajan en un acuerdo de honorarios de contingencia o sin ganar y sin honorarios.<\/p>\n<p>Esto significa que nuestro bufete no cobra nada a menos que nuestros abogados obtengan una compensaci\u00f3n por sus da\u00f1os.<\/p>\n<p>Nuestro bufete de abogados se esfuerza por ayudar en todo lo que podemos; nuestro acuerdo de honorarios de contingencia permite a nuestros clientes acceder a los abogados de accidentes de coche cualificados y experimentados sin desembolso o cuotas por adelantado.<\/p>\n<p><a href=\"https:\/\/floridalawyers360.com\/wp-content\/uploads\/2024\/02\/clearwater-car-acc1.jpeg\"><img fetchpriority=\"high\" decoding=\"async\" class=\"alignnone size-full wp-image-2843\" src=\"https:\/\/floridalawyers360.com\/wp-content\/uploads\/2024\/02\/clearwater-car-acc1.jpeg\" alt=\"Clearwater Car Accident Lawyer\" width=\"500\" height=\"334\" srcset=\"https:\/\/floridalawyers360.com\/wp-content\/uploads\/2024\/02\/clearwater-car-acc1.jpeg 500w, https:\/\/floridalawyers360.com\/wp-content\/uploads\/2024\/02\/clearwater-car-acc1-300x200.jpeg 300w\" sizes=\"(max-width: 500px) 100vw, 500px\" \/><\/a><\/p>\n<h2>\u00bfQu\u00e9 debo hacer despu\u00e9s de un accidente de coche?<\/h2>\n<p>Proteja sus derechos y ayude a maximizar su pago despu\u00e9s de un accidente automovil\u00edstico en Clearwater, FL. Aqu\u00ed hay una lista de 8 pasos cr\u00edticos a seguir despu\u00e9s de un accidente automovil\u00edstico:<\/p>\n<h3>P\u00f3ngase a salvo<\/h3>\n<p>Despu\u00e9s de haber sido atropellado por otro veh\u00edculo o involucrado en cualquier tipo de accidente automovil\u00edstico, su coche a menudo todav\u00eda estar\u00e1 en la calzada y con afluencia de tr\u00e1fico. Es imprescindible que, siempre que sea posible, traslade su coche a un lugar seguro, pero no abandone el lugar del accidente.<\/p>\n<h3>Llama al 911<\/h3>\n<p>No podemos hacer suficiente hincapi\u00e9 en esto. Hemos tenido clientes que han resultado heridos en un accidente de coche, pero nunca se puso en contacto con la polic\u00eda. Cuando intercambian informaci\u00f3n con el conductor culpable, descubren demasiado tarde que la persona estaba mintiendo. Un informe policial puede ser \u00fatil en tales situaciones.<\/p>\n<p>Incluso si t\u00fa o tus pasajeros no os sent\u00eds heridos, deb\u00e9is llamar al 911 e informar del accidente porque puede que vuestras lesiones no se est\u00e9n manifestando debido al shock y a la adrenalina.<\/p>\n<h3>Investiga a los dem\u00e1s implicados<\/h3>\n<p>A continuaci\u00f3n, antes de que lleguen los param\u00e9dicos y la polic\u00eda, comprueba c\u00f3mo est\u00e1n tus pasajeros y otras personas implicadas. Haz todo lo posible para que las personas heridas est\u00e9n lo m\u00e1s c\u00f3modas posible, pero nunca muevas a una persona herida a menos que est\u00e9 en peligro inminente.<\/p>\n<h3>Intercambiar informaci\u00f3n<\/h3>\n<p>Si es posible, t\u00fa o un pasajero de tu veh\u00edculo intentad obtener informaci\u00f3n del otro conductor y de posibles testigos. Obt\u00e9n sus datos completos de contacto y del seguro, para que sea f\u00e1cil localizarlos cuando presentes la reclamaci\u00f3n.<\/p>\n<h3>Graba la escena<\/h3>\n<p>Las pruebas fotogr\u00e1ficas son cruciales en cualquier reclamaci\u00f3n por accidente de tr\u00e1fico. Hay una visi\u00f3n detallada de lo que sucedi\u00f3, y las lesiones y da\u00f1os representados en las im\u00e1genes ser\u00e1n \u00fatiles en la evaluaci\u00f3n de su reclamo de accidente de auto.<\/p>\n<p>Por lo tanto, si usted es capaz de, tomar fotos de todos los veh\u00edculos implicados (su modelo, color, n\u00famero de matr\u00edcula, marca, posiciones, y el da\u00f1o), sus lesiones, cualquier otra destrucci\u00f3n, las condiciones del camino, y cualquier cosa que pueda ayudar a pintar una imagen clara de lo que pas\u00f3.<\/p>\n<h3>Nunca admitas la culpa<\/h3>\n<p>Probablemente le resulte dif\u00edcil, pero haga todo lo posible por mantener la compostura y la cortes\u00eda en sus interacciones con el otro conductor y con cualquier otra persona que se encuentre en el lugar del accidente. Nunca admita la culpa; tenga en cuenta que existe una alta probabilidad de que lo que diga en el lugar del accidente pueda ser utilizado en su contra en un litigio posterior.<\/p>\n<h3>Busque atenci\u00f3n m\u00e9dica<\/h3>\n<p>Si los param\u00e9dicos llegan al lugar del accidente, deja que te revisen aunque hayas sufrido lesiones leves. Nunca rechaces el tratamiento. Adem\u00e1s, para estar seguro, acude a tu m\u00e9dico en las 48 horas siguientes al accidente.<\/p>\n<h3>Llame a un abogado de accidentes de tr\u00e1fico<\/h3>\n<p>Usted querr\u00e1 hacer esto tan pronto como haya obtenido el visto bueno para sus lesiones de su m\u00e9dico. Inmediatamente despu\u00e9s de su accidente de coche, puede ponerse en contacto con nosotros, y podemos ayudar a guiarlo en cada paso del camino. Perm\u00edtanos proteger sus intereses desde el principio.<\/p>\n<p>Reserve hoy mismo su primera consulta gratuita.<\/p>\n<p><a href=\"https:\/\/floridalawyers360.com\/wp-content\/uploads\/2024\/02\/clearwater-car-acc3.jpeg\"><img decoding=\"async\" class=\"alignnone size-full wp-image-2842\" src=\"https:\/\/floridalawyers360.com\/wp-content\/uploads\/2024\/02\/clearwater-car-acc3.jpeg\" alt=\"After a car accident call the police\" width=\"500\" height=\"334\" srcset=\"https:\/\/floridalawyers360.com\/wp-content\/uploads\/2024\/02\/clearwater-car-acc3.jpeg 500w, https:\/\/floridalawyers360.com\/wp-content\/uploads\/2024\/02\/clearwater-car-acc3-300x200.jpeg 300w\" sizes=\"(max-width: 500px) 100vw, 500px\" \/><\/a><\/p>\n<h2>\u00bfCu\u00e1nto vale mi indemnizaci\u00f3n por accidente de tr\u00e1fico?<\/h2>\n<p>Si usted sufri\u00f3 una lesi\u00f3n en un accidente de auto, y usted est\u00e1 considerando presentar una demanda por lesiones y da\u00f1os a la propiedad, usted puede preguntarse, \u00ab\u00bfcu\u00e1nto o cu\u00e1l es el promedio de liquidaci\u00f3n para los casos de accidentes de auto?\u00bb<\/p>\n<p>No hay una manera definitiva o \u00fanica para determinar exactamente cu\u00e1nto puede recuperar en su demanda por accidente de coche en Carolina del Norte. Sin embargo, en la mayor\u00eda de los casos de accidentes de coche, la cantidad de liquidaci\u00f3n de un demandante recupera como compensaci\u00f3n depende de la lesi\u00f3n o el impacto financiero del accidente.<\/p>\n<p>Los factores cruciales que afectan la cantidad que un demandante puede recibir como arreglo incluyen:<\/p>\n<ul>\n<li>Cantidad de pruebas que respaldan su reclamaci\u00f3n por accidente de tr\u00e1fico<\/li>\n<li>Coste del tratamiento<\/li>\n<li>Gravedad de las lesiones sufridas<\/li>\n<li>Desfiguraci\u00f3n permanente e impedimentos derivados de las lesiones<\/li>\n<li>L\u00edmites de la p\u00f3liza de seguro del demandado<\/li>\n<li>Consecuencias fisiol\u00f3gicas y emocionales derivadas de las lesiones<\/li>\n<\/ul>\n<p>Trabajar con un abogado experto en accidentes de coche en Clearwater y documentar sus lesiones son a menudo la clave para determinar la cantidad de acuerdo que puede recuperar.<\/p>\n<h2>\u00bfCu\u00e1ndo debo buscar un abogado para mi accidente de coche?<\/h2>\n<p>Sufrir una lesi\u00f3n en un accidente de coche puede ser f\u00edsica y psicol\u00f3gicamente abrumador. A medida que se recupere de sus lesiones, la gente del seguro se pondr\u00e1 en contacto con usted para discutir su reclamaci\u00f3n por accidente de coche.<\/p>\n<p>Si el accidente ocurri\u00f3 en Clearwater, Florida, es posible que se pregunte si debe contratar a un abogado y cu\u00e1ndo, o si debe ocuparse de todo usted mismo.<\/p>\n<p>Despu\u00e9s de un accidente de coche, sin un abogado, usted est\u00e1 solo, y el ajustador de reclamaciones de seguros no est\u00e1 de su lado-su prioridad es proteger los resultados de la compa\u00f1\u00eda de seguros.<\/p>\n<p>Necesitas a alguien que te cubra las espaldas y proteja tambi\u00e9n tus intereses. Es por eso que usted debe por lo menos hablar con un abogado de accidentes de coche Clearwater inmediatamente despu\u00e9s de un accidente y antes de llamar a su compa\u00f1\u00eda de seguros o presentar su reclamaci\u00f3n.<\/p>\n<h2>\u00bfPor qu\u00e9 necesito un abogado?<\/h2>\n<p>Un abogado de accidente de coche cualificado y con experiencia puede ayudar a apoyar su reclamo con:<\/p>\n<h3>Preparaci\u00f3n minuciosa del caso \/ Presentaci\u00f3n de una demanda<\/h3>\n<p>Su derecho a recuperar la compensaci\u00f3n que se le debe depende del establecimiento de negligencia y culpa por parte de la otra parte. Nuestros abogados de accidentes de coche en Clearwater trabajan con investigadores expertos para reunir pruebas cruciales para presentar su reclamaci\u00f3n a tiempo y con confianza.<\/p>\n<h3>Negociaci\u00f3n del acuerdo<\/h3>\n<p>Cuando un superviviente de un accidente de coche sufre lesiones graves, puede enfrentarse a una vida de reducci\u00f3n de la capacidad de ingresos e incluso de discapacidad. Un abogado puede negociar con las compa\u00f1\u00edas de seguros en su nombre para asegurar un acuerdo que tenga plenamente en cuenta los impactos econ\u00f3micos del accidente de coche.<\/p>\n<h3>Preparaci\u00f3n de juicios y representaci\u00f3n<\/h3>\n<p>Nuestros abogados siempre est\u00e1n preparados y confiados cuando llega el momento de la representaci\u00f3n en juicio. Si las negociaciones fuera de los tribunales no dan resultado, lucharemos por la indemnizaci\u00f3n que se merece en los tribunales.<\/p>\n<p><a href=\"https:\/\/floridalawyers360.com\/wp-content\/uploads\/2024\/02\/clearwater-car-acc2.jpeg\"><img decoding=\"async\" class=\"alignnone size-full wp-image-2841\" src=\"https:\/\/floridalawyers360.com\/wp-content\/uploads\/2024\/02\/clearwater-car-acc2.jpeg\" alt=\"Contact our Cleaarwater car accident lawyers and we'll negotiate with the insurance\" width=\"500\" height=\"334\" srcset=\"https:\/\/floridalawyers360.com\/wp-content\/uploads\/2024\/02\/clearwater-car-acc2.jpeg 500w, https:\/\/floridalawyers360.com\/wp-content\/uploads\/2024\/02\/clearwater-car-acc2-300x200.jpeg 300w\" sizes=\"(max-width: 500px) 100vw, 500px\" \/><\/a><\/p>\n<h2>Da\u00f1os recuperables en casos de accidentes de coche en Florida<\/h2>\n<p>Las v\u00edctimas de accidentes de coche en Florida pueden recuperar una serie de da\u00f1os, incluyendo da\u00f1os compensatorios (econ\u00f3micos y no econ\u00f3micos) y da\u00f1os punitivos. Por lo tanto, usted podr\u00eda obtener compensaci\u00f3n por lo siguiente, pero no limitado a:<\/p>\n<ul>\n<li>Da\u00f1os al veh\u00edculo<\/li>\n<li>Gastos m\u00e9dicos (tratamiento, medicaci\u00f3n, dispositivos m\u00e9dicos, cuidados continuados, etc.)<\/li>\n<li>P\u00e9rdida de ingresos\/beneficios<\/li>\n<li>Dolor f\u00edsico y sufrimiento<\/li>\n<li>Angustia mental<\/li>\n<li>Cicatrices y desfiguraci\u00f3n<\/li>\n<li>P\u00e9rdida de calidad de vida<\/li>\n<li>Da\u00f1os punitivos<\/li>\n<\/ul>\n<h2>\u00bfC\u00f3mo prueba Florida la culpa en los casos de accidente de coche?<\/h2>\n<p>Aunque Florida <a href=\"http:\/\/www.leg.state.fl.us\/statutes\/index.cfm?App_mode=Display_Statute&amp;URL=0600-0699\/0627\/Sections\/0627.7407.html\" target=\"_blank\" rel=\"noopener\">sigue la ley de seguros \u00absin culpa\u00bb<\/a> (en caso de accidente de coche, independientemente de la culpa, ambas partes recurren a sus p\u00f3lizas de seguro de Protecci\u00f3n contra Lesiones Personales para reclamar indemnizaciones), los demandantes que presenten una demanda por accidente de coche deben demostrar que son ciertos los cuatro elementos de la negligencia:<\/p>\n<ul>\n<li><strong>Deber<\/strong>: La otra parte ten\u00eda un deber de diligencia para con el demandante;<\/li>\n<li><strong>Incumplimiento<\/strong>: Al actuar de forma imprudente o descuidada (omitiendo una diligencia razonable), el demandado puso al demandante en peligro;<\/li>\n<li><strong>Da\u00f1o<\/strong>: Las acciones\/inacci\u00f3n del demandado causaron directamente da\u00f1os al demandante o a su propiedad;<\/li>\n<li><strong>Causalidad<\/strong>: La falta de diligencia del demandado caus\u00f3 al demandante un da\u00f1o que no se habr\u00eda producido si el demandado hubiera actuado con diligencia razonable.<\/li>\n<\/ul>\n<h2>\u00bfCu\u00e1nto tiempo tengo para presentar una demanda?<\/h2>\n<p>De acuerdo con las leyes de prescripci\u00f3n de Florida, las v\u00edctimas de accidentes de coche tienen cuatro a\u00f1os desde la fecha del accidente para iniciar una demanda. Este plazo tambi\u00e9n se aplica a las acciones por da\u00f1os a la propiedad.<\/p>\n<p>Si bien pueden existir excepciones, es de gran importancia que se asegure de que su reclamo sea presentado antes del cierre de la ventana de cuatro a\u00f1os. El incumplimiento de los plazos de prescripci\u00f3n puede dar lugar a que el tribunal le proh\u00edba presentar su reclamaci\u00f3n y obtener una indemnizaci\u00f3n.<\/p>\n<p>P\u00f3ngase en contacto con un abogado de accidentes de coche en Clearwater lo antes posible para presentar su reclamaci\u00f3n a tiempo.<\/p>\n<h2>\u00bfC\u00f3mo puede ayudarme un abogado a presentar mi reclamaci\u00f3n al seguro?<\/h2>\n<p>Florida complica el proceso de reclamaci\u00f3n al seguro para obtener una indemnizaci\u00f3n tras un accidente de coche. Cuando usted sufre lesiones en un accidente automovil\u00edstico, la ley exige que se dirija a su propia compa\u00f1\u00eda de seguros en busca de ayuda.<\/p>\n<p>Un abogado puede hacerse cargo de todos los matices de la presentaci\u00f3n de su reclamaci\u00f3n al seguro de principio a fin, incluyendo:<\/p>\n<ul>\n<li>Notificar a su aseguradora<\/li>\n<li>Conseguir que le arreglen\/reemplacen el coche<\/li>\n<li>Realizar una investigaci\u00f3n independiente<\/li>\n<li>Calcular los da\u00f1os<\/li>\n<li>Enviar la carta de demanda<\/li>\n<li>Presentar una demanda ante los tribunales de Florida si le deniegan la reclamaci\u00f3n<\/li>\n<li>Negociar un acuerdo<\/li>\n<li>Presentar una demanda<\/li>\n<\/ul>\n<p>&nbsp;<\/p>\n<p><a href=\"https:\/\/floridalawyers360.com\/wp-content\/uploads\/2024\/02\/clearwater-car-acc4.jpeg\"><img loading=\"lazy\" decoding=\"async\" class=\"alignnone size-full wp-image-2840\" src=\"https:\/\/floridalawyers360.com\/wp-content\/uploads\/2024\/02\/clearwater-car-acc4.jpeg\" alt=\"Clearwater Car Accident Lawyer\" width=\"500\" height=\"334\" srcset=\"https:\/\/floridalawyers360.com\/wp-content\/uploads\/2024\/02\/clearwater-car-acc4.jpeg 500w, https:\/\/floridalawyers360.com\/wp-content\/uploads\/2024\/02\/clearwater-car-acc4-300x200.jpeg 300w\" sizes=\"(max-width: 500px) 100vw, 500px\" \/><\/a><\/p>\n<h2>\u00bfQu\u00e9 pasa si el otro conductor no tiene seguro o est\u00e1 insuficientemente asegurado?<\/h2>\n<p>Cualquier accidente de coche que fue culpa del otro conductor puede ser devastador y alterar la vida si usted sufre lesiones debilitantes o un ser querido muere.<\/p>\n<p>Las preocupaciones y el estr\u00e9s acerca de c\u00f3mo seguir adelante con su vida puede aumentar dram\u00e1ticamente si usted descubre que el conductor culpable tiene poco o ning\u00fan seguro para pagar por su tratamiento y otros da\u00f1os.<\/p>\n<p>Pero no se desespere. Usted todav\u00eda puede ser capaz de recuperar la compensaci\u00f3n que se le debe, incluso si el otro conductor no ten\u00eda seguro o seguro insuficiente. En Florida Lawyers 360, exploramos todas las opciones posibles para recuperar la compensaci\u00f3n; podemos ayudar.<\/p>\n<p>Sufrir lesiones por un accidente automovil\u00edstico puede ser una experiencia que altere su vida, pero no tiene por qu\u00e9 limitar severamente su futuro. En Florida Lawyers 360, nuestros abogados especializados en accidentes automovil\u00edsticos ofrecen una consulta legal inicial gratuita.<\/p>\n<p>Llame <a href=\"tel:+19544487355\"><i class=\"fa fa-phone-alt\"><\/i>954-448-7355<\/a> hoy para solicitar su consulta gratuita con nuestra <a href=\"\/clearwater\/\">firma de lesiones Clearwater<\/a>.<\/p>\n","protected":false},"excerpt":{"rendered":"<p>Los accidentes automovil\u00edsticos en Florida destruyen vidas. En un abrir y cerrar de ojos, usted o un ser querido puede sufrir lesiones graves con efectos de por vida. Los accidentes de coche, en particular los que resultan en lesiones graves, a menudo implican hospitalizaci\u00f3n, p\u00e9rdida de tiempo en el trabajo, la inestabilidad financiera, incapacidad permanente, [&hellip;]<\/p>\n","protected":false},"author":22,"featured_media":0,"parent":5710,"menu_order":0,"comment_status":"closed","ping_status":"closed","template":"","meta":{"_acf_changed":false,"anchor_text":"","footnotes":""},"categories":[],"tags":[],"class_list":["post-5712","page","type-page","status-publish","hentry"],"acf":[],"_links":{"self":[{"href":"https:\/\/floridalawyers360.com\/es\/wp-json\/wp\/v2\/pages\/5712","targetHints":{"allow":["GET"]}}],"collection":[{"href":"https:\/\/floridalawyers360.com\/es\/wp-json\/wp\/v2\/pages"}],"about":[{"href":"https:\/\/floridalawyers360.com\/es\/wp-json\/wp\/v2\/types\/page"}],"author":[{"embeddable":true,"href":"https:\/\/floridalawyers360.com\/es\/wp-json\/wp\/v2\/users\/22"}],"replies":[{"embeddable":true,"href":"https:\/\/floridalawyers360.com\/es\/wp-json\/wp\/v2\/comments?post=5712"}],"version-history":[{"count":7,"href":"https:\/\/floridalawyers360.com\/es\/wp-json\/wp\/v2\/pages\/5712\/revisions"}],"predecessor-version":[{"id":5719,"href":"https:\/\/floridalawyers360.com\/es\/wp-json\/wp\/v2\/pages\/5712\/revisions\/5719"}],"up":[{"embeddable":true,"href":"https:\/\/floridalawyers360.com\/es\/wp-json\/wp\/v2\/pages\/5710"}],"wp:attachment":[{"href":"https:\/\/floridalawyers360.com\/es\/wp-json\/wp\/v2\/media?parent=5712"}],"wp:term":[{"taxonomy":"category","embeddable":true,"href":"https:\/\/floridalawyers360.com\/es\/wp-json\/wp\/v2\/categories?post=5712"},{"taxonomy":"post_tag","embeddable":true,"href":"https:\/\/floridalawyers360.com\/es\/wp-json\/wp\/v2\/tags?post=5712"}],"curies":[{"name":"wp","href":"https:\/\/api.w.org\/{rel}","templated":true}]}}