{"id":5710,"date":"2024-02-08T11:37:56","date_gmt":"2024-02-08T16:37:56","guid":{"rendered":"https:\/\/floridalawyers360.com\/clearwater\/"},"modified":"2024-03-11T01:45:52","modified_gmt":"2024-03-11T06:45:52","slug":"clearwater","status":"publish","type":"page","link":"https:\/\/floridalawyers360.com\/es\/clearwater\/","title":{"rendered":"Clearwater"},"content":{"rendered":"<p>Si usted es v\u00edctima de un accidente de coche, lesiones personales, o lesiones en el lugar de trabajo en Clearwater, Florida Abogados 360 est\u00e1 aqu\u00ed para ayudar. Le trataremos como a una persona, no como a un n\u00famero, y nos comprometemos a obtener los mejores resultados para usted y su familia.<\/p>\n<p>Hemos conseguido millones de d\u00f3lares en nombre de nuestros clientes. Perm\u00edtanos centrarnos en luchar contra la compa\u00f1\u00eda de seguros para que usted pueda centrarse en mejorar. Puede ponerse en contacto con nosotros en cualquier momento 24\/7 para una consulta gratuita.<\/p>\n","protected":false},"excerpt":{"rendered":"<p>Si usted es v\u00edctima de un accidente de coche, lesiones personales, o lesiones en el lugar de trabajo en Clearwater, Florida Abogados 360 est\u00e1 aqu\u00ed para ayudar. Le trataremos como a una persona, no como a un n\u00famero, y nos comprometemos a obtener los mejores resultados para usted y su familia. Hemos conseguido millones de [&hellip;]<\/p>\n","protected":false},"author":22,"featured_media":3452,"parent":0,"menu_order":0,"comment_status":"closed","ping_status":"closed","template":"","meta":{"_acf_changed":false,"anchor_text":"","footnotes":""},"categories":[],"tags":[],"class_list":["post-5710","page","type-page","status-publish","has-post-thumbnail","hentry"],"acf":[],"_links":{"self":[{"href":"https:\/\/floridalawyers360.com\/es\/wp-json\/wp\/v2\/pages\/5710","targetHints":{"allow":["GET"]}}],"collection":[{"href":"https:\/\/floridalawyers360.com\/es\/wp-json\/wp\/v2\/pages"}],"about":[{"href":"https:\/\/floridalawyers360.com\/es\/wp-json\/wp\/v2\/types\/page"}],"author":[{"embeddable":true,"href":"https:\/\/floridalawyers360.com\/es\/wp-json\/wp\/v2\/users\/22"}],"replies":[{"embeddable":true,"href":"https:\/\/floridalawyers360.com\/es\/wp-json\/wp\/v2\/comments?post=5710"}],"version-history":[{"count":1,"href":"https:\/\/floridalawyers360.com\/es\/wp-json\/wp\/v2\/pages\/5710\/revisions"}],"predecessor-version":[{"id":5711,"href":"https:\/\/floridalawyers360.com\/es\/wp-json\/wp\/v2\/pages\/5710\/revisions\/5711"}],"wp:featuredmedia":[{"embeddable":true,"href":"https:\/\/floridalawyers360.com\/es\/wp-json\/wp\/v2\/media\/3452"}],"wp:attachment":[{"href":"https:\/\/floridalawyers360.com\/es\/wp-json\/wp\/v2\/media?parent=5710"}],"wp:term":[{"taxonomy":"category","embeddable":true,"href":"https:\/\/floridalawyers360.com\/es\/wp-json\/wp\/v2\/categories?post=5710"},{"taxonomy":"post_tag","embeddable":true,"href":"https:\/\/floridalawyers360.com\/es\/wp-json\/wp\/v2\/tags?post=5710"}],"curies":[{"name":"wp","href":"https:\/\/api.w.org\/{rel}","templated":true}]}}