{"id":5705,"date":"2024-02-13T15:52:35","date_gmt":"2024-02-13T20:52:35","guid":{"rendered":"https:\/\/floridalawyers360.com\/brandon\/workers-compensation-claim-process-in-brandon-fl\/"},"modified":"2024-03-10T12:01:51","modified_gmt":"2024-03-10T17:01:51","slug":"indemnizacion-por-accidente-laboral","status":"publish","type":"page","link":"https:\/\/floridalawyers360.com\/es\/brandon\/indemnizacion-por-accidente-laboral\/","title":{"rendered":"Indemnizaci\u00f3n por accidente laboral"},"content":{"rendered":"<p>La presentaci\u00f3n de una reclamaci\u00f3n de compensaci\u00f3n de trabajadores es todo acerca de la comprensi\u00f3n de sus derechos legales.<\/p>\n<p>En la Coalici\u00f3n de Abogados de Compensaci\u00f3n de Trabajadores de la Florida, queremos ayudarle con cada paso. Esto incluye la evaluaci\u00f3n de los detalles del caso, averiguar c\u00f3mo se presentar\u00e1 la reclamaci\u00f3n, y asegurarse de que todo se hace para ayudarle durante todo el proceso.<\/p>\n<div class=\"embed-container\"><iframe src=\"https:\/\/www.youtube.com\/embed\/NvcKCucZfDk\" frameborder=\"0\" allowfullscreen=\"allowfullscreen\"><\/iframe><\/div>\n<p>Entendemos lo confuso que puede ser esto y es ah\u00ed donde un abogado con experiencia le ayudar\u00e1. Nuestro bufete de abogados ha estado haciendo esto durante a\u00f1os y se trata de establecer altos est\u00e1ndares. Esto incluye el uso de estrategias de vanguardia y asegur\u00e1ndose de que usted se hace la primera prioridad para nuestro equipo.<\/p>\n<p>Si est\u00e1 pensando en seguir adelante con un <a href=\"https:\/\/floridalawyers360.com\/brandon\/workers-compensation-lawyer\/\">reclamaci\u00f3n de indemnizaci\u00f3n por accidente laboral en Brandon<\/a>, usted querr\u00e1 empezar con nuestro bufete de abogados inmediatamente. Para ello, ll\u00e1menos r\u00e1pidamente al <a href=\"tel:+19544487355\"><i class=\"fa fa-phone-alt\"><\/i>954-448-7355<\/a> para que podamos empezar a ayudarle.<\/p>\n\t\t<div data-elementor-type=\"section\" data-elementor-id=\"208\" class=\"elementor elementor-208\" data-elementor-post-type=\"elementor_library\">\n\t\t\t\t\t<section class=\"elementor-section elementor-top-section elementor-element elementor-element-485e576a elementor-section-boxed elementor-section-height-default elementor-section-height-default\" data-id=\"485e576a\" data-element_type=\"section\" data-e-type=\"section\">\n\t\t\t\t\t\t<div class=\"elementor-container elementor-column-gap-default\">\n\t\t\t\t\t<div class=\"elementor-column elementor-col-100 elementor-top-column elementor-element elementor-element-635c38c0\" data-id=\"635c38c0\" data-element_type=\"column\" data-e-type=\"column\">\n\t\t\t<div class=\"elementor-widget-wrap elementor-element-populated\">\n\t\t\t\t\t\t<div class=\"elementor-element elementor-element-3ba95c8a elementor-toc--minimized-on-tablet elementor-widget elementor-widget-table-of-contents\" data-id=\"3ba95c8a\" data-element_type=\"widget\" data-e-type=\"widget\" data-settings=\"{&quot;exclude_headings_by_selector&quot;:&quot;.toc-remove&quot;,&quot;headings_by_tags&quot;:[&quot;h2&quot;,&quot;h3&quot;],&quot;marker_view&quot;:&quot;numbers&quot;,&quot;no_headings_message&quot;:&quot;No headings were found on this page.&quot;,&quot;minimize_box&quot;:&quot;yes&quot;,&quot;minimized_on&quot;:&quot;tablet&quot;,&quot;hierarchical_view&quot;:&quot;yes&quot;,&quot;min_height&quot;:{&quot;unit&quot;:&quot;px&quot;,&quot;size&quot;:&quot;&quot;,&quot;sizes&quot;:[]},&quot;min_height_tablet&quot;:{&quot;unit&quot;:&quot;px&quot;,&quot;size&quot;:&quot;&quot;,&quot;sizes&quot;:[]},&quot;min_height_mobile&quot;:{&quot;unit&quot;:&quot;px&quot;,&quot;size&quot;:&quot;&quot;,&quot;sizes&quot;:[]}}\" data-widget_type=\"table-of-contents.default\">\n\t\t\t\t\t\t\t\t\t<div class=\"elementor-toc__header\">\n\t\t\t\t\t\t<div class=\"elementor-toc__header-title\">\n\t\t\t\tTable of Contents\t\t\t<\/div>\n\t\t\t\t\t\t\t\t\t\t<div class=\"elementor-toc__toggle-button elementor-toc__toggle-button--expand\" role=\"button\" tabindex=\"0\" aria-controls=\"elementor-toc__3ba95c8a\" aria-expanded=\"true\" aria-label=\"Open table of contents\"><svg aria-hidden=\"true\" class=\"e-font-icon-svg e-fas-chevron-down\" viewBox=\"0 0 448 512\" xmlns=\"http:\/\/www.w3.org\/2000\/svg\"><path d=\"M207.029 381.476L12.686 187.132c-9.373-9.373-9.373-24.569 0-33.941l22.667-22.667c9.357-9.357 24.522-9.375 33.901-.04L224 284.505l154.745-154.021c9.379-9.335 24.544-9.317 33.901.04l22.667 22.667c9.373 9.373 9.373 24.569 0 33.941L240.971 381.476c-9.373 9.372-24.569 9.372-33.942 0z\"><\/path><\/svg><\/div>\n\t\t\t\t<div class=\"elementor-toc__toggle-button elementor-toc__toggle-button--collapse\" role=\"button\" tabindex=\"0\" aria-controls=\"elementor-toc__3ba95c8a\" aria-expanded=\"true\" aria-label=\"Close table of contents\"><svg aria-hidden=\"true\" class=\"e-font-icon-svg e-fas-chevron-up\" viewBox=\"0 0 448 512\" xmlns=\"http:\/\/www.w3.org\/2000\/svg\"><path d=\"M240.971 130.524l194.343 194.343c9.373 9.373 9.373 24.569 0 33.941l-22.667 22.667c-9.357 9.357-24.522 9.375-33.901.04L224 227.495 69.255 381.516c-9.379 9.335-24.544 9.317-33.901-.04l-22.667-22.667c-9.373-9.373-9.373-24.569 0-33.941L207.03 130.525c9.372-9.373 24.568-9.373 33.941-.001z\"><\/path><\/svg><\/div>\n\t\t\t\t\t<\/div>\n\t\t\t\t<div id=\"elementor-toc__3ba95c8a\" class=\"elementor-toc__body\">\n\t\t\t<div class=\"elementor-toc__spinner-container\">\n\t\t\t\t<svg class=\"elementor-toc__spinner eicon-animation-spin e-font-icon-svg e-eicon-loading\" aria-hidden=\"true\" viewBox=\"0 0 1000 1000\" xmlns=\"http:\/\/www.w3.org\/2000\/svg\"><path d=\"M500 975V858C696 858 858 696 858 500S696 142 500 142 142 304 142 500H25C25 237 238 25 500 25S975 237 975 500 763 975 500 975Z\"><\/path><\/svg>\t\t\t<\/div>\n\t\t<\/div>\n\t\t\t\t\t\t<\/div>\n\t\t\t\t\t<\/div>\n\t\t<\/div>\n\t\t\t\t\t<\/div>\n\t\t<\/section>\n\t\t\t\t<\/div>\n\t\t\n<h2>\u00bfC\u00f3mo asegurarme de que mi lesi\u00f3n ser\u00e1 cubierta por una reclamaci\u00f3n de compensaci\u00f3n de trabajadores?<\/h2>\n<p>Cuando usted est\u00e1 lidiando con una lesi\u00f3n, usted querr\u00e1 mejorarse primero. Esto es algo que la Coalici\u00f3n de Abogados de Compensaci\u00f3n de Trabajadores de la Florida enfatiza m\u00e1s que cualquier otra cosa. Queremos asegurarnos de que nuestro cliente est\u00e1 mejorando y est\u00e1 mejorando su calidad de vida durante todo el proceso.<\/p>\n<p>Debido a esto, la Coalici\u00f3n de Abogados de Compensaci\u00f3n de Trabajadores de la Florida es todo sobre el cuidado del proceso de reclamaciones para usted. Esto incluir\u00e1 tomar el tiempo para sentarse y consultar con usted sobre el proceso y lo que quiere que suceda.<\/p>\n<p>Si usted est\u00e1 pensando en presentar una reclamaci\u00f3n legal en Brandon, usted querr\u00e1 saber c\u00f3mo son las leyes. Esto es algo que nuestros expertos legales estar\u00e1n m\u00e1s que encantados de repasar con usted desde el primer d\u00eda.<\/p>\n<p>Hay lesiones espec\u00edficas que son viables para este tipo de reclamaci\u00f3n en Florida.<\/p>\n<p>Estas lesiones pueden incluir:<\/p>\n<ul>\n<li>Accidentes de tr\u00e1fico<\/li>\n<li>Ca\u00eddas y resbalones<\/li>\n<li>Ca\u00edda de objetos<\/li>\n<li>Lesiones repetitivas<\/li>\n<li>Quemaduras<\/li>\n<li>Fracturas<\/li>\n<li>Par\u00e1lisis<\/li>\n<\/ul>\n<p>&nbsp;<\/p>\n<p><a href=\"https:\/\/floridalawyers360.com\/wp-content\/uploads\/2024\/02\/brandon-workers-comp-claim-process1-copy.webp\"><img fetchpriority=\"high\" decoding=\"async\" class=\"alignnone size-full wp-image-2816\" src=\"https:\/\/floridalawyers360.com\/wp-content\/uploads\/2024\/02\/brandon-workers-comp-claim-process1-copy.webp\" alt=\"Workers' Compensation Claim Process\" width=\"500\" height=\"334\" srcset=\"https:\/\/floridalawyers360.com\/wp-content\/uploads\/2024\/02\/brandon-workers-comp-claim-process1-copy.webp 500w, https:\/\/floridalawyers360.com\/wp-content\/uploads\/2024\/02\/brandon-workers-comp-claim-process1-copy-300x200.webp 300w\" sizes=\"(max-width: 500px) 100vw, 500px\" \/><\/a><\/p>\n<p>Conc\u00e9ntrese en repasar estas lesiones para ver c\u00f3mo se aplican en su caso. \u00bfHay alguna lesi\u00f3n que podr\u00eda no ser viable para este tipo de reclamaci\u00f3n?<\/p>\n<p>En general, siempre que se demuestre que la lesi\u00f3n se produjo en tu lugar de trabajo o debido a tu trabajo.<\/p>\n<p>Si esto es posible, usted va a tener la capacidad de seguir adelante con la <a href=\"http:\/\/www.leg.state.fl.us\/statutes\/index.cfm?App_mode=Display_Statute&amp;URL=0400-0499\/0440\/0440.html\" target=\"_blank\" rel=\"noopener\">reclamaci\u00f3n de indemnizaci\u00f3n por accidente laboral en Florida<\/a>. Estaremos encantados de discutir esta informaci\u00f3n con usted durante el proceso para asegurarnos de que est\u00e1is de acuerdo.<\/p>\n<p>Para obtener m\u00e1s informaci\u00f3n sobre lo que hacemos en la Coalici\u00f3n de Abogados de Compensaci\u00f3n de Trabajadores de Florida, llame al <a href=\"tel:+19544487355\"><i class=\"fa fa-phone-alt\"><\/i>954-448-7355<\/a> de inmediato.<\/p>\n<h2>\u00bfCu\u00e1nto tiempo tiene para presentar una reclamaci\u00f3n de compensaci\u00f3n de trabajadores en Florida?<\/h2>\n<p>Cuando usted est\u00e1 pensando en presentar una reclamaci\u00f3n de compensaci\u00f3n de trabajadores en Florida, usted querr\u00e1 ir a trav\u00e9s de los detalles m\u00e1s finos antes de cualquier otra cosa.<\/p>\n<p>Esto es algo que muchos clientes no saben c\u00f3mo hacer.<\/p>\n<p>En la Coalici\u00f3n de Abogados de Compensaci\u00f3n de Trabajadores de la Florida, vamos a ayudar a ilustrar lo que el estatuto de limitaciones es como y c\u00f3mo se va a aplicar a su caso. En general, usted va a tener dos a\u00f1os a partir de cuando se produjo la lesi\u00f3n en el lugar de trabajo.<\/p>\n<p>Es muy recomendable tener todas las pruebas en la mano tan pronto como sea posible. Vamos a ayudarle con cada paso y asegurarnos de que las cosas se hacen de la manera correcta. Esto incluye evaluar los detalles de su caso y asegurarse de que tiene las pruebas que necesita para la reclamaci\u00f3n.<\/p>\n<p>Una vez que tengamos toda esta informaci\u00f3n en la mano, vamos a empezar a trabajar en la reclamaci\u00f3n legal en Florida.<\/p>\n<p>Si eso es algo que desea seguir adelante, por favor, dar la Coalici\u00f3n de Abogados de Compensaci\u00f3n de Trabajadores de la Florida una llamada al [tel\u00e9fono]. Nos aseguraremos de que usted obtenga la reclamaci\u00f3n presentada dentro del plazo.<\/p>\n<h2>\u00bfC\u00f3mo Presentar la Reclamaci\u00f3n de Compensaci\u00f3n Laboral en Florida?<\/h2>\n<p>La \u00fanica cosa que usted va a tener que entender es el proceso de reclamaciones en la Florida.<\/p>\n<p>Esto incluye la informaci\u00f3n que va a necesitar, el estatuto de limitaciones, lo que est\u00e1 permitido, y si necesita o no pruebas espec\u00edficas para obtener una compensaci\u00f3n completa.<\/p>\n<p>En la Coalici\u00f3n de Abogados de Compensaci\u00f3n de Trabajadores de Florida, podemos ayudarle con todos estos pasos. Nuestro objetivo es mostrar lo que funciona y lo que no, basado en nuestra experiencia. Este es el tipo de experiencia que le permitir\u00e1 tomar las decisiones correctas cuando llegue el momento de seguir adelante con una reclamaci\u00f3n.<\/p>\n<p>En general, una reclamaci\u00f3n va a comenzar por la presentaci\u00f3n de la documentaci\u00f3n a la corte en la Florida. Esto va a permitir que se procese ya que ambas partes son conscientes de lo que est\u00e1 sucediendo.<\/p>\n<p>El objetivo es asegurarse de que tiene todas las pruebas pertinentes preparado para asegurarse de que las cosas se hacen de la manera que necesitan ser hechas. En la Coalici\u00f3n de Abogados de Compensaci\u00f3n de Trabajadores de la Florida, hemos hecho esto cientos de veces y lo haremos bien la primera vez.<\/p>\n<p>Para ir con nosotros, llame a nuestro bufete de abogados al <a href=\"tel:+19544487355\"><i class=\"fa fa-phone-alt\"><\/i>954-448-7355<\/a>.<\/p>\n<p><a href=\"https:\/\/floridalawyers360.com\/wp-content\/uploads\/2024\/02\/brandon-workers-comp-claim-process2-copy.webp\"><img decoding=\"async\" class=\"alignnone size-full wp-image-2817\" src=\"https:\/\/floridalawyers360.com\/wp-content\/uploads\/2024\/02\/brandon-workers-comp-claim-process2-copy.webp\" alt=\"How to file a workers' compensation claim\" width=\"500\" height=\"334\" srcset=\"https:\/\/floridalawyers360.com\/wp-content\/uploads\/2024\/02\/brandon-workers-comp-claim-process2-copy.webp 500w, https:\/\/floridalawyers360.com\/wp-content\/uploads\/2024\/02\/brandon-workers-comp-claim-process2-copy-300x200.webp 300w\" sizes=\"(max-width: 500px) 100vw, 500px\" \/><\/a><\/p>\n<h2>Contacte a Nuestros Abogados para Ayuda con el Proceso de Reclamo de Compensaci\u00f3n Laboral en Brandon<\/h2>\n<p>Las lesiones son dif\u00edciles y pueden llegar a ser cada vez m\u00e1s dif\u00edciles cuando se trata de un incidente en el lugar de trabajo. Usted va a tener que pasar por una larga lista de detalles para entender mejor lo que ha ocurrido y cu\u00e1les son sus derechos legales en Brandon.<\/p>\n<p>En el <a href=\"https:\/\/floridalawyers360.com\">Coalici\u00f3n de Abogados de Compensaci\u00f3n Laboral de Florida<\/a>, nos damos cuenta de que esto va a ser una situaci\u00f3n problem\u00e1tica para estar en y uno que va a querer una resoluci\u00f3n para. Si ese es el caso, usted querr\u00e1 comenzar con las partes simples del proceso, incluyendo c\u00f3mo presentar una reclamaci\u00f3n de compensaci\u00f3n de trabajadores en Florida.<\/p>\n<p>Nuestro bufete de abogados tiene experiencia cuando se trata de este tipo de casos y sabr\u00e1 c\u00f3mo manejar las cosas hasta el \u00faltimo detalle. Somos apasionados, probados, y todo sobre la satisfacci\u00f3n de sus necesidades.<\/p>\n<p>Para obtener m\u00e1s informaci\u00f3n sobre lo que somos y por qu\u00e9 podemos ayudar con el proceso de reclamaciones, es el momento de llamarnos a <a href=\"tel:+19544487355\"><i class=\"fa fa-phone-alt\"><\/i>954-448-7355<\/a>.<\/p>\n","protected":false},"excerpt":{"rendered":"<p>La presentaci\u00f3n de una reclamaci\u00f3n de compensaci\u00f3n de trabajadores es todo acerca de la comprensi\u00f3n de sus derechos legales. En la Coalici\u00f3n de Abogados de Compensaci\u00f3n de Trabajadores de la Florida, queremos ayudarle con cada paso. Esto incluye la evaluaci\u00f3n de los detalles del caso, averiguar c\u00f3mo se presentar\u00e1 la reclamaci\u00f3n, y asegurarse de que [&hellip;]<\/p>\n","protected":false},"author":22,"featured_media":0,"parent":5684,"menu_order":0,"comment_status":"closed","ping_status":"closed","template":"","meta":{"_acf_changed":false,"anchor_text":"","footnotes":""},"categories":[],"tags":[],"class_list":["post-5705","page","type-page","status-publish","hentry"],"acf":[],"_links":{"self":[{"href":"https:\/\/floridalawyers360.com\/es\/wp-json\/wp\/v2\/pages\/5705","targetHints":{"allow":["GET"]}}],"collection":[{"href":"https:\/\/floridalawyers360.com\/es\/wp-json\/wp\/v2\/pages"}],"about":[{"href":"https:\/\/floridalawyers360.com\/es\/wp-json\/wp\/v2\/types\/page"}],"author":[{"embeddable":true,"href":"https:\/\/floridalawyers360.com\/es\/wp-json\/wp\/v2\/users\/22"}],"replies":[{"embeddable":true,"href":"https:\/\/floridalawyers360.com\/es\/wp-json\/wp\/v2\/comments?post=5705"}],"version-history":[{"count":3,"href":"https:\/\/floridalawyers360.com\/es\/wp-json\/wp\/v2\/pages\/5705\/revisions"}],"predecessor-version":[{"id":5708,"href":"https:\/\/floridalawyers360.com\/es\/wp-json\/wp\/v2\/pages\/5705\/revisions\/5708"}],"up":[{"embeddable":true,"href":"https:\/\/floridalawyers360.com\/es\/wp-json\/wp\/v2\/pages\/5684"}],"wp:attachment":[{"href":"https:\/\/floridalawyers360.com\/es\/wp-json\/wp\/v2\/media?parent=5705"}],"wp:term":[{"taxonomy":"category","embeddable":true,"href":"https:\/\/floridalawyers360.com\/es\/wp-json\/wp\/v2\/categories?post=5705"},{"taxonomy":"post_tag","embeddable":true,"href":"https:\/\/floridalawyers360.com\/es\/wp-json\/wp\/v2\/tags?post=5705"}],"curies":[{"name":"wp","href":"https:\/\/api.w.org\/{rel}","templated":true}]}}