{"id":5704,"date":"2024-02-13T15:51:34","date_gmt":"2024-02-13T20:51:34","guid":{"rendered":"https:\/\/floridalawyers360.com\/brandon\/beneficios-de-compensacion-laboral-en-brandon-fl\/"},"modified":"2024-02-13T15:51:34","modified_gmt":"2024-02-13T20:51:34","slug":"beneficios-de-compensacion-laboral-en-brandon-fl","status":"publish","type":"page","link":"https:\/\/floridalawyers360.com\/es\/brandon\/beneficios-de-compensacion-laboral-en-brandon-fl\/","title":{"rendered":"Beneficios de Compensaci\u00f3n Laboral en Brandon, FL"},"content":{"rendered":"<p>Los empresarios de Florida tienen la obligaci\u00f3n de mantener un seguro de indemnizaci\u00f3n por accidentes laborales. Este tipo de p\u00f3liza suele estar dise\u00f1ada para ayudar a compensar a los empleados por las p\u00e9rdidas econ\u00f3micas que puedan sufrir como consecuencia de una lesi\u00f3n en el lugar de trabajo o tras contraer una enfermedad ocasionada por trabajar en un entorno peligroso.<\/p>\n<div class=\"embed-container\"><iframe src=\"https:\/\/www.youtube.com\/embed\/YpSfgveYXlk\" frameborder=\"0\" allowfullscreen=\"allowfullscreen\"><\/iframe><\/div>\n<p>\u00bfSe ha lesionado en su lugar de trabajo en Florida? \u00bfHa sufrido p\u00e9rdidas salariales, gastos m\u00e9dicos o cualquier otra p\u00e9rdida cuantificable como consecuencia de sus lesiones o enfermedad? En caso afirmativo, la Ley de Florida le garantiza el derecho a una indemnizaci\u00f3n justa basada en la gravedad de sus lesiones y el alcance de sus p\u00e9rdidas.<\/p>\n<p>En la Coalici\u00f3n de Abogados de Compensaci\u00f3n de Trabajadores de la Florida, podemos ayudarle a elaborar y presentar una fuerte demanda de compensaci\u00f3n de trabajadores en contra de su empleador. Mientras se recupera, nos ocuparemos de todos los procesos judiciales necesarios y actuaremos como enlace entre usted y su empresa en las negociaciones de indemnizaci\u00f3n.<\/p>\n<p>Nuestra <a href=\"\/brandon\/workers-compensation-lawyer\/\">Abogados de indemnizaci\u00f3n por accidente laboral en Brandon<\/a> tiene una amplia experiencia en la tramitaci\u00f3n de este tipo de reclamaciones en Florida, como demuestra nuestro s\u00f3lido historial de victorias. Para saber c\u00f3mo podemos ayudarle a llevar a buen puerto su reclamaci\u00f3n de indemnizaci\u00f3n por accidente laboral en los pasillos de la justicia, s\u00f3lo tiene que llamarnos al <a href=\"tel:+19544487355\"><i class=\"fa fa-phone-alt\"><\/i>954-448-7355<\/a>.<\/p>\n\t\t<div data-elementor-type=\"section\" data-elementor-id=\"208\" class=\"elementor elementor-208\" data-elementor-post-type=\"elementor_library\">\n\t\t\t\t\t<section class=\"elementor-section elementor-top-section elementor-element elementor-element-485e576a elementor-section-boxed elementor-section-height-default elementor-section-height-default\" data-id=\"485e576a\" data-element_type=\"section\" data-e-type=\"section\">\n\t\t\t\t\t\t<div class=\"elementor-container elementor-column-gap-default\">\n\t\t\t\t\t<div class=\"elementor-column elementor-col-100 elementor-top-column elementor-element elementor-element-635c38c0\" data-id=\"635c38c0\" data-element_type=\"column\" data-e-type=\"column\">\n\t\t\t<div class=\"elementor-widget-wrap elementor-element-populated\">\n\t\t\t\t\t\t<div class=\"elementor-element elementor-element-3ba95c8a elementor-toc--minimized-on-tablet elementor-widget elementor-widget-table-of-contents\" data-id=\"3ba95c8a\" data-element_type=\"widget\" data-e-type=\"widget\" data-settings=\"{&quot;exclude_headings_by_selector&quot;:&quot;.toc-remove&quot;,&quot;headings_by_tags&quot;:[&quot;h2&quot;,&quot;h3&quot;],&quot;marker_view&quot;:&quot;numbers&quot;,&quot;no_headings_message&quot;:&quot;No headings were found on this page.&quot;,&quot;minimize_box&quot;:&quot;yes&quot;,&quot;minimized_on&quot;:&quot;tablet&quot;,&quot;hierarchical_view&quot;:&quot;yes&quot;,&quot;min_height&quot;:{&quot;unit&quot;:&quot;px&quot;,&quot;size&quot;:&quot;&quot;,&quot;sizes&quot;:[]},&quot;min_height_tablet&quot;:{&quot;unit&quot;:&quot;px&quot;,&quot;size&quot;:&quot;&quot;,&quot;sizes&quot;:[]},&quot;min_height_mobile&quot;:{&quot;unit&quot;:&quot;px&quot;,&quot;size&quot;:&quot;&quot;,&quot;sizes&quot;:[]}}\" data-widget_type=\"table-of-contents.default\">\n\t\t\t\t\t\t\t\t\t<div class=\"elementor-toc__header\">\n\t\t\t\t\t\t<div class=\"elementor-toc__header-title\">\n\t\t\t\tTable of Contents\t\t\t<\/div>\n\t\t\t\t\t\t\t\t\t\t<div class=\"elementor-toc__toggle-button elementor-toc__toggle-button--expand\" role=\"button\" tabindex=\"0\" aria-controls=\"elementor-toc__3ba95c8a\" aria-expanded=\"true\" aria-label=\"Open table of contents\"><svg aria-hidden=\"true\" class=\"e-font-icon-svg e-fas-chevron-down\" viewBox=\"0 0 448 512\" xmlns=\"http:\/\/www.w3.org\/2000\/svg\"><path d=\"M207.029 381.476L12.686 187.132c-9.373-9.373-9.373-24.569 0-33.941l22.667-22.667c9.357-9.357 24.522-9.375 33.901-.04L224 284.505l154.745-154.021c9.379-9.335 24.544-9.317 33.901.04l22.667 22.667c9.373 9.373 9.373 24.569 0 33.941L240.971 381.476c-9.373 9.372-24.569 9.372-33.942 0z\"><\/path><\/svg><\/div>\n\t\t\t\t<div class=\"elementor-toc__toggle-button elementor-toc__toggle-button--collapse\" role=\"button\" tabindex=\"0\" aria-controls=\"elementor-toc__3ba95c8a\" aria-expanded=\"true\" aria-label=\"Close table of contents\"><svg aria-hidden=\"true\" class=\"e-font-icon-svg e-fas-chevron-up\" viewBox=\"0 0 448 512\" xmlns=\"http:\/\/www.w3.org\/2000\/svg\"><path d=\"M240.971 130.524l194.343 194.343c9.373 9.373 9.373 24.569 0 33.941l-22.667 22.667c-9.357 9.357-24.522 9.375-33.901.04L224 227.495 69.255 381.516c-9.379 9.335-24.544 9.317-33.901-.04l-22.667-22.667c-9.373-9.373-9.373-24.569 0-33.941L207.03 130.525c9.372-9.373 24.568-9.373 33.941-.001z\"><\/path><\/svg><\/div>\n\t\t\t\t\t<\/div>\n\t\t\t\t<div id=\"elementor-toc__3ba95c8a\" class=\"elementor-toc__body\">\n\t\t\t<div class=\"elementor-toc__spinner-container\">\n\t\t\t\t<svg class=\"elementor-toc__spinner eicon-animation-spin e-font-icon-svg e-eicon-loading\" aria-hidden=\"true\" viewBox=\"0 0 1000 1000\" xmlns=\"http:\/\/www.w3.org\/2000\/svg\"><path d=\"M500 975V858C696 858 858 696 858 500S696 142 500 142 142 304 142 500H25C25 237 238 25 500 25S975 237 975 500 763 975 500 975Z\"><\/path><\/svg>\t\t\t<\/div>\n\t\t<\/div>\n\t\t\t\t\t\t<\/div>\n\t\t\t\t\t<\/div>\n\t\t<\/div>\n\t\t\t\t\t<\/div>\n\t\t<\/section>\n\t\t\t\t<\/div>\n\t\t\n<h2>\u00bfQu\u00e9 tipos de beneficios puedo obtener en la presentaci\u00f3n de una reclamaci\u00f3n de compensaci\u00f3n de trabajadores en Brandon, FL?<\/h2>\n<p>Como ya hemos dicho, el seguro de accidentes de trabajo contratado por su empresa tiene por objeto indemnizarle por los salarios perdidos y otras p\u00e9rdidas econ\u00f3micas que sufra tras sufrir un accidente laboral.<\/p>\n<p>La indemnizaci\u00f3n total que reciba al presentar una reclamaci\u00f3n de indemnizaci\u00f3n por accidente de trabajo y la duraci\u00f3n del derecho a percibir las prestaciones depender\u00e1n de la clasificaci\u00f3n de su reclamaci\u00f3n.<\/p>\n<p>Tenga en cuenta que su reclamaci\u00f3n se clasificar\u00e1 en funci\u00f3n de la gravedad y el alcance de las lesiones sufridas durante el trabajo.<\/p>\n<p>En <a href=\"https:\/\/www.myfloridacfo.com\/division\/wc\/pdf\/WC-System-Guide.pdf\" target=\"_blank\" rel=\"noopener\">Florida, indemnizaci\u00f3n por accidente laboral<\/a> Las prestaciones se dividen generalmente en cuatro categor\u00edas. Tras presentar una reclamaci\u00f3n, puede que se le conceda alguna de las siguientes prestaciones:<\/p>\n<h3>Prestaciones por incapacidad temporal total (ITT)<\/h3>\n<p>Se le pueden conceder prestaciones TTD si sufre lesiones no permanentes mientras trabaja, pero no puede reanudar inmediatamente sus tareas habituales porque est\u00e1 gravemente lesionado o enfermo.<\/p>\n<h3>Prestaciones por incapacidad temporal parcial (TPD)<\/h3>\n<p>Si se lesiona en el trabajo y reanuda su actividad laboral pero no puede realizar su carga de trabajo o sus tareas habituales debido a las restricciones impuestas por su enfermedad o sus lesiones, es posible que se le concedan prestaciones por incapacidad temporal.<\/p>\n<p>No obstante, para tener pleno derecho a las prestaciones de TPD, debe ganar menos del 80 % de los ingresos semanales medios que percib\u00eda antes de sufrir las lesiones laborales o complicaciones de salud.<\/p>\n<h3>Prestaciones por incapacidad permanente parcial (PPD)<\/h3>\n<p>Si se le conceden prestaciones por TPD o TTD y el plazo m\u00e1ximo para cobrar cualquiera de estas prestaciones expira antes de que pueda reincorporarse plenamente al trabajo debido a las lesiones extensas, puede tener derecho a recibir prestaciones por PPD.<\/p>\n<h3>Prestaciones por incapacidad permanente total (IPT)<\/h3>\n<p>Si sufre lesiones o padece una enfermedad que le incapacita permanentemente para volver a trabajar en el futuro (en su puesto anterior o en otro sector), puede tener derecho a prestaciones por incapacidad temporal.<\/p>\n<p><a href=\"https:\/\/floridalawyers360.com\/wp-content\/uploads\/2024\/02\/brandon-workers-comp-benefits1-copy.webp\"><img fetchpriority=\"high\" decoding=\"async\" class=\"alignnone size-full wp-image-2837\" src=\"https:\/\/floridalawyers360.com\/wp-content\/uploads\/2024\/02\/brandon-workers-comp-benefits1-copy.webp\" alt=\"Prestaciones por accidentes laborales\" width=\"500\" height=\"334\" srcset=\"https:\/\/floridalawyers360.com\/wp-content\/uploads\/2024\/02\/brandon-workers-comp-benefits1-copy.webp 500w, https:\/\/floridalawyers360.com\/wp-content\/uploads\/2024\/02\/brandon-workers-comp-benefits1-copy-300x200.webp 300w\" sizes=\"(max-width: 500px) 100vw, 500px\" \/><\/a><\/p>\n<h2>\u00bfC\u00f3mo se calculan las distintas indemnizaciones por accidente laboral en Florida?<\/h2>\n<p>Para saber c\u00f3mo calcular <a href=\"http:\/\/www.leg.state.fl.us\/statutes\/index.cfm?App_mode=Display_Statute&amp;URL=0400-0499\/0440\/0440.html\" target=\"_blank\" rel=\"noopener\">prestaciones de compensaci\u00f3n a los trabajadores en Florida<\/a>, hay dos t\u00e9rminos clave que debe conocer.<\/p>\n<h3>Salario medio semanal (SST)<\/h3>\n<p>Se refiere a la cantidad media que ganas semanalmente. Para saber cu\u00e1l es su PTA, s\u00f3lo tiene que sumar los ingresos brutos anuales, los ingresos por horas extraordinarias, las primas y otras prestaciones que le concedan en el trabajo, como el seguro m\u00e9dico, y dividir el total por 52 (el n\u00famero de semanas que tiene un a\u00f1o).<\/p>\n<p>Alternativamente, si no lleva mucho tiempo trabajando con su empresario, puede conocer su AWW calculando los ingresos semanales medios que percibi\u00f3 en las trece semanas anteriores a sufrir las lesiones laborales.<\/p>\n<h3>Calificaci\u00f3n de incapacidad permanente (PIR)<\/h3>\n<p>Se refiere al grado de lesiones permanentes que sufres en una determinada parte del cuerpo tras un accidente laboral. This refers to the degree of permanent injuries that you sustain in a certain body part after a workplace accident. Tenga en cuenta que la calificaci\u00f3n PIR otorgada por un m\u00e9dico suele venir determinada por la gravedad de sus lesiones.<\/p>\n<p>Ahora que usted entiende el significado de los t\u00e9rminos anteriores, ahora podemos seguir adelante y discutir c\u00f3mo los diferentes tipos de beneficios de compensaci\u00f3n de trabajadores se calculan en la Florida &#8230;<\/p>\n<p><a href=\"https:\/\/floridalawyers360.com\/wp-content\/uploads\/2024\/02\/brandon-workers-comp-benefits2.jpeg\"><img decoding=\"async\" class=\"alignnone wp-image-2836 size-full\" src=\"https:\/\/floridalawyers360.com\/wp-content\/uploads\/2024\/02\/brandon-workers-comp-benefits2.jpeg\" alt=\"Prestaciones por incapacidad laboral\" width=\"500\" height=\"334\" srcset=\"https:\/\/floridalawyers360.com\/wp-content\/uploads\/2024\/02\/brandon-workers-comp-benefits2.jpeg 500w, https:\/\/floridalawyers360.com\/wp-content\/uploads\/2024\/02\/brandon-workers-comp-benefits2-300x200.jpeg 300w\" sizes=\"(max-width: 500px) 100vw, 500px\" \/><\/a><\/p>\n<h3>1. \u00bfC\u00f3mo se calculan las prestaciones por incapacidad temporal parcial?<\/h3>\n<p>Si se le conceden prestaciones de TPD, la indemnizaci\u00f3n que recibir\u00e1 ser\u00e1 el 80 % de la diferencia entre lo que ganaba antes de las lesiones y lo que gana actualmente en su nuevo puesto.<\/p>\n<p>Por ejemplo, si ganaba un salario medio semanal (SST) de 800 $ antes de lesionarse y empieza a ganar un SST de 600 $ al reincorporarse al trabajo mientras se recupera, sus prestaciones por incapacidad temporal se calcular\u00e1n del siguiente modo:<\/p>\n<ul>\n<li>Diferencia entre su AWW anterior y su AWW actual<br \/>\n$800 &#8211; $600 = $200<\/li>\n<li>80% del salario que est\u00e1 perdiendo<br \/>\n80% * $200 = $160<\/li>\n<\/ul>\n<p>Esto significa que sus prestaciones semanales de TPD ser\u00e1n de 160 $.<\/p>\n<h3>2. \u00bfC\u00f3mo se calculan las prestaciones por incapacidad temporal total (ITT)?<\/h3>\n<p>Si se le conceden prestaciones TTD, su indemnizaci\u00f3n semanal ser\u00e1 de dos tercios de su AWW.<\/p>\n<p>Por ejemplo, si tiene un AWW de 1.200 $, sus prestaciones TPD se calcular\u00e1n del siguiente modo:<\/p>\n<ul>\n<li>2\/3 * $1,200 = $800<\/li>\n<\/ul>\n<p>Esto significa que sus prestaciones TTD ascender\u00e1n a 800 $.<\/p>\n<p>Tenga en cuenta que, en algunos casos, puede sufrir lesiones catastr\u00f3ficas en el lugar de trabajo, como par\u00e1lisis o ceguera. Si sus lesiones se clasifican como catastr\u00f3ficas, sus prestaciones de TTD ser\u00e1n el 80 % de su AWW.<\/p>\n<p>Siguiendo el supuesto anterior, sus prestaciones TTD en caso de lesiones catastr\u00f3ficas se calcular\u00edan del siguiente modo:<\/p>\n<ul>\n<li>80% * $1,200 = $960<\/li>\n<\/ul>\n<h3>3. \u00bfC\u00f3mo se calculan las prestaciones por incapacidad permanente parcial (PPD)?<\/h3>\n<p>Si se le conceden prestaciones PPD, su indemnizaci\u00f3n se basar\u00e1 en la calificaci\u00f3n de incapacidad permanente (Permanent Impairment Rating, PIR) facilitada por su m\u00e9dico. Tras determinar el grado de incapacidad, su m\u00e9dico le asignar\u00e1 un periodo de curaci\u00f3n (calculado en semanas) para la parte del cuerpo afectada.<\/p>\n<p>S\u00f3lo puede solicitar una indemnizaci\u00f3n por PPD dentro del periodo de tiempo asignado a la parte del cuerpo afectada.<\/p>\n<p><a href=\"https:\/\/floridalawyers360.com\/wp-content\/uploads\/2024\/02\/brandon-workers-comp-benefits3.jpeg\"><img decoding=\"async\" class=\"alignnone wp-image-2835 size-full\" src=\"https:\/\/floridalawyers360.com\/wp-content\/uploads\/2024\/02\/brandon-workers-comp-benefits3.jpeg\" alt=\"\u00bfC\u00f3mo se calculan las indemnizaciones por accidentes laborales?\" width=\"500\" height=\"334\" srcset=\"https:\/\/floridalawyers360.com\/wp-content\/uploads\/2024\/02\/brandon-workers-comp-benefits3.jpeg 500w, https:\/\/floridalawyers360.com\/wp-content\/uploads\/2024\/02\/brandon-workers-comp-benefits3-300x200.jpeg 300w\" sizes=\"(max-width: 500px) 100vw, 500px\" \/><\/a><\/p>\n<h3>4. \u00bfC\u00f3mo se calculan las prestaciones por incapacidad permanente total (IPT)?<\/h3>\n<p>Si se le conceden prestaciones por incapacidad temporal total (PTD), su indemnizaci\u00f3n global ser\u00e1 igual al 75 % de la cuant\u00eda que percib\u00eda en concepto de prestaciones por incapacidad temporal total (TTD).<\/p>\n<p>Tenga en cuenta que el c\u00e1lculo de las prestaciones por accidentes de trabajo puede ser complicado porque cada caso es \u00fanico. Adem\u00e1s, en algunos casos, cuando un trabajador sufre lesiones intensivas, el empresario puede optar por pagar las prestaciones por incapacidad a tanto alzado.<\/p>\n<p>En tal caso, necesitar\u00e1 la ayuda de abogados expertos en indemnizaci\u00f3n por accidente de trabajo para negociar con su empresa una indemnizaci\u00f3n justa.<\/p>\n<p>Para entender cu\u00e1nto vale su reclamo, le recomendamos que llame a nuestros Abogados de Compensaci\u00f3n de Trabajadores de la Florida para obtener una evaluaci\u00f3n gratuita de su caso.<\/p>\n<h2>\u00bfCu\u00e1l es la cuant\u00eda m\u00e1xima que puedo percibir en concepto de indemnizaci\u00f3n por accidente de trabajo y durante cu\u00e1nto tiempo?<\/h2>\n<p>La cantidad m\u00e1xima que puede cobrar en concepto de indemnizaci\u00f3n por accidente laboral en Florida variar\u00e1 en funci\u00f3n del tipo de prestaci\u00f3n que se le conceda.<\/p>\n<h3>Prestaciones TTD<\/h3>\n<p>A partir de 2020, puede recibir un m\u00e1ximo de 971 $ en prestaciones TTD. Sin embargo, si se le conceden prestaciones por TTD tras sufrir lesiones catastr\u00f3ficas, no hay l\u00edmite en la indemnizaci\u00f3n semanal m\u00e1xima que puede percibir.<\/p>\n<p>Puede seguir recibiendo prestaciones TTD hasta que su m\u00e9dico dictamine que ha alcanzado la mejor\u00eda m\u00e9dica m\u00e1xima (MMI) o hasta que su m\u00e9dico dictamine que puede reanudar sus tareas laborales normales. Tenga en cuenta que s\u00f3lo puede solicitar prestaciones TTD durante un m\u00e1ximo de 104 semanas.<\/p>\n<h3>Beneficios de la DPT<\/h3>\n<p>A partir de 2020, el tope semanal m\u00e1ximo de las prestaciones por TPD era de 971 d\u00f3lares. Tenga en cuenta que si al percibir las prestaciones DPT gana m\u00e1s del 80 % de lo que ganaba antes de las lesiones, s\u00f3lo percibir\u00e1 el 50 % de las prestaciones DPT.<\/p>\n<p>Tenga en cuenta que s\u00f3lo puede solicitar prestaciones TTD durante un m\u00e1ximo de 104 semanas.<\/p>\n<h3>Prestaciones PTD<\/h3>\n<p>No hay l\u00edmite en la cuant\u00eda m\u00e1xima que puede percibir como prestaci\u00f3n PTD. Puede seguir percibiendo las prestaciones PTD hasta que alcance la edad de jubilaci\u00f3n (75 a\u00f1os). No obstante, si no tiene derecho a las prestaciones de la Seguridad Social al cumplir esta edad, puede seguir percibiendo las prestaciones PTD de por vida.<\/p>\n<h3>Prestaciones PPD<\/h3>\n<p>Las prestaciones PPD que perciba y el tiempo que pueda solicitarlas depender\u00e1n de su calificaci\u00f3n PIR y del n\u00famero de semanas asignadas a la parte espec\u00edfica del cuerpo que est\u00e9 da\u00f1ada.<\/p>\n<p>NOTA: El plazo en el que puede solicitar prestaciones puede variar con respecto a los plazos estipulados en funci\u00f3n de los hechos particulares que rodeen su caso. Le recomendamos que se ponga en contacto con nosotros para obtener informaci\u00f3n relevante y precisa sobre su caso concreto de reclamaci\u00f3n de indemnizaci\u00f3n por accidente laboral.<\/p>\n<p><a href=\"https:\/\/floridalawyers360.com\/wp-content\/uploads\/2024\/02\/brandon-workers-comp-benefits4.jpeg\"><img loading=\"lazy\" decoding=\"async\" class=\"alignnone wp-image-2834 size-full\" src=\"https:\/\/floridalawyers360.com\/wp-content\/uploads\/2024\/02\/brandon-workers-comp-benefits4.jpeg\" alt=\"\u00bfSe gravan mis prestaciones por accidentes laborales?\" width=\"500\" height=\"334\" srcset=\"https:\/\/floridalawyers360.com\/wp-content\/uploads\/2024\/02\/brandon-workers-comp-benefits4.jpeg 500w, https:\/\/floridalawyers360.com\/wp-content\/uploads\/2024\/02\/brandon-workers-comp-benefits4-300x200.jpeg 300w\" sizes=\"(max-width: 500px) 100vw, 500px\" \/><\/a><\/p>\n<h2>\u00bfSer\u00e1n gravados mis beneficios de compensaci\u00f3n laboral en Brandon, FL?<\/h2>\n<p>No. Cualquier compensaci\u00f3n monetaria que se le otorgue al presentar una demanda de compensaci\u00f3n de trabajadores en Brandon, FL no ser\u00e1 gravada. Sin embargo, si vuelve a trabajar mientras sigue percibiendo prestaciones por incapacidad, sus nuevos ingresos estar\u00e1n sujetos a impuestos.<\/p>\n<h2>P\u00f3ngase en contacto con los Abogados de Compensaci\u00f3n de Trabajadores de la Florida para obtener ayuda con su reclamo de Compensaci\u00f3n de Trabajadores en Brandon, FL.<\/h2>\n<p>Aunque su empresario tiene el deber de garantizar el mantenimiento de un entorno laboral seguro, los accidentes que pueden provocar lesiones graves en el trabajo siguen siendo un riesgo inherente.<\/p>\n<p>Si se lesiona en el trabajo o sufre complicaciones de salud como consecuencia de las condiciones laborales, tiene derecho a reclamar una indemnizaci\u00f3n por todas las p\u00e9rdidas econ\u00f3micas que sufra mientras se recupera. Podemos ayudarle a garantizar una indemnizaci\u00f3n justa.<\/p>\n<p>En <a href=\"\/\">Coalici\u00f3n de Abogados de Compensaci\u00f3n Laboral de Florida<\/a>, contamos con un equipo cualificado y experimentado de expertos litigantes que pueden ayudarle a reclamar una indemnizaci\u00f3n a su empresario.<\/p>\n<p>Dado que cada reclamaci\u00f3n de indemnizaci\u00f3n es \u00fanica, le recomendamos que se ponga en contacto con nosotros lo antes posible para saber c\u00f3mo podemos ayudarle a garantizar una indemnizaci\u00f3n justa.<\/p>\n<p>Para consultar con nuestros abogados acerca de su posible reclamo de compensaci\u00f3n de trabajadores en Brandon y para recibir una evaluaci\u00f3n gratuita de su caso, ll\u00e1menos al <a href=\"tel:+19544487355\"><i class=\"fa fa-phone-alt\"><\/i>954-448-7355<\/a> o rellene nuestro formulario de contacto en l\u00ednea.<\/p>\n","protected":false},"excerpt":{"rendered":"<p>Los empresarios de Florida tienen la obligaci\u00f3n de mantener un seguro de indemnizaci\u00f3n por accidentes laborales. Este tipo de p\u00f3liza suele estar dise\u00f1ada para ayudar a compensar a los empleados por las p\u00e9rdidas econ\u00f3micas que puedan sufrir como consecuencia de una lesi\u00f3n en el lugar de trabajo o tras contraer una enfermedad ocasionada por trabajar [&hellip;]<\/p>\n","protected":false},"author":22,"featured_media":0,"parent":5684,"menu_order":0,"comment_status":"closed","ping_status":"closed","template":"","meta":{"_acf_changed":false,"anchor_text":"","footnotes":""},"categories":[],"tags":[],"class_list":["post-5704","page","type-page","status-publish","hentry"],"acf":[],"_links":{"self":[{"href":"https:\/\/floridalawyers360.com\/es\/wp-json\/wp\/v2\/pages\/5704","targetHints":{"allow":["GET"]}}],"collection":[{"href":"https:\/\/floridalawyers360.com\/es\/wp-json\/wp\/v2\/pages"}],"about":[{"href":"https:\/\/floridalawyers360.com\/es\/wp-json\/wp\/v2\/types\/page"}],"author":[{"embeddable":true,"href":"https:\/\/floridalawyers360.com\/es\/wp-json\/wp\/v2\/users\/22"}],"replies":[{"embeddable":true,"href":"https:\/\/floridalawyers360.com\/es\/wp-json\/wp\/v2\/comments?post=5704"}],"version-history":[{"count":0,"href":"https:\/\/floridalawyers360.com\/es\/wp-json\/wp\/v2\/pages\/5704\/revisions"}],"up":[{"embeddable":true,"href":"https:\/\/floridalawyers360.com\/es\/wp-json\/wp\/v2\/pages\/5684"}],"wp:attachment":[{"href":"https:\/\/floridalawyers360.com\/es\/wp-json\/wp\/v2\/media?parent=5704"}],"wp:term":[{"taxonomy":"category","embeddable":true,"href":"https:\/\/floridalawyers360.com\/es\/wp-json\/wp\/v2\/categories?post=5704"},{"taxonomy":"post_tag","embeddable":true,"href":"https:\/\/floridalawyers360.com\/es\/wp-json\/wp\/v2\/tags?post=5704"}],"curies":[{"name":"wp","href":"https:\/\/api.w.org\/{rel}","templated":true}]}}