{"id":5700,"date":"2024-02-13T15:50:24","date_gmt":"2024-02-13T20:50:24","guid":{"rendered":"https:\/\/floridalawyers360.com\/brandon\/reporting-a-work-injury-in-brandon-fl\/"},"modified":"2024-03-10T07:57:48","modified_gmt":"2024-03-10T12:57:48","slug":"comunicar-un-accidente-laboral-en-brandon","status":"publish","type":"page","link":"https:\/\/floridalawyers360.com\/es\/brandon\/comunicar-un-accidente-laboral-en-brandon\/","title":{"rendered":"Comunicar un accidente laboral en Brandon"},"content":{"rendered":"<p>Los accidentes de trabajo y las enfermedades profesionales no son infrecuentes, por lo que es importante que informe de una lesi\u00f3n laboral. En virtud del seguro de compensaci\u00f3n de los trabajadores, un accidente laboral suele dar derecho a algunas prestaciones monetarias tras dichos accidentes.<\/p>\n<p>Se supone que estas prestaciones les cubren los gastos m\u00e9dicos ocasionados y las probables bajas laborales incluso en el futuro.<\/p>\n<div class=\"embed-container\"><iframe src=\"https:\/\/www.youtube.com\/embed\/qAiBATKXE0w\" frameborder=\"0\" allowfullscreen=\"allowfullscreen\"><\/iframe><\/div>\n<p>Seg\u00fan la legislaci\u00f3n de Florida, las empresas que emplean a tres o m\u00e1s trabajadores, incluidos los trabajadores a tiempo parcial, tienen la obligaci\u00f3n de llevar <a href=\"\/es\/brandon\/abogado-de-indemnizacion-por-accidentes-laborales\/\">indemnizaci\u00f3n por accidente laboral<\/a> seguros. El seguro de accidentes de trabajo tiene por objeto garantizar que la indemnizaci\u00f3n por lesiones laborales sea sencilla, pero no siempre es as\u00ed.<\/p>\n<p>Los empleados a menudo se enfrentan a obst\u00e1culos como la denegaci\u00f3n de la reclamaci\u00f3n, y trabajar con un abogado de compensaci\u00f3n de trabajadores podr\u00eda ayudar a evitar estos problemas.<\/p>\n<p>En Florida Lawyers 360, nuestros abogados ofrecen representaci\u00f3n legal profesional y agresiva para asegurar que usted reciba sus beneficios monetarios merecidos si usted ha sido lesionado mientras trabajaba.<\/p>\n<p>Ll\u00e1menos hoy mismo al <a href=\"tel:+19544487355\"><i class=\"fa fa-phone-alt\"><\/i>954-448-7355<\/a> para hablar con uno de nuestros abogados especialistas en indemnizaci\u00f3n por accidente laboral de Brandon y conocer las prestaciones a las que tiene derecho y el proceso de denuncia.<\/p>\n<p><span style=\"font-weight: 400;\">\t\t<div data-elementor-type=\"section\" data-elementor-id=\"208\" class=\"elementor elementor-208\" data-elementor-post-type=\"elementor_library\">\n\t\t\t\t\t<section class=\"elementor-section elementor-top-section elementor-element elementor-element-485e576a elementor-section-boxed elementor-section-height-default elementor-section-height-default\" data-id=\"485e576a\" data-element_type=\"section\" data-e-type=\"section\">\n\t\t\t\t\t\t<div class=\"elementor-container elementor-column-gap-default\">\n\t\t\t\t\t<div class=\"elementor-column elementor-col-100 elementor-top-column elementor-element elementor-element-635c38c0\" data-id=\"635c38c0\" data-element_type=\"column\" data-e-type=\"column\">\n\t\t\t<div class=\"elementor-widget-wrap elementor-element-populated\">\n\t\t\t\t\t\t<div class=\"elementor-element elementor-element-3ba95c8a elementor-toc--minimized-on-tablet elementor-widget elementor-widget-table-of-contents\" data-id=\"3ba95c8a\" data-element_type=\"widget\" data-e-type=\"widget\" data-settings=\"{&quot;exclude_headings_by_selector&quot;:&quot;.toc-remove&quot;,&quot;headings_by_tags&quot;:[&quot;h2&quot;,&quot;h3&quot;],&quot;marker_view&quot;:&quot;numbers&quot;,&quot;no_headings_message&quot;:&quot;No se ha encontrado ning\\u00fan encabezado en esta p\\u00e1gina.&quot;,&quot;minimize_box&quot;:&quot;yes&quot;,&quot;minimized_on&quot;:&quot;tablet&quot;,&quot;hierarchical_view&quot;:&quot;yes&quot;,&quot;min_height&quot;:{&quot;unit&quot;:&quot;px&quot;,&quot;size&quot;:&quot;&quot;,&quot;sizes&quot;:[]},&quot;min_height_tablet&quot;:{&quot;unit&quot;:&quot;px&quot;,&quot;size&quot;:&quot;&quot;,&quot;sizes&quot;:[]},&quot;min_height_mobile&quot;:{&quot;unit&quot;:&quot;px&quot;,&quot;size&quot;:&quot;&quot;,&quot;sizes&quot;:[]}}\" data-widget_type=\"table-of-contents.default\">\n\t\t\t\t\t\t\t\t\t<div class=\"elementor-toc__header\">\n\t\t\t\t\t\t<div class=\"elementor-toc__header-title\">\n\t\t\t\tTable of Contents\t\t\t<\/div>\n\t\t\t\t\t\t\t\t\t\t<div class=\"elementor-toc__toggle-button elementor-toc__toggle-button--expand\" role=\"button\" tabindex=\"0\" aria-controls=\"elementor-toc__3ba95c8a\" aria-expanded=\"true\" aria-label=\"Abrir la tabla de contenidos\"><svg aria-hidden=\"true\" class=\"e-font-icon-svg e-fas-chevron-down\" viewBox=\"0 0 448 512\" xmlns=\"http:\/\/www.w3.org\/2000\/svg\"><path d=\"M207.029 381.476L12.686 187.132c-9.373-9.373-9.373-24.569 0-33.941l22.667-22.667c9.357-9.357 24.522-9.375 33.901-.04L224 284.505l154.745-154.021c9.379-9.335 24.544-9.317 33.901.04l22.667 22.667c9.373 9.373 9.373 24.569 0 33.941L240.971 381.476c-9.373 9.372-24.569 9.372-33.942 0z\"><\/path><\/svg><\/div>\n\t\t\t\t<div class=\"elementor-toc__toggle-button elementor-toc__toggle-button--collapse\" role=\"button\" tabindex=\"0\" aria-controls=\"elementor-toc__3ba95c8a\" aria-expanded=\"true\" aria-label=\"Cerrar la tabla de contenidos\"><svg aria-hidden=\"true\" class=\"e-font-icon-svg e-fas-chevron-up\" viewBox=\"0 0 448 512\" xmlns=\"http:\/\/www.w3.org\/2000\/svg\"><path d=\"M240.971 130.524l194.343 194.343c9.373 9.373 9.373 24.569 0 33.941l-22.667 22.667c-9.357 9.357-24.522 9.375-33.901.04L224 227.495 69.255 381.516c-9.379 9.335-24.544 9.317-33.901-.04l-22.667-22.667c-9.373-9.373-9.373-24.569 0-33.941L207.03 130.525c9.372-9.373 24.568-9.373 33.941-.001z\"><\/path><\/svg><\/div>\n\t\t\t\t\t<\/div>\n\t\t\t\t<div id=\"elementor-toc__3ba95c8a\" class=\"elementor-toc__body\">\n\t\t\t<div class=\"elementor-toc__spinner-container\">\n\t\t\t\t<svg class=\"elementor-toc__spinner eicon-animation-spin e-font-icon-svg e-eicon-loading\" aria-hidden=\"true\" viewBox=\"0 0 1000 1000\" xmlns=\"http:\/\/www.w3.org\/2000\/svg\"><path d=\"M500 975V858C696 858 858 696 858 500S696 142 500 142 142 304 142 500H25C25 237 238 25 500 25S975 237 975 500 763 975 500 975Z\"><\/path><\/svg>\t\t\t<\/div>\n\t\t<\/div>\n\t\t\t\t\t\t<\/div>\n\t\t\t\t\t<\/div>\n\t\t<\/div>\n\t\t\t\t\t<\/div>\n\t\t<\/section>\n\t\t\t\t<\/div>\n\t\t<\/span><\/p>\n<h2>\u00bfCu\u00e1nto Tiempo Tengo para Reportar una Lesi\u00f3n Laboral en Brandon, Florida?<\/h2>\n<p>Bajo las leyes de compensaci\u00f3n de trabajadores en Florida, los trabajadores lesionados est\u00e1n obligados a proporcionar a sus empleadores una notificaci\u00f3n oportuna de las lesiones relacionadas con el trabajo. Estas leyes establecen que si usted sufre una lesi\u00f3n mientras est\u00e1 en el reloj, usted tiene que reportar la lesi\u00f3n a su empleador o la persona interesada dentro de los 30 d\u00edas.<\/p>\n<p>No notificar la lesi\u00f3n en ese plazo puede suponer la p\u00e9rdida de las prestaciones econ\u00f3micas.<\/p>\n<p>Independientemente de este plazo, es aconsejable notificar el accidente inmediatamente. Esto ayuda al empresario a llevar a cabo una investigaci\u00f3n sobre su lesi\u00f3n. Cuando denuncie una lesi\u00f3n laboral, es importante que facilite toda la informaci\u00f3n posible sobre la lesi\u00f3n.<\/p>\n<p>Preferiblemente, debe indicarlo:<\/p>\n<ul>\n<li>Fecha y hora del accidente<\/li>\n<li>Lugar del accidente<\/li>\n<li>Qu\u00e9 estaba haciendo en el momento del accidente<\/li>\n<li>S\u00edntomas que indicaban que te hab\u00edas lesionado tras el accidente<\/li>\n<li>La lesi\u00f3n concreta que sufri\u00f3<\/li>\n<li>Los compa\u00f1eros de trabajo que presenciaron el accidente<\/li>\n<\/ul>\n<p>&nbsp;<\/p>\n<p><a href=\"https:\/\/floridalawyers360.com\/wp-content\/uploads\/2024\/02\/brandon-report-work-injury2-copy.webp\"><img fetchpriority=\"high\" decoding=\"async\" class=\"alignnone size-full wp-image-2826\" src=\"https:\/\/floridalawyers360.com\/wp-content\/uploads\/2024\/02\/brandon-report-work-injury2-copy.webp\" alt=\"reporting a work injury to supervisor\" width=\"500\" height=\"334\" srcset=\"https:\/\/floridalawyers360.com\/wp-content\/uploads\/2024\/02\/brandon-report-work-injury2-copy.webp 500w, https:\/\/floridalawyers360.com\/wp-content\/uploads\/2024\/02\/brandon-report-work-injury2-copy-300x200.webp 300w\" sizes=\"(max-width: 500px) 100vw, 500px\" \/><\/a><\/p>\n<h2>\u00bfA qui\u00e9n tengo que reportar una lesi\u00f3n en el lugar de trabajo?<\/h2>\n<p>Si ha sufrido un accidente laboral en Brandon, Florida, es importante que informe inmediatamente a su empleador. Dependiendo de la jerarqu\u00eda de su lugar de trabajo, tambi\u00e9n puede informar a su capataz, supervisor inmediato o cualquier otra persona superior del departamento de Recursos Humanos (RRHH).<\/p>\n<h2>Responsabilidades del Empleador Despu\u00e9s de una Lesi\u00f3n Laboral<\/h2>\n<p>En caso de accidente laboral, el empresario debe hacer lo siguiente:<\/p>\n<ul>\n<li><strong>Investigue el accidente inmediatamente:<\/strong> Deben recopilar todos los hechos relevantes sobre el accidente en un intento de establecer si la lesi\u00f3n estaba realmente relacionada con el trabajo.<\/li>\n<li><strong>Comunicar la lesi\u00f3n del trabajador a su aseguradora: <\/strong> Tras investigar el accidente laboral, el empresario debe comunicar los hechos a su compa\u00f1\u00eda de seguros. La ley de Florida obliga a los empresarios a informar a sus aseguradoras sobre la lesi\u00f3n del trabajador en los 7 d\u00edas siguientes a la notificaci\u00f3n, presentando un Primer Parte de Lesiones ante la <a href=\"https:\/\/www.myfloridacfo.com\/Division\/WC\/\" target=\"_blank\" rel=\"noopener\">Divisi\u00f3n de Compensaci\u00f3n de Trabajadores de Florida<\/a> y la aseguradora.<\/li>\n<li><strong>Ofrecer al trabajador lesionado un trabajo ligero tras su lesi\u00f3n:<\/strong> Bajo la ley de compensaci\u00f3n de trabajadores de Florida, un empleador debe ofrecerle trabajo ligero despu\u00e9s de una lesi\u00f3n para mantenerlo activo mientras gana dinero.<\/li>\n<\/ul>\n<h2>Responsabilidad del trabajador tras un accidente laboral<\/h2>\n<p>Algunas de las responsabilidades del trabajador tras una lesi\u00f3n laboral son:<\/p>\n<ul>\n<li><strong>Notifique la lesi\u00f3n sin demora<\/strong>: Normalmente, est\u00e1s obligado a notificar tu lesi\u00f3n en el trabajo inmediatamente, pero no m\u00e1s tarde de 30 d\u00edas a partir de la fecha del accidente.<\/li>\n<li><strong>Documente con qui\u00e9n habl\u00f3 y cu\u00e1ndo<\/strong>: Aunque no es obligatorio tener una declaraci\u00f3n grabada de la denuncia hecha a tu empresa, es importante conservar alg\u00fan tipo de prueba que demuestre que has informado de tu lesi\u00f3n laboral.<\/li>\n<li><strong>Acuda al m\u00e9dico que le indique su empresa<\/strong>: Su empresa le facilitar\u00e1 una lista de m\u00e9dicos del cuadro org\u00e1nico a los que puede solicitar atenci\u00f3n m\u00e9dica. Acudir a un m\u00e9dico que no sea el recomendado por su empresa puede suponer la p\u00e9rdida de sus prestaciones.<\/li>\n<li><strong>Acepte el trabajo ligero que le ofrezca <\/strong>despu\u00e9s de sufrir una lesi\u00f3n laboral.<\/li>\n<li><strong>Solicite asesoramiento jur\u00eddico a un abogado especializado en accidentes de trabajo<\/strong>: Informar de tu lesi\u00f3n y presentar tu reclamaci\u00f3n de indemnizaci\u00f3n por accidente de trabajo bajo la orientaci\u00f3n de un abogado especializado en indemnizaciones por accidente de trabajo te garantiza que das los pasos correctos y haces todo dentro de los plazos permitidos.<\/li>\n<li><strong>Som\u00e9tase a un an\u00e1lisis de drogas si se lo exigen<\/strong>: Su empleador puede solicitar que se someta a una prueba de drogas despu\u00e9s de su lesi\u00f3n para establecer si estaba bajo la influencia de sustancias en el momento del accidente. Si no se somete a una prueba de drogas, corre el riesgo de perder las prestaciones de indemnizaci\u00f3n por accidente de trabajo.<\/li>\n<li><strong>Mant\u00e9ngase en contacto con su empresa<\/strong>: Si el m\u00e9dico te aconseja que te tomes un tiempo de baja laboral, aseg\u00farate de mantener informado a tu empleador para que pueda planificarlo adecuadamente, y tambi\u00e9n para que sepa en cu\u00e1nto tiempo puede esperarte de vuelta.<\/li>\n<\/ul>\n<p>&nbsp;<\/p>\n<p><a href=\"https:\/\/floridalawyers360.com\/wp-content\/uploads\/2024\/02\/brandon-report-work-injury1-copy.webp\"><img decoding=\"async\" class=\"alignnone size-full wp-image-2825\" src=\"https:\/\/floridalawyers360.com\/wp-content\/uploads\/2024\/02\/brandon-report-work-injury1-copy.webp\" alt=\"Reporting. Work Injury in Brandon, FL\" width=\"500\" height=\"334\" srcset=\"https:\/\/floridalawyers360.com\/wp-content\/uploads\/2024\/02\/brandon-report-work-injury1-copy.webp 500w, https:\/\/floridalawyers360.com\/wp-content\/uploads\/2024\/02\/brandon-report-work-injury1-copy-300x200.webp 300w\" sizes=\"(max-width: 500px) 100vw, 500px\" \/><\/a><\/p>\n<h2>Ll\u00e1menos Hoy Cuando Reporte una Lesi\u00f3n de Trabajo en Brandon<\/h2>\n<p>Antes de que pueda reportar su lesi\u00f3n en el trabajo a su empleador, es importante que se ponga en contacto con un abogado de compensaci\u00f3n de trabajadores. Nuestros abogados en Florida Lawyers 360 tienen experiencia en el manejo de <a href=\"https:\/\/floridalawyers360.com\/brandon\/workers-compensation-claim-process\/\">reclamaciones de indemnizaci\u00f3n por accidente laboral<\/a> y le guiar\u00e1 a trav\u00e9s del proceso de notificaci\u00f3n y presentaci\u00f3n.<\/p>\n<p>Adem\u00e1s, nuestros abogados se asegurar\u00e1n de que usted informe de su lesi\u00f3n y presente su reclamaci\u00f3n dentro de los plazos requeridos.<\/p>\n<p>Los empleadores y sus compa\u00f1\u00edas de seguros pueden negar su reclamo, especialmente si usted no reporta la lesi\u00f3n dentro del tiempo permitido o si creen que su lesi\u00f3n no estaba relacionada con el trabajo.<\/p>\n<p>Hablar con un Brandon experimentado <a href=\"https:\/\/floridalawyers360.com\/brandon\/workers-compensation-lawyer\/\">abogado laboralista<\/a> se asegura de que informe a tiempo de su lesi\u00f3n y presente su reclamaci\u00f3n a tiempo para evitar que se la denieguen.<\/p>\n<p>If you have been injured in your workplace and are not sure what to do next, it is important that you seek legal counsel. En <a href=\"\/\">Florida Lawyers 360<\/a>, nos dedicamos a guiarle a lo largo de todo el proceso de reclamaci\u00f3n para asegurarnos de que da los pasos correctos.<\/p>\n<p>Ll\u00e1menos hoy mismo al <a href=\"tel:+19544487355\"><i class=\"fa fa-phone-alt\"><\/i>954-448-7355<\/a> para programar una evaluaci\u00f3n gratuita de su caso y establecer la validez de su reclamaci\u00f3n.<\/p>\n","protected":false},"excerpt":{"rendered":"<p>Los accidentes de trabajo y las enfermedades profesionales no son infrecuentes, por lo que es importante que informe de una lesi\u00f3n laboral. En virtud del seguro de compensaci\u00f3n de los trabajadores, un accidente laboral suele dar derecho a algunas prestaciones monetarias tras dichos accidentes. Se supone que estas prestaciones les cubren los gastos m\u00e9dicos ocasionados [&hellip;]<\/p>\n","protected":false},"author":22,"featured_media":0,"parent":5684,"menu_order":0,"comment_status":"closed","ping_status":"closed","template":"","meta":{"_acf_changed":false,"anchor_text":"","footnotes":""},"categories":[],"tags":[],"class_list":["post-5700","page","type-page","status-publish","hentry"],"acf":[],"_links":{"self":[{"href":"https:\/\/floridalawyers360.com\/es\/wp-json\/wp\/v2\/pages\/5700","targetHints":{"allow":["GET"]}}],"collection":[{"href":"https:\/\/floridalawyers360.com\/es\/wp-json\/wp\/v2\/pages"}],"about":[{"href":"https:\/\/floridalawyers360.com\/es\/wp-json\/wp\/v2\/types\/page"}],"author":[{"embeddable":true,"href":"https:\/\/floridalawyers360.com\/es\/wp-json\/wp\/v2\/users\/22"}],"replies":[{"embeddable":true,"href":"https:\/\/floridalawyers360.com\/es\/wp-json\/wp\/v2\/comments?post=5700"}],"version-history":[{"count":3,"href":"https:\/\/floridalawyers360.com\/es\/wp-json\/wp\/v2\/pages\/5700\/revisions"}],"predecessor-version":[{"id":5703,"href":"https:\/\/floridalawyers360.com\/es\/wp-json\/wp\/v2\/pages\/5700\/revisions\/5703"}],"up":[{"embeddable":true,"href":"https:\/\/floridalawyers360.com\/es\/wp-json\/wp\/v2\/pages\/5684"}],"wp:attachment":[{"href":"https:\/\/floridalawyers360.com\/es\/wp-json\/wp\/v2\/media?parent=5700"}],"wp:term":[{"taxonomy":"category","embeddable":true,"href":"https:\/\/floridalawyers360.com\/es\/wp-json\/wp\/v2\/categories?post=5700"},{"taxonomy":"post_tag","embeddable":true,"href":"https:\/\/floridalawyers360.com\/es\/wp-json\/wp\/v2\/tags?post=5700"}],"curies":[{"name":"wp","href":"https:\/\/api.w.org\/{rel}","templated":true}]}}