{"id":5695,"date":"2024-02-13T15:49:15","date_gmt":"2024-02-13T20:49:15","guid":{"rendered":"https:\/\/floridalawyers360.com\/brandon\/brandon-workers-compensation-lawyer\/"},"modified":"2024-03-10T06:56:25","modified_gmt":"2024-03-10T11:56:25","slug":"abogado-de-indemnizacion-por-accidentes-laborales","status":"publish","type":"page","link":"https:\/\/floridalawyers360.com\/es\/brandon\/abogado-de-indemnizacion-por-accidentes-laborales\/","title":{"rendered":"Brandon Abogado de indemnizaci\u00f3n por accidentes laborales"},"content":{"rendered":"<p>\u00bfSe ha lesionado recientemente en su trabajo? \u00bfSe pregunta qu\u00e9 hacer a continuaci\u00f3n? Tal vez haya dudado en comunicar su lesi\u00f3n. Hay muchas personas que creen que, si presentan una reclamaci\u00f3n de compensaci\u00f3n a los trabajadores, esto de alguna manera podr\u00eda poner en peligro su empleo. <\/p>\n<p>Si eso le preocupa, o si simplemente necesita asesoramiento legal, hablar con un abogado de compensaci\u00f3n de trabajadores de Brandon puede ser muy \u00fatil. <\/p>\n<p>They can assist you in understanding what the process is, what to expect, and how to file your claim in the most appropriate manner. Si se encuentra en Brandon, puede ponerse en contacto con las oficinas de Florida Lawyers 360.<\/p>\n<p>Nuestros <a href=\"\/es\/brandon\/abogado-de-lesiones-personales\/\">abogados de lesiones personales<\/a> estar\u00e1n m\u00e1s que encantados de proporcionarle una visi\u00f3n general de lo que debe hacer a continuaci\u00f3n y ayudarle con cualquier asunto legal.<\/p>\n\t\t<div data-elementor-type=\"section\" data-elementor-id=\"208\" class=\"elementor elementor-208\" data-elementor-post-type=\"elementor_library\">\n\t\t\t\t\t<section class=\"elementor-section elementor-top-section elementor-element elementor-element-485e576a elementor-section-boxed elementor-section-height-default elementor-section-height-default\" data-id=\"485e576a\" data-element_type=\"section\" data-e-type=\"section\">\n\t\t\t\t\t\t<div class=\"elementor-container elementor-column-gap-default\">\n\t\t\t\t\t<div class=\"elementor-column elementor-col-100 elementor-top-column elementor-element elementor-element-635c38c0\" data-id=\"635c38c0\" data-element_type=\"column\" data-e-type=\"column\">\n\t\t\t<div class=\"elementor-widget-wrap elementor-element-populated\">\n\t\t\t\t\t\t<div class=\"elementor-element elementor-element-3ba95c8a elementor-toc--minimized-on-tablet elementor-widget elementor-widget-table-of-contents\" data-id=\"3ba95c8a\" data-element_type=\"widget\" data-e-type=\"widget\" data-settings=\"{&quot;exclude_headings_by_selector&quot;:&quot;.toc-remove&quot;,&quot;headings_by_tags&quot;:[&quot;h2&quot;,&quot;h3&quot;],&quot;marker_view&quot;:&quot;numbers&quot;,&quot;no_headings_message&quot;:&quot;No se ha encontrado ning\\u00fan encabezado en esta p\\u00e1gina.&quot;,&quot;minimize_box&quot;:&quot;yes&quot;,&quot;minimized_on&quot;:&quot;tablet&quot;,&quot;hierarchical_view&quot;:&quot;yes&quot;,&quot;min_height&quot;:{&quot;unit&quot;:&quot;px&quot;,&quot;size&quot;:&quot;&quot;,&quot;sizes&quot;:[]},&quot;min_height_tablet&quot;:{&quot;unit&quot;:&quot;px&quot;,&quot;size&quot;:&quot;&quot;,&quot;sizes&quot;:[]},&quot;min_height_mobile&quot;:{&quot;unit&quot;:&quot;px&quot;,&quot;size&quot;:&quot;&quot;,&quot;sizes&quot;:[]}}\" data-widget_type=\"table-of-contents.default\">\n\t\t\t\t\t\t\t\t\t<div class=\"elementor-toc__header\">\n\t\t\t\t\t\t<div class=\"elementor-toc__header-title\">\n\t\t\t\tTable of Contents\t\t\t<\/div>\n\t\t\t\t\t\t\t\t\t\t<div class=\"elementor-toc__toggle-button elementor-toc__toggle-button--expand\" role=\"button\" tabindex=\"0\" aria-controls=\"elementor-toc__3ba95c8a\" aria-expanded=\"true\" aria-label=\"Abrir la tabla de contenidos\"><svg aria-hidden=\"true\" class=\"e-font-icon-svg e-fas-chevron-down\" viewBox=\"0 0 448 512\" xmlns=\"http:\/\/www.w3.org\/2000\/svg\"><path d=\"M207.029 381.476L12.686 187.132c-9.373-9.373-9.373-24.569 0-33.941l22.667-22.667c9.357-9.357 24.522-9.375 33.901-.04L224 284.505l154.745-154.021c9.379-9.335 24.544-9.317 33.901.04l22.667 22.667c9.373 9.373 9.373 24.569 0 33.941L240.971 381.476c-9.373 9.372-24.569 9.372-33.942 0z\"><\/path><\/svg><\/div>\n\t\t\t\t<div class=\"elementor-toc__toggle-button elementor-toc__toggle-button--collapse\" role=\"button\" tabindex=\"0\" aria-controls=\"elementor-toc__3ba95c8a\" aria-expanded=\"true\" aria-label=\"Cerrar la tabla de contenidos\"><svg aria-hidden=\"true\" class=\"e-font-icon-svg e-fas-chevron-up\" viewBox=\"0 0 448 512\" xmlns=\"http:\/\/www.w3.org\/2000\/svg\"><path d=\"M240.971 130.524l194.343 194.343c9.373 9.373 9.373 24.569 0 33.941l-22.667 22.667c-9.357 9.357-24.522 9.375-33.901.04L224 227.495 69.255 381.516c-9.379 9.335-24.544 9.317-33.901-.04l-22.667-22.667c-9.373-9.373-9.373-24.569 0-33.941L207.03 130.525c9.372-9.373 24.568-9.373 33.941-.001z\"><\/path><\/svg><\/div>\n\t\t\t\t\t<\/div>\n\t\t\t\t<div id=\"elementor-toc__3ba95c8a\" class=\"elementor-toc__body\">\n\t\t\t<div class=\"elementor-toc__spinner-container\">\n\t\t\t\t<svg class=\"elementor-toc__spinner eicon-animation-spin e-font-icon-svg e-eicon-loading\" aria-hidden=\"true\" viewBox=\"0 0 1000 1000\" xmlns=\"http:\/\/www.w3.org\/2000\/svg\"><path d=\"M500 975V858C696 858 858 696 858 500S696 142 500 142 142 304 142 500H25C25 237 238 25 500 25S975 237 975 500 763 975 500 975Z\"><\/path><\/svg>\t\t\t<\/div>\n\t\t<\/div>\n\t\t\t\t\t\t<\/div>\n\t\t\t\t\t<\/div>\n\t\t<\/div>\n\t\t\t\t\t<\/div>\n\t\t<\/section>\n\t\t\t\t<\/div>\n\t\t\n<h2>Visi\u00f3n general de la indemnizaci\u00f3n por accidente laboral<\/h2>\n<p>Si nunca ha solicitado una indemnizaci\u00f3n por accidente de trabajo, quiz\u00e1 le interese conocer un poco este proceso.<a href=\"http:\/\/www.leg.state.fl.us\/statutes\/index.cfm?App_mode=Display_Statute&amp;URL=0400-0499\/0440\/0440ContentsIndex.html\" target=\"_blank\" rel=\"noopener\">Seguro de accidentes laborales<\/a> es simplemente una p\u00f3liza que le protege como trabajador. La paga el empresario.<\/p>\n<p>Si se lesiona en el trabajo o contrae alg\u00fan tipo de enfermedad, puede presentar una reclamaci\u00f3n para resolver sus problemas y que le paguen las facturas a trav\u00e9s de este seguro.<\/p>\n<p>Tambi\u00e9n cubrir\u00e1 una amplia variedad de otros aspectos relacionados con su trabajo, como los salarios perdidos, los gastos de desplazamiento para acudir a diferentes citas m\u00e9dicas, la terapia de rehabilitaci\u00f3n, la terapia continuada e incluso pagar\u00e1 las recetas m\u00e9dicas.<\/p>\n<p>En algunos casos, puedes recibir lo que se denomina una prestaci\u00f3n por incapacidad total temporal si el m\u00e9dico responsable considera que no puedes volver a trabajar. Por lo tanto, presentar una demanda de indemnizaci\u00f3n por accidente laboral es lo mejor que puede hacer si se ha lesionado en el trabajo y quiere resolver su situaci\u00f3n.<\/p>\n<p><a href=\"https:\/\/floridalawyers360.com\/wp-content\/uploads\/2024\/02\/brandon-workers-comp1-copy.webp\"><img fetchpriority=\"high\" decoding=\"async\" class=\"alignnone size-full wp-image-2831\" src=\"https:\/\/floridalawyers360.com\/wp-content\/uploads\/2024\/02\/brandon-workers-comp1-copy.webp\" alt=\"workplace injury | Brandon Workers' Compensation Lawyer\" width=\"500\" height=\"334\" srcset=\"https:\/\/floridalawyers360.com\/wp-content\/uploads\/2024\/02\/brandon-workers-comp1-copy.webp 500w, https:\/\/floridalawyers360.com\/wp-content\/uploads\/2024\/02\/brandon-workers-comp1-copy-300x200.webp 300w\" sizes=\"(max-width: 500px) 100vw, 500px\" \/><\/a><\/p>\n<h2>\u00bfQu\u00e9 Tan R\u00e1pido Debe Presentar Una Demanda Por Lesiones Laborales En Florida?<\/h2>\n<p>Es importante presentar su reclamo de compensaci\u00f3n de trabajadores inmediatamente. Cuanto antes lo haga, m\u00e1s r\u00e1pido recibir\u00e1 el tratamiento adecuado.<\/p>\n<p>Asimismo, al actuar con rapidez, pueden identificar f\u00e1cilmente c\u00f3mo se lesion\u00f3, y tambi\u00e9n habr\u00e1 testigos que recordar\u00e1n c\u00f3mo ocurri\u00f3 el incidente. Si est\u00e1 enfermo, podr\u00e1n se\u00f1alar la hora y el lugar exactos, por lo que ser\u00e1 muy f\u00e1cil rellenar su informe para explicar lo sucedido.<\/p>\n<p>Para iniciar este proceso, se pondr\u00e1 en contacto con su supervisor para contarle lo sucedido y, a continuaci\u00f3n, podr\u00e1n llevarle a un hospital para que reciba el tratamiento inmediato necesario.<\/p>\n<p>En el estado de Florida, los empresarios est\u00e1n obligados a ponerse en contacto con su proveedor de seguros de accidentes de trabajo inmediatamente despu\u00e9s de que usted haya presentado la denuncia. La \u00fanica vez que esto puede no ser as\u00ed es si hay carteles con el nombre de la compa\u00f1\u00eda de seguros, y su n\u00famero de tel\u00e9fono, proporcionados a los empleados para que hagan la llamada ellos mismos.<\/p>\n<p>En cualquier caso, en el plazo de siete d\u00edas, el empresario debe llamar para informar de lo ocurrido. A partir de ese momento, recibir\u00e1 informaci\u00f3n de la compa\u00f1\u00eda de seguros sobre lo que debe hacer a continuaci\u00f3n.<\/p>\n<h2>\u00bfQu\u00e9 debe hacer inmediatamente despu\u00e9s de sufrir un accidente laboral?<\/h2>\n<p>Es muy importante documentar todos los aspectos de lo ocurrido. Usted tendr\u00e1 que tomar fotos de su lesi\u00f3n, fotos de la ubicaci\u00f3n donde el incidente ha ocurrido, y tambi\u00e9n lo que puede haber causado su lesi\u00f3n.<\/p>\n<p>Tambi\u00e9n es importante hablar con los compa\u00f1eros de trabajo que hayan presenciado el incidente. Cuanta m\u00e1s informaci\u00f3n recoja y m\u00e1s detalles pueda registrar mientras los tenga frescos en su memoria, m\u00e1s importante ser\u00e1.<\/p>\n<p>Esto le permitir\u00e1 presentar una idea muy clara de lo sucedido para que se apruebe su reclamaci\u00f3n de indemnizaci\u00f3n por accidente laboral.<\/p>\n<h2>Proceso de Reclamos de Compensaci\u00f3n de Trabajadores de la Florida<\/h2>\n<p>La primera llamada que usted recibir\u00e1 vendr\u00e1 directamente del ajustador de reclamos del seguro. Este es un empleado del asociado de compensaci\u00f3n de trabajadores que trabaja directamente para esa compa\u00f1\u00eda de seguros.<\/p>\n<p>Ellos le explicaran cuales son sus responsabilidades, y cuales son sus derechos, y es importante que tome esta llamada si la ve en su tel\u00e9fono. Si no contesta y le dejan un mensaje, debe responder inmediatamente.<\/p>\n<p>A continuaci\u00f3n, recibir\u00e1 un sobre grande por correo. Tambi\u00e9n podr\u00eda ser una carta est\u00e1ndar con informaci\u00f3n espec\u00edfica.<\/p>\n<p>Esta informaci\u00f3n incluir\u00e1, como m\u00ednimo, la carta de notificaci\u00f3n. \u00c9sta proceder\u00e1 directamente del <a href=\"https:\/\/myfloridacfo.com\/Division\/wc\/employee\" target=\"_blank\" rel=\"noopener\">Oficina de Asistencia al Empleado Divisi\u00f3n de la Divisi\u00f3n de Compensaci\u00f3n de los Trabajadores<\/a>. Es necesario revisar el informe del accidente que tambi\u00e9n debe incluirse.<\/p>\n<p>Compara lo que hay escrito con el incidente real para ver si es exacto. Si no es as\u00ed, tendr\u00e1 que hacer los cambios de inmediato para que tengan la mejor comprensi\u00f3n de lo que ha sucedido.<\/p>\n<p>Por \u00faltimo, tambi\u00e9n pueden incluir una Declaraci\u00f3n de Fraude, una carta en la que se indica que sus prestaciones podr\u00edan ser retenidas a menos que devuelva este documento.<\/p>\n<p><a href=\"https:\/\/floridalawyers360.com\/wp-content\/uploads\/2024\/02\/brandon-workers-comp2-copy.webp\"><img decoding=\"async\" class=\"alignnone size-full wp-image-2830\" src=\"https:\/\/floridalawyers360.com\/wp-content\/uploads\/2024\/02\/brandon-workers-comp2-copy.webp\" alt=\"Filing workers' compensation claim\" width=\"500\" height=\"334\" srcset=\"https:\/\/floridalawyers360.com\/wp-content\/uploads\/2024\/02\/brandon-workers-comp2-copy.webp 500w, https:\/\/floridalawyers360.com\/wp-content\/uploads\/2024\/02\/brandon-workers-comp2-copy-300x200.webp 300w\" sizes=\"(max-width: 500px) 100vw, 500px\" \/><\/a><\/p>\n<h2>\u00bfPuede elegir su propio m\u00e9dico para una reclamaci\u00f3n de indemnizaci\u00f3n por accidente laboral?<\/h2>\n<p>Inicialmente, cuando ocurre la lesi\u00f3n, te llevar\u00e1n a la sala de emergencias m\u00e1s cercana si se trata de una situaci\u00f3n grave. Ese m\u00e9dico te examinar\u00e1, te tratar\u00e1 y luego har\u00e1 un informe sobre lo que observaron cuando llegaste.<\/p>\n<p>Sin embargo, esto no es la posici\u00f3n designada de compensaci\u00f3n de trabajadores. Usted debe ver a este individuo pues manejar\u00e1n todos los casos para su negocio particular.<\/p>\n<p>Son nombrados por la compa\u00f1\u00eda de seguros que proporciona la compensaci\u00f3n de trabajadores, y usted no puede elegir otro m\u00e9dico. Si la evaluaci\u00f3n del m\u00e9dico no le satisface, puede pedir una segunda opini\u00f3n.<\/p>\n<p>Sin embargo, en la mayor\u00eda de los casos, s\u00f3lo utilizar\u00e1n la informaci\u00f3n facilitada por el m\u00e9dico autorizado para determinar si re\u00fane los requisitos para la indemnizaci\u00f3n por accidente de trabajo.<\/p>\n<h3>\u00bfQu\u00e9 ocurre despu\u00e9s de la primera visita m\u00e9dica?<\/h3>\n<p>Inmediatamente despu\u00e9s de salir de este primer m\u00e9dico, a continuaci\u00f3n, p\u00f3ngase en contacto con su empleador. Debe hacerlo lo antes posible. Simplemente d\u00edgales lo que ha ocurrido, sea sincero, y d\u00edgales lo que este m\u00e9dico le ha dicho sobre su vuelta al trabajo.<\/p>\n<p>Si el m\u00e9dico le recomienda que no vuelva al trabajo, deber\u00e1 entregarle una copia de su evaluaci\u00f3n.<\/p>\n<p>Su empresa puede enviarle a casa y tambi\u00e9n puede intentar encontrar una forma de adaptarse a su estado. La empresa le pagar\u00e1 el salario \u00edntegro siempre que pueda trabajar en ese horario modificado.<\/p>\n<p>Esto les ayuda a ahorrar dinero e incluso puede evitar que tengas que presentar una demanda de indemnizaci\u00f3n por accidente de trabajo, ya que tienden a pagar tambi\u00e9n las facturas del m\u00e9dico.<\/p>\n<h2>\u00bfQu\u00e9 Beneficios Puede Recibir a Trav\u00e9s de la Compensaci\u00f3n al Trabajador?<\/h2>\n<p>En el estado de Florida, usted tiene derecho a muchas cosas como resultado de la presentaci\u00f3n de su reclamo de compensaci\u00f3n de trabajadores. Usted podr\u00eda calificar para lo que se llama beneficios de indemnizaci\u00f3n. Estos ser\u00e1n suyos para recibir si usted no es capaz de volver durante siete d\u00edas o m\u00e1s.<\/p>\n<p>El objetivo es compensarle por la p\u00e9rdida de ingresos al no poder trabajar como de costumbre. Esta cuant\u00eda nunca superar\u00e1 la indemnizaci\u00f3n m\u00e1xima para todo el a\u00f1o.<\/p>\n<p>En cambio, si va a estar de baja m\u00e1s de una semana entera, percibir\u00e1 dos tercios de su salario habitual. Esto comenzar\u00e1 a partir del octavo d\u00eda.<\/p>\n<p>Sin embargo, si se lesiona gravemente, podr\u00eda recibir hasta el 80% de su salario durante un m\u00e1ximo de dos a\u00f1os en forma de pagos por incapacidad parcial o pagos totales temporales.<\/p>\n<h2>\u00bfQu\u00e9 ocurre una vez transcurridos los dos a\u00f1os?<\/h2>\n<p>Si despu\u00e9s de dos a\u00f1os ya no puede volver a trabajar, podr\u00e1 recibir lo que se denomina servicios de reempleo. Estos son los beneficios que se proporcionan a aquellos que esencialmente tienen restricciones de trabajo permanente.<\/p>\n<p>Esto es posible gracias a la Oficina de Asistencia al Empleado. Puede encontrar esta informaci\u00f3n visitando la p\u00e1gina web de la Oficina de Asistencia al Empleado y la Secci\u00f3n de Servicios de Reempleo.<\/p>\n<p>Estas prestaciones incluir\u00e1n el an\u00e1lisis del puesto de trabajo, la formaci\u00f3n, la educaci\u00f3n, la capacitaci\u00f3n para la b\u00fasqueda de empleo y el asesoramiento profesional.<\/p>\n<p>Sin embargo, en cualquiera de estas situaciones, si usted encuentra que usted no est\u00e1 recibiendo sus beneficios, o su empleador no lo acepta de nuevo, puede que tenga que ponerse en contacto con un bufete de abogados de renombre en Brandon, Florida.<\/p>\n<p><a href=\"https:\/\/floridalawyers360.com\/wp-content\/uploads\/2024\/02\/bvrandon-workers-comp3-copy.webp\"><img decoding=\"async\" class=\"alignnone size-full wp-image-2829\" src=\"https:\/\/floridalawyers360.com\/wp-content\/uploads\/2024\/02\/bvrandon-workers-comp3-copy.webp\" alt=\"Can you sue your employer over workers' compensation issues\" width=\"500\" height=\"334\" srcset=\"https:\/\/floridalawyers360.com\/wp-content\/uploads\/2024\/02\/bvrandon-workers-comp3-copy.webp 500w, https:\/\/floridalawyers360.com\/wp-content\/uploads\/2024\/02\/bvrandon-workers-comp3-copy-300x200.webp 300w\" sizes=\"(max-width: 500px) 100vw, 500px\" \/><\/a><\/p>\n<h2>\u00bfPuede usted demandar a su empleador por asuntos relacionados con la Compensaci\u00f3n al Trabajador?<\/h2>\n<p>En el estado de Florida, usted no es capaz de simplemente presentar una demanda contra su empleador como resultado de lesiones o enfermedades que usted tiene debido a su trabajo.<\/p>\n<p>El prop\u00f3sito del seguro de Compensaci\u00f3n al Trabajador es ofrecerle una manera de recuperarse de su enfermedad o lesiones sin tener que pagar por el costo. Esto no se aplica a las personas que son contratistas independientes, que simplemente prestan servicios a la empresa sin ser empleados directos.<\/p>\n<p>Sin embargo, si usted est\u00e1 teniendo problemas con su reclamo de compensaci\u00f3n de trabajadores, abogados expertos podr\u00e1n ayudarle a recibir una compensaci\u00f3n para ayudarle a pagar por el tiempo perdido en el trabajo, los costos m\u00e9dicos y otros honorarios relacionados.<\/p>\n<h2>Haga su reclamo con nuestros abogados de compensaci\u00f3n al trabajador de Brandon<\/h2>\n<p>Es muy com\u00fan que las personas se pongan en contacto con un abogado de compensaci\u00f3n de trabajadores si est\u00e1n teniendo problemas con la presentaci\u00f3n de la Compensaci\u00f3n de Trabajadores. El simple hecho de recibir asesoramiento sobre lo que deben hacer debido a su situaci\u00f3n puede ayudarles a completar este proceso mucho m\u00e1s r\u00e1pido.<\/p>\n<p>Tambi\u00e9n pueden ponerse en contacto con estos abogados si no son capaces de recibir sus beneficios completos, beneficios parciales, o si han sido despedidos por su empleador.<\/p>\n<p>Tambi\u00e9n es posible que se haya denegado toda su reclamaci\u00f3n de indemnizaci\u00f3n por accidente de trabajo. Cualquier persona que experimenta estas dificultades debe ponerse en contacto con un abogado tan pronto como sea posible. Es por eso que muchas personas se han puesto en contacto con el bufete de abogados Florida Lawyers 360.<\/p>\n<p>Nuestra <a href=\"\/es\/brandon\/\">empresa de lesiones personales<\/a> podr\u00e1 ayudarle a recuperar la indemnizaci\u00f3n que merece, ll\u00e1menos al <a href=\"tel:+19544487355\"><i class=\"fa fa-phone-alt\"><\/i>954-448-7355<\/a>.<\/p>\n","protected":false},"excerpt":{"rendered":"<p>\u00bfSe ha lesionado recientemente en su trabajo? \u00bfSe pregunta qu\u00e9 hacer a continuaci\u00f3n? Tal vez haya dudado en comunicar su lesi\u00f3n. Hay muchas personas que creen que, si presentan una reclamaci\u00f3n de compensaci\u00f3n a los trabajadores, esto de alguna manera podr\u00eda poner en peligro su empleo. Si eso le preocupa, o si simplemente necesita asesoramiento [&hellip;]<\/p>\n","protected":false},"author":22,"featured_media":0,"parent":5684,"menu_order":0,"comment_status":"closed","ping_status":"closed","template":"","meta":{"_acf_changed":false,"anchor_text":"","footnotes":""},"categories":[],"tags":[],"class_list":["post-5695","page","type-page","status-publish","hentry"],"acf":[],"_links":{"self":[{"href":"https:\/\/floridalawyers360.com\/es\/wp-json\/wp\/v2\/pages\/5695","targetHints":{"allow":["GET"]}}],"collection":[{"href":"https:\/\/floridalawyers360.com\/es\/wp-json\/wp\/v2\/pages"}],"about":[{"href":"https:\/\/floridalawyers360.com\/es\/wp-json\/wp\/v2\/types\/page"}],"author":[{"embeddable":true,"href":"https:\/\/floridalawyers360.com\/es\/wp-json\/wp\/v2\/users\/22"}],"replies":[{"embeddable":true,"href":"https:\/\/floridalawyers360.com\/es\/wp-json\/wp\/v2\/comments?post=5695"}],"version-history":[{"count":4,"href":"https:\/\/floridalawyers360.com\/es\/wp-json\/wp\/v2\/pages\/5695\/revisions"}],"predecessor-version":[{"id":5699,"href":"https:\/\/floridalawyers360.com\/es\/wp-json\/wp\/v2\/pages\/5695\/revisions\/5699"}],"up":[{"embeddable":true,"href":"https:\/\/floridalawyers360.com\/es\/wp-json\/wp\/v2\/pages\/5684"}],"wp:attachment":[{"href":"https:\/\/floridalawyers360.com\/es\/wp-json\/wp\/v2\/media?parent=5695"}],"wp:term":[{"taxonomy":"category","embeddable":true,"href":"https:\/\/floridalawyers360.com\/es\/wp-json\/wp\/v2\/categories?post=5695"},{"taxonomy":"post_tag","embeddable":true,"href":"https:\/\/floridalawyers360.com\/es\/wp-json\/wp\/v2\/tags?post=5695"}],"curies":[{"name":"wp","href":"https:\/\/api.w.org\/{rel}","templated":true}]}}