{"id":5686,"date":"2024-02-13T15:47:57","date_gmt":"2024-02-13T20:47:57","guid":{"rendered":"https:\/\/floridalawyers360.com\/brandon\/personal-injury-lawyer\/"},"modified":"2024-03-10T06:16:27","modified_gmt":"2024-03-10T11:16:27","slug":"abogado-de-lesiones-personales","status":"publish","type":"page","link":"https:\/\/floridalawyers360.com\/es\/brandon\/abogado-de-lesiones-personales\/","title":{"rendered":"Brandon Abogado de lesiones personales"},"content":{"rendered":"<p>Si se encuentra en Florida y ha sufrido lesiones debido a la negligencia de otra parte o persona, es posible que necesite hablar con un abogado de lesiones personales de Brandon.<\/p>\n<p>Estos son los abogados que se especializan en lo que se llama derecho de responsabilidad civil, un tipo de experiencia legal que permite a los abogados para buscar acuerdos para aquellos que se lesionan como resultado de la negligencia de otra persona.<\/p>\n<p>Hay muchas circunstancias en las que una persona puede tener derecho a reclamar una indemnizaci\u00f3n a otra persona, o incluso a una empresa, por las lesiones sufridas.<\/p>\n<p>Para presentar una reclamaci\u00f3n por da\u00f1os y perjuicios, deber\u00e1 ponerse en contacto con un <a href=\"\/es\/brandon\/\">Brandon bufete de abogados de lesiones personales<\/a> que pueden ayudarle a preparar su caso. El mejor bufete de abogados para llamar es Florida Lawyers 360. He aqu\u00ed por qu\u00e9 usted debe hablar con ellos acerca de este tipo de caso.<\/p>\n\t\t<div data-elementor-type=\"section\" data-elementor-id=\"208\" class=\"elementor elementor-208\" data-elementor-post-type=\"elementor_library\">\n\t\t\t\t\t<section class=\"elementor-section elementor-top-section elementor-element elementor-element-485e576a elementor-section-boxed elementor-section-height-default elementor-section-height-default\" data-id=\"485e576a\" data-element_type=\"section\" data-e-type=\"section\">\n\t\t\t\t\t\t<div class=\"elementor-container elementor-column-gap-default\">\n\t\t\t\t\t<div class=\"elementor-column elementor-col-100 elementor-top-column elementor-element elementor-element-635c38c0\" data-id=\"635c38c0\" data-element_type=\"column\" data-e-type=\"column\">\n\t\t\t<div class=\"elementor-widget-wrap elementor-element-populated\">\n\t\t\t\t\t\t<div class=\"elementor-element elementor-element-3ba95c8a elementor-toc--minimized-on-tablet elementor-widget elementor-widget-table-of-contents\" data-id=\"3ba95c8a\" data-element_type=\"widget\" data-e-type=\"widget\" data-settings=\"{&quot;exclude_headings_by_selector&quot;:&quot;.toc-remove&quot;,&quot;headings_by_tags&quot;:[&quot;h2&quot;,&quot;h3&quot;],&quot;marker_view&quot;:&quot;numbers&quot;,&quot;no_headings_message&quot;:&quot;No se ha encontrado ning\\u00fan encabezado en esta p\\u00e1gina.&quot;,&quot;minimize_box&quot;:&quot;yes&quot;,&quot;minimized_on&quot;:&quot;tablet&quot;,&quot;hierarchical_view&quot;:&quot;yes&quot;,&quot;min_height&quot;:{&quot;unit&quot;:&quot;px&quot;,&quot;size&quot;:&quot;&quot;,&quot;sizes&quot;:[]},&quot;min_height_tablet&quot;:{&quot;unit&quot;:&quot;px&quot;,&quot;size&quot;:&quot;&quot;,&quot;sizes&quot;:[]},&quot;min_height_mobile&quot;:{&quot;unit&quot;:&quot;px&quot;,&quot;size&quot;:&quot;&quot;,&quot;sizes&quot;:[]}}\" data-widget_type=\"table-of-contents.default\">\n\t\t\t\t\t\t\t\t\t<div class=\"elementor-toc__header\">\n\t\t\t\t\t\t<div class=\"elementor-toc__header-title\">\n\t\t\t\tTable of Contents\t\t\t<\/div>\n\t\t\t\t\t\t\t\t\t\t<div class=\"elementor-toc__toggle-button elementor-toc__toggle-button--expand\" role=\"button\" tabindex=\"0\" aria-controls=\"elementor-toc__3ba95c8a\" aria-expanded=\"true\" aria-label=\"Abrir la tabla de contenidos\"><svg aria-hidden=\"true\" class=\"e-font-icon-svg e-fas-chevron-down\" viewBox=\"0 0 448 512\" xmlns=\"http:\/\/www.w3.org\/2000\/svg\"><path d=\"M207.029 381.476L12.686 187.132c-9.373-9.373-9.373-24.569 0-33.941l22.667-22.667c9.357-9.357 24.522-9.375 33.901-.04L224 284.505l154.745-154.021c9.379-9.335 24.544-9.317 33.901.04l22.667 22.667c9.373 9.373 9.373 24.569 0 33.941L240.971 381.476c-9.373 9.372-24.569 9.372-33.942 0z\"><\/path><\/svg><\/div>\n\t\t\t\t<div class=\"elementor-toc__toggle-button elementor-toc__toggle-button--collapse\" role=\"button\" tabindex=\"0\" aria-controls=\"elementor-toc__3ba95c8a\" aria-expanded=\"true\" aria-label=\"Cerrar la tabla de contenidos\"><svg aria-hidden=\"true\" class=\"e-font-icon-svg e-fas-chevron-up\" viewBox=\"0 0 448 512\" xmlns=\"http:\/\/www.w3.org\/2000\/svg\"><path d=\"M240.971 130.524l194.343 194.343c9.373 9.373 9.373 24.569 0 33.941l-22.667 22.667c-9.357 9.357-24.522 9.375-33.901.04L224 227.495 69.255 381.516c-9.379 9.335-24.544 9.317-33.901-.04l-22.667-22.667c-9.373-9.373-9.373-24.569 0-33.941L207.03 130.525c9.372-9.373 24.568-9.373 33.941-.001z\"><\/path><\/svg><\/div>\n\t\t\t\t\t<\/div>\n\t\t\t\t<div id=\"elementor-toc__3ba95c8a\" class=\"elementor-toc__body\">\n\t\t\t<div class=\"elementor-toc__spinner-container\">\n\t\t\t\t<svg class=\"elementor-toc__spinner eicon-animation-spin e-font-icon-svg e-eicon-loading\" aria-hidden=\"true\" viewBox=\"0 0 1000 1000\" xmlns=\"http:\/\/www.w3.org\/2000\/svg\"><path d=\"M500 975V858C696 858 858 696 858 500S696 142 500 142 142 304 142 500H25C25 237 238 25 500 25S975 237 975 500 763 975 500 975Z\"><\/path><\/svg>\t\t\t<\/div>\n\t\t<\/div>\n\t\t\t\t\t\t<\/div>\n\t\t\t\t\t<\/div>\n\t\t<\/div>\n\t\t\t\t\t<\/div>\n\t\t<\/section>\n\t\t\t\t<\/div>\n\t\t\n<h2>Razones para presentar una demanda por lesiones personales<\/h2>\n<p>Hay una multitud de razones por las que alguien debe buscar compensaci\u00f3n por las lesiones que han sufrido. Si se han visto perjudicados por una conducta intencionada, imprudente o negligente de otra persona o empresa, tienen todo el derecho a emprender alg\u00fan tipo de acci\u00f3n civil.<\/p>\n<p>En la mayor\u00eda de los casos, la acci\u00f3n legal se dirige en primer lugar contra la compa\u00f1\u00eda de seguros que asegura a la persona jur\u00eddica. Sin embargo, si se trata de un particular, puede reclamar una indemnizaci\u00f3n basada en el patrimonio de la persona que le caus\u00f3 el da\u00f1o.<\/p>\n<p><a href=\"https:\/\/floridalawyers360.com\/wp-content\/uploads\/2024\/02\/brandon-personal-injury3-copy.webp\"><img fetchpriority=\"high\" decoding=\"async\" class=\"alignnone size-full wp-image-2822\" src=\"https:\/\/floridalawyers360.com\/wp-content\/uploads\/2024\/02\/brandon-personal-injury3-copy.webp\" alt=\"Brandon personal injury lawyer\" width=\"500\" height=\"334\" srcset=\"https:\/\/floridalawyers360.com\/wp-content\/uploads\/2024\/02\/brandon-personal-injury3-copy.webp 500w, https:\/\/floridalawyers360.com\/wp-content\/uploads\/2024\/02\/brandon-personal-injury3-copy-300x200.webp 300w\" sizes=\"(max-width: 500px) 100vw, 500px\" \/><\/a><\/p>\n<h2>\u00bfC\u00f3mo saber si tiene un caso legalmente viable?<\/h2>\n<p>En la mayor\u00eda de los casos que se presentan, la negligencia es la raz\u00f3n principal por la que alguien va a reclamar una indemnizaci\u00f3n a otro individuo o empresa.<\/p>\n<p>En pocas palabras, la otra parte ten\u00eda el deber de realizar o actuar de una manera que se considera razonable, y debido a que el incumplimiento de ese deber, que puede ser considerado culpable y ser\u00e1 responsable en estos asuntos civiles.<\/p>\n<p>Las acciones por lesiones personales representan la mayor\u00eda de estos casos de negligencia, y estos casos pueden pertenecer a muchas categor\u00edas diferentes. Esto puede incluir acciones legales a causa de un accidente de coche, demandas por responsabilidad de productos, demandas por resbalones y ca\u00eddas, y las relacionadas con medicamentos farmac\u00e9uticos y negligencia m\u00e9dica.<\/p>\n<h2>\u00bfQu\u00e9 debe hacer inmediatamente despu\u00e9s de que se produzca la lesi\u00f3n?<\/h2>\n<p>El primer paso que debe dar una persona que ha sufrido lesiones es buscar tratamiento m\u00e9dico y empezar a documentarlo todo. Esto puede hacerse grabando un v\u00eddeo, haciendo fotos y grab\u00e1ndose a s\u00ed mismo hablando sobre el incidente que acaba de ocurrir.<\/p>\n<p>Es importante llamar a la polic\u00eda para que se haga un informe oficial del incidente que acaba de ocurrir.<\/p>\n<p>Por ejemplo, si te ves implicado en un accidente de coche, es imprescindible que saques fotos del lugar del accidente, de tus propias lesiones y que intercambies informaci\u00f3n con otras personas que tambi\u00e9n se hayan visto implicadas.<\/p>\n<p>Es de vital importancia que nunca declare que fue culpa suya. Una vez que haya hecho todo esto, ser\u00e1 el momento de ponerse en contacto con un abogado de lesiones personales.<\/p>\n<h2>\u00bfPor qu\u00e9 necesita un abogado?<\/h2>\n<p>Hay muchas razones por las que es necesario ponerse en contacto con un abogado de lesiones personales despu\u00e9s de que haya ocurrido uno de estos incidentes. En primer lugar, ellos sabr\u00e1n c\u00f3mo preparar el caso que usted presentar\u00e1 ante el tribunal para iniciar una acci\u00f3n civil.<\/p>\n<p>Adem\u00e1s, sabr\u00e1n qu\u00e9 papeles presentar, y una vez que se haya presentado ante el tribunal, la otra parte puede decidir llegar a un acuerdo.<\/p>\n<p>Pueden negociar la cantidad del acuerdo con sus abogados, e incluso si va a juicio, pueden proporcionarle ese tipo de representaci\u00f3n. Eso puede incluir la contrataci\u00f3n de detectives privados, la recopilaci\u00f3n de m\u00e1s pruebas, y a trav\u00e9s del proceso de descubrimiento hablar con los testigos que estaban all\u00ed.<\/p>\n<p>A continuaci\u00f3n, correlacionar toda esta informaci\u00f3n en lo que presentan ante el tribunal en un intento de ayudarle a obtener su soluci\u00f3n.<\/p>\n<p><a href=\"https:\/\/floridalawyers360.com\/wp-content\/uploads\/2024\/02\/brandon-personal-injury1-copy.webp\"><img decoding=\"async\" class=\"alignnone size-full wp-image-2821\" src=\"https:\/\/floridalawyers360.com\/wp-content\/uploads\/2024\/02\/brandon-personal-injury1-copy.webp\" alt=\"personal injury Lawyer\" width=\"500\" height=\"334\" srcset=\"https:\/\/floridalawyers360.com\/wp-content\/uploads\/2024\/02\/brandon-personal-injury1-copy.webp 500w, https:\/\/floridalawyers360.com\/wp-content\/uploads\/2024\/02\/brandon-personal-injury1-copy-300x200.webp 300w\" sizes=\"(max-width: 500px) 100vw, 500px\" \/><\/a><\/p>\n<h2>\u00bfQu\u00e9 tipo de indemnizaci\u00f3n por da\u00f1os y perjuicios puede obtener?<\/h2>\n<p>Aunque el acuerdo real puede variar sustancialmente, dependiendo del incidente, s\u00f3lo hay tres tipos de da\u00f1os que usted puede perseguir legalmente. Esto incluye da\u00f1os econ\u00f3micos, no econ\u00f3micos y punitivos en el estado de Florida.<\/p>\n<p>Los da\u00f1os econ\u00f3micos, as\u00ed como los da\u00f1os no econ\u00f3micos, o premios que se basan en el tipo de acuerdo que la v\u00edctima merece. Sin embargo, los da\u00f1os punitivos se colocan a menudo en la persona que fue negligente como una forma de castigarlos por causar el problema.<\/p>\n<h2>\u00bfEs necesario demostrar negligencia en Florida para recibir una indemnizaci\u00f3n civil?<\/h2>\n<p>En el estado de Florida, el demandante debe demostrar que el demandado ha incumplido su deber de proteger a los dem\u00e1s de cualquier da\u00f1o. Deben demostrar, m\u00e1s all\u00e1 de toda duda razonable, que sus acciones les colocaron en una situaci\u00f3n considerada de riesgo irrazonable.<\/p>\n<p>En segundo lugar, deben demostrar que el demandado incumpli\u00f3 de forma concluyente esta norma. En tercer lugar, deben demostrar claramente que sus lesiones fueron consecuencia de lo que hicieron.<\/p>\n<p>Es por eso que ponerse en contacto con un abogado de lesiones personales en Brandon, Florida, puede ser lo que usted necesita hacer para adquirir su arreglo. Ellos pueden ayudarle a probar que el demandado incumpli\u00f3 su deber de cuidado, caus\u00f3 el accidente, y tambi\u00e9n demostrar que los da\u00f1os que usted sufri\u00f3 fueron el resultado de sus acciones.<\/p>\n<h2>\u00bfCu\u00e1l es el plazo de prescripci\u00f3n para presentar una demanda por lesiones personales en Florida?<\/h2>\n<p>En Florida, desde la fecha del accidente, usted tiene un total de cuatro a\u00f1os para presentar su demanda. Hay una ley espec\u00edfica, <a href=\"http:\/\/www.leg.state.fl.us\/Statutes\/index.cfm?App_mode=Display_Statute&amp;URL=0000-0099\/0095\/Sections\/0095.11.html\" target=\"_blank\" rel=\"noopener\">Secci\u00f3n de los Estatutos de Florida Anotados 95.11(3)<\/a>, que establece que, una vez transcurrido ese plazo de cuatro a\u00f1os, el demandante ya no puede interponer recurso judicial.<\/p>\n<p><a href=\"https:\/\/floridalawyers360.com\/wp-content\/uploads\/2024\/02\/brandon-personal-injury2-copy.webp\"><img decoding=\"async\" class=\"alignnone size-full wp-image-2820\" src=\"https:\/\/floridalawyers360.com\/wp-content\/uploads\/2024\/02\/brandon-personal-injury2-copy.webp\" alt=\"what are the statute of limitations for filing a personal injury lawsuit\" width=\"500\" height=\"334\" srcset=\"https:\/\/floridalawyers360.com\/wp-content\/uploads\/2024\/02\/brandon-personal-injury2-copy.webp 500w, https:\/\/floridalawyers360.com\/wp-content\/uploads\/2024\/02\/brandon-personal-injury2-copy-300x200.webp 300w\" sizes=\"(max-width: 500px) 100vw, 500px\" \/><\/a><\/p>\n<h2>Programe una evaluaci\u00f3n gratuita de su caso con nuestros abogados de lesiones personales en Brandon<\/h2>\n<p>Si se est\u00e1 acercando a la marca de cuatro a\u00f1os para presentar su demanda por lesiones personales, podr\u00eda ser el momento de ponerse en contacto con un abogado. Nuestros abogados de lesiones personales podr\u00e1n ayudarle a preparar su caso, presentar esta informaci\u00f3n, y potencialmente ayudarle a obtener su acuerdo.<\/p>\n<p>Si a\u00fan no ha encontrado un bufete de abogados, sin duda considere ponerse en contacto con los expertos de Florida Lawyers 360 en [tel\u00e9fono]. Ellos han estado proporcionando ayuda para aquellos en estas situaciones durante a\u00f1os y estar\u00e1n m\u00e1s que encantados de escuchar su caso.<\/p>\n","protected":false},"excerpt":{"rendered":"<p>Si se encuentra en Florida y ha sufrido lesiones debido a la negligencia de otra parte o persona, es posible que necesite hablar con un abogado de lesiones personales de Brandon. Estos son los abogados que se especializan en lo que se llama derecho de responsabilidad civil, un tipo de experiencia legal que permite a [&hellip;]<\/p>\n","protected":false},"author":22,"featured_media":0,"parent":5684,"menu_order":0,"comment_status":"closed","ping_status":"closed","template":"","meta":{"_acf_changed":false,"anchor_text":"","footnotes":""},"categories":[],"tags":[],"class_list":["post-5686","page","type-page","status-publish","hentry"],"acf":[],"_links":{"self":[{"href":"https:\/\/floridalawyers360.com\/es\/wp-json\/wp\/v2\/pages\/5686","targetHints":{"allow":["GET"]}}],"collection":[{"href":"https:\/\/floridalawyers360.com\/es\/wp-json\/wp\/v2\/pages"}],"about":[{"href":"https:\/\/floridalawyers360.com\/es\/wp-json\/wp\/v2\/types\/page"}],"author":[{"embeddable":true,"href":"https:\/\/floridalawyers360.com\/es\/wp-json\/wp\/v2\/users\/22"}],"replies":[{"embeddable":true,"href":"https:\/\/floridalawyers360.com\/es\/wp-json\/wp\/v2\/comments?post=5686"}],"version-history":[{"count":4,"href":"https:\/\/floridalawyers360.com\/es\/wp-json\/wp\/v2\/pages\/5686\/revisions"}],"predecessor-version":[{"id":5690,"href":"https:\/\/floridalawyers360.com\/es\/wp-json\/wp\/v2\/pages\/5686\/revisions\/5690"}],"up":[{"embeddable":true,"href":"https:\/\/floridalawyers360.com\/es\/wp-json\/wp\/v2\/pages\/5684"}],"wp:attachment":[{"href":"https:\/\/floridalawyers360.com\/es\/wp-json\/wp\/v2\/media?parent=5686"}],"wp:term":[{"taxonomy":"category","embeddable":true,"href":"https:\/\/floridalawyers360.com\/es\/wp-json\/wp\/v2\/categories?post=5686"},{"taxonomy":"post_tag","embeddable":true,"href":"https:\/\/floridalawyers360.com\/es\/wp-json\/wp\/v2\/tags?post=5686"}],"curies":[{"name":"wp","href":"https:\/\/api.w.org\/{rel}","templated":true}]}}