{"id":5685,"date":"2024-02-13T15:46:43","date_gmt":"2024-02-13T20:46:43","guid":{"rendered":"https:\/\/floridalawyers360.com\/brandon\/brandon-abogado-de-accidente-de-coche\/"},"modified":"2024-02-13T15:46:43","modified_gmt":"2024-02-13T20:46:43","slug":"brandon-abogado-de-accidente-de-coche","status":"publish","type":"page","link":"https:\/\/floridalawyers360.com\/es\/brandon\/brandon-abogado-de-accidente-de-coche\/","title":{"rendered":"Brandon Abogado de Accidente de Coche"},"content":{"rendered":"<p>Estar implicado en un accidente de coche es algo en lo que a nadie le gusta pensar. Florida tiene su parte justa de accidentes con 328.670 choques y 213.913 personas heridas como resultado en 2015.<\/p>\n<p>Por mucho cuidado que se tenga en la carretera, existe la posibilidad de sufrir un accidente al menos una vez en la vida.<\/p>\n<p>Cuando se lesiona en un accidente de coche en Brandon Florida debido a la culpa de la otra parte, usted tiene derecho a reclamar una indemnizaci\u00f3n por sus lesiones a la compa\u00f1\u00eda de seguros del conductor culpable seg\u00fan la ley de Florida.<\/p>\n<p>La ley de lesiones personales de Florida es bastante complicada y s\u00f3lo debe ser interpretada por un abogado experto en lesiones personales. De hecho, en Florida se practica la negligencia comparativa pura, en la que cada parte implicada en el accidente puede reclamar una indemnizaci\u00f3n por sus lesiones.<\/p>\n<p>Pero el juez conceder\u00e1 la indemnizaci\u00f3n en funci\u00f3n de la implicaci\u00f3n de cada parte en el accidente. Por ejemplo, si se considera que una determinada parte es responsable del 40% de la causa del accidente, el juez o el jurado decidir\u00e1n concederle s\u00f3lo el 60% del importe total de la indemnizaci\u00f3n.<\/p>\n<p>Es por eso que usted necesita contratar al mejor abogado de accidente de coche Brandon para preparar y presentar su reclamo.<\/p>\n<p>Florida Lawyers 360 es un nombre de confianza en la Florida para todas sus demandas por lesiones personales, incluyendo accidentes de coche. Nuestro equipo de abogados expertos en lesiones personales est\u00e1 al d\u00eda con los \u00faltimos agravios de la ley de lesiones personales en Florida.<\/p>\n<p>Sabemos c\u00f3mo preparar y presentar su caso de tal manera que el juez o el jurado tenga que pagar la mayor indemnizaci\u00f3n por sus lesiones.<\/p>\n<p>Tenemos experiencia en negociar con las compa\u00f1\u00edas de seguros y en llevar los casos a juicio si la compa\u00f1\u00eda de seguros se niega a pagar la indemnizaci\u00f3n que usted justamente merece.<\/p>\n<p>Llame a Florida Lawyers 360 al <a href=\"tel:+19544487355\"><i class=\"fa fa-phone-alt\"><\/i>954-448-7355<\/a> contratar a los mejores <a href=\"\/brandon\/personal-injury-lawyer\/\">abogado de lesiones personales en Brandon<\/a> FL para manejar su caso de accidente de coche y obtener la m\u00e1xima compensaci\u00f3n por sus lesiones.<\/p>\n\t\t<div data-elementor-type=\"section\" data-elementor-id=\"208\" class=\"elementor elementor-208\" data-elementor-post-type=\"elementor_library\">\n\t\t\t\t\t<section class=\"elementor-section elementor-top-section elementor-element elementor-element-485e576a elementor-section-boxed elementor-section-height-default elementor-section-height-default\" data-id=\"485e576a\" data-element_type=\"section\" data-e-type=\"section\">\n\t\t\t\t\t\t<div class=\"elementor-container elementor-column-gap-default\">\n\t\t\t\t\t<div class=\"elementor-column elementor-col-100 elementor-top-column elementor-element elementor-element-635c38c0\" data-id=\"635c38c0\" data-element_type=\"column\" data-e-type=\"column\">\n\t\t\t<div class=\"elementor-widget-wrap elementor-element-populated\">\n\t\t\t\t\t\t<div class=\"elementor-element elementor-element-3ba95c8a elementor-toc--minimized-on-tablet elementor-widget elementor-widget-table-of-contents\" data-id=\"3ba95c8a\" data-element_type=\"widget\" data-e-type=\"widget\" data-settings=\"{&quot;exclude_headings_by_selector&quot;:&quot;.toc-remove&quot;,&quot;headings_by_tags&quot;:[&quot;h2&quot;,&quot;h3&quot;],&quot;marker_view&quot;:&quot;numbers&quot;,&quot;no_headings_message&quot;:&quot;No headings were found on this page.&quot;,&quot;minimize_box&quot;:&quot;yes&quot;,&quot;minimized_on&quot;:&quot;tablet&quot;,&quot;hierarchical_view&quot;:&quot;yes&quot;,&quot;min_height&quot;:{&quot;unit&quot;:&quot;px&quot;,&quot;size&quot;:&quot;&quot;,&quot;sizes&quot;:[]},&quot;min_height_tablet&quot;:{&quot;unit&quot;:&quot;px&quot;,&quot;size&quot;:&quot;&quot;,&quot;sizes&quot;:[]},&quot;min_height_mobile&quot;:{&quot;unit&quot;:&quot;px&quot;,&quot;size&quot;:&quot;&quot;,&quot;sizes&quot;:[]}}\" data-widget_type=\"table-of-contents.default\">\n\t\t\t\t\t\t\t\t\t<div class=\"elementor-toc__header\">\n\t\t\t\t\t\t<div class=\"elementor-toc__header-title\">\n\t\t\t\tTable of Contents\t\t\t<\/div>\n\t\t\t\t\t\t\t\t\t\t<div class=\"elementor-toc__toggle-button elementor-toc__toggle-button--expand\" role=\"button\" tabindex=\"0\" aria-controls=\"elementor-toc__3ba95c8a\" aria-expanded=\"true\" aria-label=\"Open table of contents\"><svg aria-hidden=\"true\" class=\"e-font-icon-svg e-fas-chevron-down\" viewBox=\"0 0 448 512\" xmlns=\"http:\/\/www.w3.org\/2000\/svg\"><path d=\"M207.029 381.476L12.686 187.132c-9.373-9.373-9.373-24.569 0-33.941l22.667-22.667c9.357-9.357 24.522-9.375 33.901-.04L224 284.505l154.745-154.021c9.379-9.335 24.544-9.317 33.901.04l22.667 22.667c9.373 9.373 9.373 24.569 0 33.941L240.971 381.476c-9.373 9.372-24.569 9.372-33.942 0z\"><\/path><\/svg><\/div>\n\t\t\t\t<div class=\"elementor-toc__toggle-button elementor-toc__toggle-button--collapse\" role=\"button\" tabindex=\"0\" aria-controls=\"elementor-toc__3ba95c8a\" aria-expanded=\"true\" aria-label=\"Close table of contents\"><svg aria-hidden=\"true\" class=\"e-font-icon-svg e-fas-chevron-up\" viewBox=\"0 0 448 512\" xmlns=\"http:\/\/www.w3.org\/2000\/svg\"><path d=\"M240.971 130.524l194.343 194.343c9.373 9.373 9.373 24.569 0 33.941l-22.667 22.667c-9.357 9.357-24.522 9.375-33.901.04L224 227.495 69.255 381.516c-9.379 9.335-24.544 9.317-33.901-.04l-22.667-22.667c-9.373-9.373-9.373-24.569 0-33.941L207.03 130.525c9.372-9.373 24.568-9.373 33.941-.001z\"><\/path><\/svg><\/div>\n\t\t\t\t\t<\/div>\n\t\t\t\t<div id=\"elementor-toc__3ba95c8a\" class=\"elementor-toc__body\">\n\t\t\t<div class=\"elementor-toc__spinner-container\">\n\t\t\t\t<svg class=\"elementor-toc__spinner eicon-animation-spin e-font-icon-svg e-eicon-loading\" aria-hidden=\"true\" viewBox=\"0 0 1000 1000\" xmlns=\"http:\/\/www.w3.org\/2000\/svg\"><path d=\"M500 975V858C696 858 858 696 858 500S696 142 500 142 142 304 142 500H25C25 237 238 25 500 25S975 237 975 500 763 975 500 975Z\"><\/path><\/svg>\t\t\t<\/div>\n\t\t<\/div>\n\t\t\t\t\t\t<\/div>\n\t\t\t\t\t<\/div>\n\t\t<\/div>\n\t\t\t\t\t<\/div>\n\t\t<\/section>\n\t\t\t\t<\/div>\n\t\t\n<h2>\u00bfCu\u00e1nto cuesta un abogado de accidente de coche?<\/h2>\n<p>Florida Lawyers 360 abogados de accidentes de coche trabajan en un no-ganar-no-honorarios o de contingencia. No le cobramos nada a menos que ganemos el pleito por usted. Una vez que ganemos su caso, tendr\u00e1 que pagar un porcentaje acordado de la indemnizaci\u00f3n que reciba.<\/p>\n<p><a href=\"https:\/\/floridalawyers360.com\/wp-content\/uploads\/2024\/02\/brandon-car-accident1-copy.webp\"><img fetchpriority=\"high\" decoding=\"async\" class=\"alignnone size-full wp-image-2811\" src=\"https:\/\/floridalawyers360.com\/wp-content\/uploads\/2024\/02\/brandon-car-accident1-copy.webp\" alt=\"Brandon Car Accident Lawyer\" width=\"500\" height=\"334\" srcset=\"https:\/\/floridalawyers360.com\/wp-content\/uploads\/2024\/02\/brandon-car-accident1-copy.webp 500w, https:\/\/floridalawyers360.com\/wp-content\/uploads\/2024\/02\/brandon-car-accident1-copy-300x200.webp 300w\" sizes=\"(max-width: 500px) 100vw, 500px\" \/><\/a><\/p>\n<h2>Qu\u00e9 debe hacer tras un accidente de tr\u00e1fico<\/h2>\n<p>Un accidente de coche es un suceso bastante estresante. A nadie le gusta imaginarse una situaci\u00f3n en la que se ve implicado en un accidente de tr\u00e1fico. Cuando una persona se ve implicada en un accidente de tr\u00e1fico, siente inmediatamente un subid\u00f3n de adrenalina y empieza a entrar en p\u00e1nico.<\/p>\n<p>De hecho, es posible que no sepa qu\u00e9 hacer poco despu\u00e9s de un accidente en esas circunstancias. \u00c9stos son algunos de los pasos m\u00e1s importantes que debe tomar poco despu\u00e9s de un accidente de coche en Brandon.<\/p>\n<h3>Garantizar la seguridad de todos los implicados<\/h3>\n<p>Comprueba c\u00f3mo est\u00e1n las otras partes implicadas y no abandones el lugar. Si usted o alguien resulta herido como consecuencia del accidente, busque ayuda m\u00e9dica. La mayor\u00eda de las veces, es posible que no sienta ning\u00fan dolor poco despu\u00e9s del accidente debido al subid\u00f3n de adrenalina.<\/p>\n<p>Pero debes buscar asistencia m\u00e9dica aunque las lesiones sean leves. Conserve todos los historiales m\u00e9dicos, ya que son importantes a la hora de presentar una demanda por lesiones personales.<\/p>\n<h3>Notificar el accidente<\/h3>\n<p>P\u00f3ngase en contacto con la polic\u00eda y notif\u00edqueselo. Obt\u00e9n una copia del informe policial cuando est\u00e9 disponible en la comisar\u00eda local. Le ayudar\u00e1 cuando decida presentar una demanda por lesiones personales contra la parte culpable.<\/p>\n<h3>Registrar el accidente<\/h3>\n<p>Si tienes un smartphone, puedes hacer fotos o grabar en v\u00eddeo la escena. Estas im\u00e1genes ayudar\u00e1n a su abogado a la hora de presentar el caso.<\/p>\n<h3>Obtenga informaci\u00f3n para el otro conductor y los testigos<\/h3>\n<p>Intercambia informaci\u00f3n con el otro conductor. Consigue el n\u00famero de carn\u00e9, los datos del seguro, el nombre, la direcci\u00f3n y la informaci\u00f3n de contacto del otro conductor y facil\u00edtale tus datos. Consigue los nombres y datos de contacto de los testigos del accidente.<\/p>\n<h3>Contactar con un abogado<\/h3>\n<p>No admita la culpa del accidente hasta que llame a un abogado de lesiones personales en Florida Lawyers 360. Ofrecemos sesiones de consulta gratuitas en las que puede discutir el caso con el abogado y saber si tiene una demanda v\u00e1lida contra la parte culpable.<\/p>\n<p><a href=\"https:\/\/floridalawyers360.com\/wp-content\/uploads\/2024\/02\/brandon-car-accident2-copy.webp\"><img decoding=\"async\" class=\"alignnone size-full wp-image-2812\" src=\"https:\/\/floridalawyers360.com\/wp-content\/uploads\/2024\/02\/brandon-car-accident2-copy.webp\" alt=\"abogado de accidente de coche\" width=\"500\" height=\"334\" srcset=\"https:\/\/floridalawyers360.com\/wp-content\/uploads\/2024\/02\/brandon-car-accident2-copy.webp 500w, https:\/\/floridalawyers360.com\/wp-content\/uploads\/2024\/02\/brandon-car-accident2-copy-300x200.webp 300w\" sizes=\"(max-width: 500px) 100vw, 500px\" \/><\/a><\/p>\n<h2>\u00bfCu\u00e1l es el promedio de liquidaci\u00f3n de un accidente de coche en la Florida?<\/h2>\n<p>La indemnizaci\u00f3n media por accidente de coche en el estado de Florida es de aproximadamente 15.000 d\u00f3lares. Si las lesiones de la v\u00edctima son graves, la indemnizaci\u00f3n puede ser mayor, y si son leves, menor.<\/p>\n<p>Su abogado es la persona m\u00e1s indicada para evaluar su caso y determinar cu\u00e1nta indemnizaci\u00f3n puede solicitar en funci\u00f3n de sus necesidades actuales y futuras.<\/p>\n<h2>\u00bfCu\u00e1ndo debo buscar un abogado para mi accidente de coche?<\/h2>\n<p>Cuanto antes, mejor. Si es posible, debe ponerse en contacto con un abogado el mismo d\u00eda de la colisi\u00f3n o pocos d\u00edas despu\u00e9s. De hecho, a\u00fan puede contratar a un abogado si espera m\u00e1s tiempo. Pero lo mejor es hacerlo inmediatamente para presentar la demanda antes de que prescriba.<\/p>\n<h2>\u00bfPor qu\u00e9 necesita un abogado?<\/h2>\n<p>Un abogado especializado en lesiones personales puede ayudarle a obtener la m\u00e1xima indemnizaci\u00f3n por sus lesiones. La ley de lesiones personales de Florida es bastante complicada y debe ser interpretada por un abogado experto y con experiencia en lesiones personales o accidentes de tr\u00e1fico.<\/p>\n<p>Florida practica la negligencia comparativa pura, en la que todas las partes implicadas en el accidente pueden reclamar una indemnizaci\u00f3n en funci\u00f3n de su participaci\u00f3n en la causa del accidente. He aqu\u00ed por qu\u00e9 usted necesita un abogado para manejar su caso de accidente de coche en Brandon, Florida.<\/p>\n<p>Nuestros abogados en Florida Lawyers 360 tienen mucha experiencia en la preparaci\u00f3n y presentaci\u00f3n de demandas por lesiones personales. Hemos tramitado cientos de casos de este tipo en nombre de nuestros clientes y hemos obtenido millones de d\u00f3lares en su favor.<\/p>\n<p>Nuestro experto equipo de abogados de lesiones personales tiene experiencia en la negociaci\u00f3n con las compa\u00f1\u00edas de seguros. Negociaremos su acuerdo con la compa\u00f1\u00eda de seguros de la parte responsable.<\/p>\n<p>Si la compa\u00f1\u00eda de seguros no ofrece la indemnizaci\u00f3n m\u00e1xima que usted se merece, nuestro equipo llevar\u00e1 su caso a juicio para obtener la m\u00e1xima indemnizaci\u00f3n por sus lesiones. Tenemos experiencia en preparaci\u00f3n y presentaci\u00f3n de juicios.<\/p>\n<h2>\u00bfCu\u00e1nto puedo esperar recibir por mis da\u00f1os?<\/h2>\n<p>Su acuerdo de accidente de coche en la Florida depende de muchos factores, incluyendo la gravedad de sus lesiones, la culpa legal en el caso, y la capacidad de la parte culpable de pagar su reclamo.<\/p>\n<p>El acuerdo promedio de accidente de coche en el estado es de alrededor de $ 15.000, y sus da\u00f1os pueden ser m\u00e1s o menos dependiendo de las caracter\u00edsticas espec\u00edficas de su demanda por lesiones personales. Su abogado especializado en lesiones personales es la persona m\u00e1s indicada para evaluar el caso y darle una cifra fiable.<\/p>\n<h2>\u00bfQu\u00e9 tipo de da\u00f1os puedo recuperar a trav\u00e9s de una demanda por accidente de coche en Brandon?<\/h2>\n<p>La ley de Florida le permite recuperar dos tipos b\u00e1sicos de da\u00f1os por sus lesiones como son los da\u00f1os punitivos y compensatorios.<\/p>\n<ul>\n<li>Los da\u00f1os compensatorios se dividen en dos categor\u00edas: econ\u00f3micos y no econ\u00f3micos.<\/li>\n<li>Los da\u00f1os econ\u00f3micos pueden incluir gastos m\u00e9dicos pasados\/presentes\/futuros, p\u00e9rdida de ingresos debida a sus lesiones y p\u00e9rdida de calidad de vida.<\/li>\n<li>Non-economic damages include emotional\/mental distress, pain, and suffering.<\/li>\n<\/ul>\n<p>&nbsp;<\/p>\n<p>Los da\u00f1os punitivos tienen por objeto castigar el comportamiento de la parte culpable. De hecho, los da\u00f1os punitivos se conceden a la v\u00edctima para disuadir a otras personas de comportarse imprudentemente al volante.<\/p>\n<p><a href=\"https:\/\/floridalawyers360.com\/wp-content\/uploads\/2024\/02\/brandon-car-accident-lawyer3-copy.webp\"><img decoding=\"async\" class=\"alignnone size-full wp-image-2813\" src=\"https:\/\/floridalawyers360.com\/wp-content\/uploads\/2024\/02\/brandon-car-accident-lawyer3-copy.webp\" alt=\"notificaci\u00f3n de un accidente de tr\u00e1fico\" width=\"500\" height=\"334\" srcset=\"https:\/\/floridalawyers360.com\/wp-content\/uploads\/2024\/02\/brandon-car-accident-lawyer3-copy.webp 500w, https:\/\/floridalawyers360.com\/wp-content\/uploads\/2024\/02\/brandon-car-accident-lawyer3-copy-300x200.webp 300w\" sizes=\"(max-width: 500px) 100vw, 500px\" \/><\/a><\/p>\n<h2>\u00bfC\u00f3mo se determina la culpa en Florida?<\/h2>\n<p>Florida es un estado que practica <a href=\"https:\/\/www.claimsjournal.com\/news\/national\/2013\/09\/05\/235755.htm\" target=\"_blank\" rel=\"noopener\">negligencia comparativa pura<\/a>. Cada parte implicada en el accidente puede reclamar una indemnizaci\u00f3n por sus lesiones en funci\u00f3n de su implicaci\u00f3n en la causa del accidente. Si su implicaci\u00f3n en el accidente es del 45%, s\u00f3lo se le conceder\u00e1 el 65% del importe total de la indemnizaci\u00f3n.<\/p>\n<p>La v\u00edctima necesita probar cuatro elementos importantes para reclamar una indemnizaci\u00f3n a la parte responsable:<\/p>\n<ol>\n<li>La parte culpable ten\u00eda un deber de cuidado hacia la v\u00edctima<\/li>\n<li>La parte culpable incumpli\u00f3 el deber de diligencia<\/li>\n<li>El accidente se produjo debido a esta infracci\u00f3n<\/li>\n<li>El demandante sufri\u00f3 lesiones como consecuencia directa del accidente y no de otra forma<\/li>\n<\/ol>\n<h2>\u00bfCu\u00e1nto tiempo tengo para presentar una demanda por accidente de coche en la Florida?<\/h2>\n<p>La ley de prescripci\u00f3n de Florida entra en vigor en cuatro a\u00f1os. Debe presentar la demanda por lesiones personales contra la parte culpable en un plazo de cuatro a\u00f1os a partir de la fecha del accidente. Si no, resulta casi imposible presentar una demanda en Florida.<\/p>\n<h2>\u00bfC\u00f3mo puede ayudarme un abogado a presentar mi reclamaci\u00f3n al seguro?<\/h2>\n<p>Florida complica el proceso de obtener una indemnizaci\u00f3n tras sufrir lesiones en un accidente de tr\u00e1fico. Un abogado con experiencia le ayudar\u00e1 a gestionar todos los aspectos de la reclamaci\u00f3n al seguro y har\u00e1 que la situaci\u00f3n sea mucho m\u00e1s manejable para usted.<\/p>\n<p>La mayor\u00eda de las compa\u00f1\u00edas de seguros esperan que les notifiques el accidente en un plazo determinado. Debe informar a la compa\u00f1\u00eda de seguros tan pronto como pueda hacerlo. Su abogado es la persona m\u00e1s indicada para tratar con la compa\u00f1\u00eda de seguros y obtener la m\u00e1xima indemnizaci\u00f3n para usted.<\/p>\n<h2>\u00bfY si el otro conductor no tiene seguro?<\/h2>\n<p>En tales circunstancias, es posible que tenga que recurrir a su propia compa\u00f1\u00eda de seguros para cubrir los da\u00f1os. Sin embargo, en su p\u00f3liza de seguro de autom\u00f3vil debe contar con una cobertura adicional conocida como cobertura de motorista no asegurado.<\/p>\n<h2>Presente su reclamaci\u00f3n con nuestros abogados de accidentes de coche Brandon<\/h2>\n<p>Cuando sufre lesiones en un accidente de tr\u00e1fico en Florida por culpa de otra persona, tiene derecho a reclamar una indemnizaci\u00f3n a la parte responsable. Debe contratar a los mejores <a href=\"\/brandon\/\">empresa de lesiones personales en Brandon<\/a> para llevar su caso y obtener la m\u00e1xima indemnizaci\u00f3n por sus lesiones.<\/p>\n<p>Llame a Florida Lawyers 360 al <a href=\"tel:+19544487355\"><i class=\"fa fa-phone-alt\"><\/i>954-448-7355<\/a> para contratar al mejor abogado de lesiones personales en Brandon, FL para manejar su caso de accidente de coche y obtener la m\u00e1xima compensaci\u00f3n por sus lesiones.<\/p>\n","protected":false},"excerpt":{"rendered":"<p>Estar implicado en un accidente de coche es algo en lo que a nadie le gusta pensar. Florida tiene su parte justa de accidentes con 328.670 choques y 213.913 personas heridas como resultado en 2015. Por mucho cuidado que se tenga en la carretera, existe la posibilidad de sufrir un accidente al menos una vez [&hellip;]<\/p>\n","protected":false},"author":22,"featured_media":0,"parent":5684,"menu_order":0,"comment_status":"closed","ping_status":"closed","template":"","meta":{"_acf_changed":false,"anchor_text":"","footnotes":""},"categories":[],"tags":[],"class_list":["post-5685","page","type-page","status-publish","hentry"],"acf":[],"_links":{"self":[{"href":"https:\/\/floridalawyers360.com\/es\/wp-json\/wp\/v2\/pages\/5685","targetHints":{"allow":["GET"]}}],"collection":[{"href":"https:\/\/floridalawyers360.com\/es\/wp-json\/wp\/v2\/pages"}],"about":[{"href":"https:\/\/floridalawyers360.com\/es\/wp-json\/wp\/v2\/types\/page"}],"author":[{"embeddable":true,"href":"https:\/\/floridalawyers360.com\/es\/wp-json\/wp\/v2\/users\/22"}],"replies":[{"embeddable":true,"href":"https:\/\/floridalawyers360.com\/es\/wp-json\/wp\/v2\/comments?post=5685"}],"version-history":[{"count":0,"href":"https:\/\/floridalawyers360.com\/es\/wp-json\/wp\/v2\/pages\/5685\/revisions"}],"up":[{"embeddable":true,"href":"https:\/\/floridalawyers360.com\/es\/wp-json\/wp\/v2\/pages\/5684"}],"wp:attachment":[{"href":"https:\/\/floridalawyers360.com\/es\/wp-json\/wp\/v2\/media?parent=5685"}],"wp:term":[{"taxonomy":"category","embeddable":true,"href":"https:\/\/floridalawyers360.com\/es\/wp-json\/wp\/v2\/categories?post=5685"},{"taxonomy":"post_tag","embeddable":true,"href":"https:\/\/floridalawyers360.com\/es\/wp-json\/wp\/v2\/tags?post=5685"}],"curies":[{"name":"wp","href":"https:\/\/api.w.org\/{rel}","templated":true}]}}