{"id":5684,"date":"2024-02-08T11:37:45","date_gmt":"2024-02-08T16:37:45","guid":{"rendered":"https:\/\/floridalawyers360.com\/brandon\/"},"modified":"2024-03-11T00:48:38","modified_gmt":"2024-03-11T05:48:38","slug":"brandon","status":"publish","type":"page","link":"https:\/\/floridalawyers360.com\/es\/brandon\/","title":{"rendered":"Brandon"},"content":{"rendered":"<p>Si usted se encuentra en un accidente de coche, que sufren de una lesi\u00f3n personal, o hacer frente a un incidente en el lugar de trabajo en Brandon, Florida Abogados 360 est\u00e1 listo para ayudarle. Damos prioridad a tratarle con respeto y compasi\u00f3n, asegur\u00e1ndonos de que usted no sea un n\u00famero m\u00e1s del caso.<\/p>\n<p>Nuestra dedicaci\u00f3n radica en lograr resultados \u00f3ptimos tanto para usted como para sus seres queridos.<\/p>\n<p>Con un historial de asegurar millones en compensaci\u00f3n para nuestros clientes, puede confiar en nosotros para luchar en\u00e9rgicamente contra las compa\u00f1\u00edas de seguros en su nombre. Esto le permite concentrarse en su recuperaci\u00f3n mientras nosotros nos ocupamos de las complejidades legales.<\/p>\n<p>P\u00f3ngase en contacto con nosotros para una consulta gratuita en cualquier momento, de d\u00eda o de noche.<\/p>\n","protected":false},"excerpt":{"rendered":"<p>Si usted se encuentra en un accidente de coche, que sufren de una lesi\u00f3n personal, o hacer frente a un incidente en el lugar de trabajo en Brandon, Florida Abogados 360 est\u00e1 listo para ayudarle. Damos prioridad a tratarle con respeto y compasi\u00f3n, asegur\u00e1ndonos de que usted no sea un n\u00famero m\u00e1s del caso. Nuestra [&hellip;]<\/p>\n","protected":false},"author":22,"featured_media":3451,"parent":0,"menu_order":0,"comment_status":"closed","ping_status":"closed","template":"","meta":{"_acf_changed":false,"anchor_text":"","footnotes":""},"categories":[],"tags":[],"class_list":["post-5684","page","type-page","status-publish","has-post-thumbnail","hentry"],"acf":[],"_links":{"self":[{"href":"https:\/\/floridalawyers360.com\/es\/wp-json\/wp\/v2\/pages\/5684","targetHints":{"allow":["GET"]}}],"collection":[{"href":"https:\/\/floridalawyers360.com\/es\/wp-json\/wp\/v2\/pages"}],"about":[{"href":"https:\/\/floridalawyers360.com\/es\/wp-json\/wp\/v2\/types\/page"}],"author":[{"embeddable":true,"href":"https:\/\/floridalawyers360.com\/es\/wp-json\/wp\/v2\/users\/22"}],"replies":[{"embeddable":true,"href":"https:\/\/floridalawyers360.com\/es\/wp-json\/wp\/v2\/comments?post=5684"}],"version-history":[{"count":1,"href":"https:\/\/floridalawyers360.com\/es\/wp-json\/wp\/v2\/pages\/5684\/revisions"}],"predecessor-version":[{"id":5709,"href":"https:\/\/floridalawyers360.com\/es\/wp-json\/wp\/v2\/pages\/5684\/revisions\/5709"}],"wp:featuredmedia":[{"embeddable":true,"href":"https:\/\/floridalawyers360.com\/es\/wp-json\/wp\/v2\/media\/3451"}],"wp:attachment":[{"href":"https:\/\/floridalawyers360.com\/es\/wp-json\/wp\/v2\/media?parent=5684"}],"wp:term":[{"taxonomy":"category","embeddable":true,"href":"https:\/\/floridalawyers360.com\/es\/wp-json\/wp\/v2\/categories?post=5684"},{"taxonomy":"post_tag","embeddable":true,"href":"https:\/\/floridalawyers360.com\/es\/wp-json\/wp\/v2\/tags?post=5684"}],"curies":[{"name":"wp","href":"https:\/\/api.w.org\/{rel}","templated":true}]}}